{"id":2747,"date":"2025-10-17T09:13:02","date_gmt":"2025-10-17T09:13:02","guid":{"rendered":"https:\/\/mountlaser.com\/?post_type=product&#038;p=2747"},"modified":"2025-11-28T06:22:58","modified_gmt":"2025-11-28T06:22:58","slug":"gph1p-accurate-reflective-prism","status":"publish","type":"product","link":"https:\/\/mountlaser.com\/de\/produkt\/gph1p-accurate-reflective-prism\/","title":{"rendered":"GPH1P Pr\u00e4zisions-Reflexionsprisma"},"content":{"rendered":"<p><a href=\"https:\/\/mountlaser.com\/de\/\"><strong>GPH1P Einzelprismenbaugruppe<\/strong><\/a>Pr\u00e4zisionstechnik f\u00fcr anspruchsvolle Vermessungen<\/p>\n<p>Erleben Sie au\u00dfergew\u00f6hnliche Messgenauigkeit mit der GPH1P Einzelprismenbaugruppe, einem hochwertigen Reflexionsprisma, das f\u00fcr professionelle Vermessungsanwendungen entwickelt wurde.<br \/>\nDas <a href=\"https:\/\/mountlaser.com\/de\/about-us\/\"><strong>GPH1P Hochpr\u00e4zisions-Kreisprisma mit Halterung<\/strong><\/a> Die GPH1P-Einzelprismenbaugruppe vereint robuste Bauweise mit \u00fcberragender optischer Leistung und liefert so zuverl\u00e4ssige Ergebnisse auch unter anspruchsvollen Feldbedingungen. Entwickelt, um h\u00f6chste Standards zu erf\u00fcllen, gew\u00e4hrleistet die GPH1P-Einzelprismenbaugruppe eine konsistente und qualitativ hochwertige Datenerfassung f\u00fcr Ihre wichtigsten Projekte.<\/p>\n<p><img fetchpriority=\"high\" decoding=\"async\" class=\"aligncenter wp-image-2751\" src=\"https:\/\/mountlaser.com\/wp-content\/uploads\/2025\/10\/GPH1P-4.webp\" alt=\"GPH1P Single Prism Assembly \" width=\"500\" height=\"500\" srcset=\"https:\/\/mountlaser.com\/wp-content\/uploads\/2025\/10\/GPH1P-4.webp 1000w, https:\/\/mountlaser.com\/wp-content\/uploads\/2025\/10\/GPH1P-4-300x300.webp 300w, https:\/\/mountlaser.com\/wp-content\/uploads\/2025\/10\/GPH1P-4-400x400.webp 400w, https:\/\/mountlaser.com\/wp-content\/uploads\/2025\/10\/GPH1P-4-800x800.webp 800w, https:\/\/mountlaser.com\/wp-content\/uploads\/2025\/10\/GPH1P-4-600x600.webp 600w, https:\/\/mountlaser.com\/wp-content\/uploads\/2025\/10\/GPH1P-4-150x150.webp 150w, https:\/\/mountlaser.com\/wp-content\/uploads\/2025\/10\/GPH1P-4-768x768.webp 768w, https:\/\/mountlaser.com\/wp-content\/uploads\/2025\/10\/GPH1P-4-12x12.webp 12w\" sizes=\"(max-width: 500px) 100vw, 500px\" \/><\/p>\n<p>Verf\u00fcgt \u00fcber ein pr\u00e4zises 64-mm-Prisma mit w\u00e4hlbarer Genauigkeit von 2 oder 3-4 Sekunden f\u00fcr verschiedene Anwendungsanforderungen<\/p>\n<p>Sicher montiert in einer robusten Metallhalterung f\u00fcr erh\u00f6hte Stabilit\u00e4t und langfristige Zuverl\u00e4ssigkeit<\/p>","protected":false},"excerpt":{"rendered":"<ul>\n<li>Beinhaltet einen konstanten 0-mm-Offset f\u00fcr vereinfachte Einrichtung und konsistente Messreferenzierung.<\/li>\n<li>Ausgestattet mit einem doppelten, kupferbeschichteten Prisma mit blauer Beschichtung f\u00fcr \u00fcberlegene Signalr\u00fcckf\u00fchrung und Messgenauigkeit<\/li>\n<li>Inklusive sch\u00fctzender Tragetasche f\u00fcr sichere Aufbewahrung und Transport<\/li>\n<\/ul>","protected":false},"featured_media":2751,"comment_status":"open","ping_status":"closed","template":"","meta":[],"product_brand":[],"product_cat":[72,103],"product_tag":[],"class_list":{"0":"post-2747","1":"product","2":"type-product","3":"status-publish","4":"has-post-thumbnail","6":"product_cat-reflective-target-prism","7":"product_cat-prism-assembly","9":"first","10":"instock","11":"shipping-taxable","12":"product-type-simple"},"_links":{"self":[{"href":"https:\/\/mountlaser.com\/de\/wp-json\/wp\/v2\/product\/2747","targetHints":{"allow":["GET"]}}],"collection":[{"href":"https:\/\/mountlaser.com\/de\/wp-json\/wp\/v2\/product"}],"about":[{"href":"https:\/\/mountlaser.com\/de\/wp-json\/wp\/v2\/types\/product"}],"replies":[{"embeddable":true,"href":"https:\/\/mountlaser.com\/de\/wp-json\/wp\/v2\/comments?post=2747"}],"wp:featuredmedia":[{"embeddable":true,"href":"https:\/\/mountlaser.com\/de\/wp-json\/wp\/v2\/media\/2751"}],"wp:attachment":[{"href":"https:\/\/mountlaser.com\/de\/wp-json\/wp\/v2\/media?parent=2747"}],"wp:term":[{"taxonomy":"product_brand","embeddable":true,"href":"https:\/\/mountlaser.com\/de\/wp-json\/wp\/v2\/product_brand?post=2747"},{"taxonomy":"product_cat","embeddable":true,"href":"https:\/\/mountlaser.com\/de\/wp-json\/wp\/v2\/product_cat?post=2747"},{"taxonomy":"product_tag","embeddable":true,"href":"https:\/\/mountlaser.com\/de\/wp-json\/wp\/v2\/product_tag?post=2747"}],"curies":[{"name":"wp","href":"https:\/\/api.w.org\/{rel}","templated":true}]}}