{"id":2706,"date":"2025-10-17T07:31:39","date_gmt":"2025-10-17T07:31:39","guid":{"rendered":"https:\/\/mountlaser.com\/?post_type=product&#038;p=2706"},"modified":"2025-11-28T06:32:37","modified_gmt":"2025-11-28T06:32:37","slug":"z14trb-american-style-prism-assembly","status":"publish","type":"product","link":"https:\/\/mountlaser.com\/de\/produkt\/z14trb-american-style-prism-assembly\/","title":{"rendered":"Z14TRB Prismenbaugruppe im amerikanischen Stil"},"content":{"rendered":"<p><a href=\"https:\/\/mountlaser.com\/de\/\"><strong>Z14TRB Prismenbaugruppe im amerikanischen Stil<\/strong><\/a>: Der <a href=\"https:\/\/mountlaser.com\/de\/products\/\"><strong>Hochpr\u00e4zises Gro\u00dfzielprisma<\/strong><\/a><\/p>\n<p>Die Z14TRB Prismenbaugruppe im amerikanischen Stil wurde f\u00fcr Vermesser entwickelt, die kompromisslose Leistung fordern, und gilt als erstklassiges, hochpr\u00e4zises Gro\u00dfzielprisma.<br \/>\nDieser Ganzmetallbeh\u00e4lter, der f\u00fcr eine makellose Konstruktion pr\u00e4zisionsgefertigt per CNC-Fr\u00e4se hergestellt wurde, ist so konstruiert, dass er auch unter anspruchsvollsten Bedingungen zuverl\u00e4ssige Daten liefert.<\/p>\n<p><img fetchpriority=\"high\" decoding=\"async\" class=\"aligncenter wp-image-2708\" src=\"https:\/\/mountlaser.com\/wp-content\/uploads\/2025\/10\/Z14TRB-2.webp\" alt=\"High Accuracy Large Target Prism\" width=\"500\" height=\"500\" srcset=\"https:\/\/mountlaser.com\/wp-content\/uploads\/2025\/10\/Z14TRB-2.webp 1000w, https:\/\/mountlaser.com\/wp-content\/uploads\/2025\/10\/Z14TRB-2-300x300.webp 300w, https:\/\/mountlaser.com\/wp-content\/uploads\/2025\/10\/Z14TRB-2-400x400.webp 400w, https:\/\/mountlaser.com\/wp-content\/uploads\/2025\/10\/Z14TRB-2-800x800.webp 800w, https:\/\/mountlaser.com\/wp-content\/uploads\/2025\/10\/Z14TRB-2-600x600.webp 600w, https:\/\/mountlaser.com\/wp-content\/uploads\/2025\/10\/Z14TRB-2-150x150.webp 150w, https:\/\/mountlaser.com\/wp-content\/uploads\/2025\/10\/Z14TRB-2-768x768.webp 768w, https:\/\/mountlaser.com\/wp-content\/uploads\/2025\/10\/Z14TRB-2-12x12.webp 12w\" sizes=\"(max-width: 500px) 100vw, 500px\" \/><\/p>\n<p>Ausgestattet mit einem gro\u00dfen, silberbeschichteten 48-mm-Prisma, das eine au\u00dfergew\u00f6hnliche Signalr\u00fcckmeldung und eine wahlweise 2- oder 3-4-Sekunden-Genauigkeit bietet.<\/p>\n<p>Ausgestattet mit einem weiblichen 5\/8\u2033-11-Adapter aus Edelstahl, der einen sicheren Sitz auf jeder Standard-Prismenstange oder jedem Adapter gew\u00e4hrleistet.<\/p>\n<p>Konzipiert mit einem Versatz von -35 mm und einer Neigungsachsenh\u00f6he von 135 mm f\u00fcr vielseitige Positionierung in komplexen Vermessungsszenarien.<\/p>","protected":false},"excerpt":{"rendered":"<ul>\n<li>Die Z14TRB Prismenanordnung im amerikanischen Stil verf\u00fcgt \u00fcber ein gro\u00dfes Ziel und ein silberbeschichtetes Prisma, das konsistente und qualitativ hochwertige Messungen gew\u00e4hrleistet.<\/li>\n<li>Inklusive praktischer Tragetasche f\u00fcr sicheren Transport und Aufbewahrung.<\/li>\n<\/ul>","protected":false},"featured_media":2711,"comment_status":"open","ping_status":"closed","template":"","meta":[],"product_brand":[],"product_cat":[72,103],"product_tag":[],"class_list":{"0":"post-2706","1":"product","2":"type-product","3":"status-publish","4":"has-post-thumbnail","6":"product_cat-reflective-target-prism","7":"product_cat-prism-assembly","9":"first","10":"instock","11":"shipping-taxable","12":"product-type-simple"},"_links":{"self":[{"href":"https:\/\/mountlaser.com\/de\/wp-json\/wp\/v2\/product\/2706","targetHints":{"allow":["GET"]}}],"collection":[{"href":"https:\/\/mountlaser.com\/de\/wp-json\/wp\/v2\/product"}],"about":[{"href":"https:\/\/mountlaser.com\/de\/wp-json\/wp\/v2\/types\/product"}],"replies":[{"embeddable":true,"href":"https:\/\/mountlaser.com\/de\/wp-json\/wp\/v2\/comments?post=2706"}],"wp:featuredmedia":[{"embeddable":true,"href":"https:\/\/mountlaser.com\/de\/wp-json\/wp\/v2\/media\/2711"}],"wp:attachment":[{"href":"https:\/\/mountlaser.com\/de\/wp-json\/wp\/v2\/media?parent=2706"}],"wp:term":[{"taxonomy":"product_brand","embeddable":true,"href":"https:\/\/mountlaser.com\/de\/wp-json\/wp\/v2\/product_brand?post=2706"},{"taxonomy":"product_cat","embeddable":true,"href":"https:\/\/mountlaser.com\/de\/wp-json\/wp\/v2\/product_cat?post=2706"},{"taxonomy":"product_tag","embeddable":true,"href":"https:\/\/mountlaser.com\/de\/wp-json\/wp\/v2\/product_tag?post=2706"}],"curies":[{"name":"wp","href":"https:\/\/api.w.org\/{rel}","templated":true}]}}