{"id":2684,"date":"2025-10-16T09:19:22","date_gmt":"2025-10-16T09:19:22","guid":{"rendered":"https:\/\/mountlaser.com\/?post_type=product&#038;p=2684"},"modified":"2025-11-28T06:40:43","modified_gmt":"2025-11-28T06:40:43","slug":"z14ue-prism-assembly","status":"publish","type":"product","link":"https:\/\/mountlaser.com\/de\/produkt\/z14ue-prism-assembly\/","title":{"rendered":"Z14UE Prismenbaugruppe"},"content":{"rendered":"<p>Z14UE <a href=\"https:\/\/mountlaser.com\/de\/\"><strong>Erweiterte Prismenanordnung<\/strong><\/a>Un\u00fcbertroffene Stabilit\u00e4t f\u00fcr Pr\u00e4zisionsvermessungen<\/p>\n<p>Erleben Sie mit dem n\u00e4chsten Level an Vermessungsstabilit\u00e4t die n\u00e4chste Stufe der <strong><a href=\"https:\/\/mountlaser.com\/de\/products\/\">Z14UE Prismenbaugruppe<\/a>y<\/strong>, eine au\u00dfergew\u00f6hnliche, gro\u00dffl\u00e4chige Metallprismenanordnung, die f\u00fcr anspruchsvolle Feldbedingungen entwickelt wurde.<\/p>\n<p>&nbsp;<\/p>\n<p><img fetchpriority=\"high\" decoding=\"async\" class=\"aligncenter wp-image-2688\" src=\"https:\/\/mountlaser.com\/wp-content\/uploads\/2025\/10\/Z14UE-BY-4.webp\" alt=\"Widened Prism Assembly \" width=\"500\" height=\"500\" srcset=\"https:\/\/mountlaser.com\/wp-content\/uploads\/2025\/10\/Z14UE-BY-4.webp 1000w, https:\/\/mountlaser.com\/wp-content\/uploads\/2025\/10\/Z14UE-BY-4-300x300.webp 300w, https:\/\/mountlaser.com\/wp-content\/uploads\/2025\/10\/Z14UE-BY-4-400x400.webp 400w, https:\/\/mountlaser.com\/wp-content\/uploads\/2025\/10\/Z14UE-BY-4-800x800.webp 800w, https:\/\/mountlaser.com\/wp-content\/uploads\/2025\/10\/Z14UE-BY-4-600x600.webp 600w, https:\/\/mountlaser.com\/wp-content\/uploads\/2025\/10\/Z14UE-BY-4-150x150.webp 150w, https:\/\/mountlaser.com\/wp-content\/uploads\/2025\/10\/Z14UE-BY-4-768x768.webp 768w, https:\/\/mountlaser.com\/wp-content\/uploads\/2025\/10\/Z14UE-BY-4-12x12.webp 12w\" sizes=\"(max-width: 500px) 100vw, 500px\" \/><\/p>\n<p>Diese im japanischen Stil gefertigte, verbreiterte Prismenbaugruppe zeichnet sich durch ihre pr\u00e4zise Verarbeitung und ihr innovatives Design aus und bietet so h\u00f6chste Leistung. Sie ist in zwei gut sichtbaren, farbcodierten Modellen erh\u00e4ltlich: der Prismenbaugruppe Z14UE-BR (gro\u00df-rot) und der Prismenbaugruppe Z14UE-RY (gro\u00df-gelb). Dies gew\u00e4hrleistet eine einfache Identifizierung und ein effizientes Workflow-Management auf jeder Baustelle.<\/p>","protected":false},"excerpt":{"rendered":"<ul>\n<li>Die Grundlage dieser erweiterten Prismenanordnung ist ihre einzigartig gestaltete breite Basis.<\/li>\n<li>Diese gro\u00dfe, verbreiterte Metallprismenanordnung reduziert das Schwanken drastisch und erh\u00f6ht die Gesamtsteifigkeit, was zu einer zuverl\u00e4ssigeren Datenerfassung f\u00fchrt.<\/li>\n<li>Robuste Konstruktion und flexible Konfiguration<\/li>\n<\/ul>","protected":false},"featured_media":2686,"comment_status":"open","ping_status":"closed","template":"","meta":[],"product_brand":[],"product_cat":[72,103],"product_tag":[],"class_list":{"0":"post-2684","1":"product","2":"type-product","3":"status-publish","4":"has-post-thumbnail","6":"product_cat-reflective-target-prism","7":"product_cat-prism-assembly","9":"first","10":"instock","11":"shipping-taxable","12":"product-type-simple"},"_links":{"self":[{"href":"https:\/\/mountlaser.com\/de\/wp-json\/wp\/v2\/product\/2684","targetHints":{"allow":["GET"]}}],"collection":[{"href":"https:\/\/mountlaser.com\/de\/wp-json\/wp\/v2\/product"}],"about":[{"href":"https:\/\/mountlaser.com\/de\/wp-json\/wp\/v2\/types\/product"}],"replies":[{"embeddable":true,"href":"https:\/\/mountlaser.com\/de\/wp-json\/wp\/v2\/comments?post=2684"}],"wp:featuredmedia":[{"embeddable":true,"href":"https:\/\/mountlaser.com\/de\/wp-json\/wp\/v2\/media\/2686"}],"wp:attachment":[{"href":"https:\/\/mountlaser.com\/de\/wp-json\/wp\/v2\/media?parent=2684"}],"wp:term":[{"taxonomy":"product_brand","embeddable":true,"href":"https:\/\/mountlaser.com\/de\/wp-json\/wp\/v2\/product_brand?post=2684"},{"taxonomy":"product_cat","embeddable":true,"href":"https:\/\/mountlaser.com\/de\/wp-json\/wp\/v2\/product_cat?post=2684"},{"taxonomy":"product_tag","embeddable":true,"href":"https:\/\/mountlaser.com\/de\/wp-json\/wp\/v2\/product_tag?post=2684"}],"curies":[{"name":"wp","href":"https:\/\/api.w.org\/{rel}","templated":true}]}}