{"id":2676,"date":"2025-10-16T09:09:21","date_gmt":"2025-10-16T09:09:21","guid":{"rendered":"https:\/\/mountlaser.com\/?post_type=product&#038;p=2676"},"modified":"2025-11-28T06:42:40","modified_gmt":"2025-11-28T06:42:40","slug":"z14sk-prism-assembly","status":"publish","type":"product","link":"https:\/\/mountlaser.com\/de\/produkt\/z14sk-prism-assembly\/","title":{"rendered":"Z14SK Prismenbaugruppe"},"content":{"rendered":"<p><a href=\"https:\/\/mountlaser.com\/de\/about-us\/\"><strong>Z14SK Neues Metallprismen-Set<\/strong><\/a>Langlebigkeit trifft auf Pr\u00e4zision<\/p>\n<p>Verbessern Sie Ihre Vermessungsf\u00e4higkeiten mit dem<a href=\"https:\/\/mountlaser.com\/de\/\"><strong> Z14SK Prismenbaugruppe<\/strong><\/a>, Ein robustes Prismenset aus neuem Metall im japanischen Stil, entwickelt f\u00fcr h\u00f6chste Belastbarkeit und Pr\u00e4zision selbst unter h\u00e4rtesten Bedingungen. Dieses Set bietet Vermessern ein zuverl\u00e4ssiges und langlebiges Werkzeug und ist in zwei gut sichtbaren Farbvarianten zur einfachen Identifizierung erh\u00e4ltlich: das Prismenset Z14SK-RR (Rot-Rot) und das Prismenset Z14SK-YY (Gelb-Gelb).<\/p>\n<p>&nbsp;<\/p>\n<p><img fetchpriority=\"high\" decoding=\"async\" class=\"wp-image-2681 aligncenter\" src=\"https:\/\/mountlaser.com\/wp-content\/uploads\/2025\/10\/Z14SK-RR-1.webp\" alt=\"New Metal Prism Set \" width=\"500\" height=\"500\" srcset=\"https:\/\/mountlaser.com\/wp-content\/uploads\/2025\/10\/Z14SK-RR-1.webp 1000w, https:\/\/mountlaser.com\/wp-content\/uploads\/2025\/10\/Z14SK-RR-1-300x300.webp 300w, https:\/\/mountlaser.com\/wp-content\/uploads\/2025\/10\/Z14SK-RR-1-400x400.webp 400w, https:\/\/mountlaser.com\/wp-content\/uploads\/2025\/10\/Z14SK-RR-1-800x800.webp 800w, https:\/\/mountlaser.com\/wp-content\/uploads\/2025\/10\/Z14SK-RR-1-600x600.webp 600w, https:\/\/mountlaser.com\/wp-content\/uploads\/2025\/10\/Z14SK-RR-1-150x150.webp 150w, https:\/\/mountlaser.com\/wp-content\/uploads\/2025\/10\/Z14SK-RR-1-768x768.webp 768w, https:\/\/mountlaser.com\/wp-content\/uploads\/2025\/10\/Z14SK-RR-1-12x12.webp 12w\" sizes=\"(max-width: 500px) 100vw, 500px\" \/><\/p>\n<p>Als hochwertiges neues Metallprismen-Set ist das Z14SK mit einem pr\u00e4zisen 64-mm-Prisma ausgestattet und bietet verschiedene Genauigkeitsoptionen \u2013 2\u2033, 3\u20134\u2033 oder 5\u20138\u2033 \u2013 um den vielf\u00e4ltigen Anforderungen unterschiedlichster Projekte gerecht zu werden, von hochpr\u00e4zisen Steuerungsnetzen bis hin zu allgemeinen Bauabsteckungen. Seine St\u00e4rke liegt im integrierten Edelstahl-Innengewinde 5\/8\u2033-11, das volle Kompatibilit\u00e4t mit Standard-Prismenstangen und -Adaptern gew\u00e4hrleistet und gleichzeitig hervorragende Korrosions- und Verschlei\u00dfbest\u00e4ndigkeit bietet.<\/p>","protected":false},"excerpt":{"rendered":"<ul>\n<li>Die eindeutige Farbkennzeichnung hilft, Verwechslungen vor Ort zu vermeiden und die Effizienz des Teams zu steigern.<\/li>\n<li>Das komplette New Metal Prism Set wird mit einer praktischen Tragetasche geliefert und ist somit bestens f\u00fcr sicheren Transport und \u00fcbersichtliche Aufbewahrung ausgestattet.<\/li>\n<li>So stellen wir sicher, dass Ihre Investition gesch\u00fctzt ist und jederzeit einsatzbereit ist.<\/li>\n<\/ul>","protected":false},"featured_media":2677,"comment_status":"open","ping_status":"closed","template":"","meta":[],"product_brand":[],"product_cat":[72,103],"product_tag":[],"class_list":{"0":"post-2676","1":"product","2":"type-product","3":"status-publish","4":"has-post-thumbnail","6":"product_cat-reflective-target-prism","7":"product_cat-prism-assembly","9":"first","10":"instock","11":"shipping-taxable","12":"product-type-simple"},"_links":{"self":[{"href":"https:\/\/mountlaser.com\/de\/wp-json\/wp\/v2\/product\/2676","targetHints":{"allow":["GET"]}}],"collection":[{"href":"https:\/\/mountlaser.com\/de\/wp-json\/wp\/v2\/product"}],"about":[{"href":"https:\/\/mountlaser.com\/de\/wp-json\/wp\/v2\/types\/product"}],"replies":[{"embeddable":true,"href":"https:\/\/mountlaser.com\/de\/wp-json\/wp\/v2\/comments?post=2676"}],"wp:featuredmedia":[{"embeddable":true,"href":"https:\/\/mountlaser.com\/de\/wp-json\/wp\/v2\/media\/2677"}],"wp:attachment":[{"href":"https:\/\/mountlaser.com\/de\/wp-json\/wp\/v2\/media?parent=2676"}],"wp:term":[{"taxonomy":"product_brand","embeddable":true,"href":"https:\/\/mountlaser.com\/de\/wp-json\/wp\/v2\/product_brand?post=2676"},{"taxonomy":"product_cat","embeddable":true,"href":"https:\/\/mountlaser.com\/de\/wp-json\/wp\/v2\/product_cat?post=2676"},{"taxonomy":"product_tag","embeddable":true,"href":"https:\/\/mountlaser.com\/de\/wp-json\/wp\/v2\/product_tag?post=2676"}],"curies":[{"name":"wp","href":"https:\/\/api.w.org\/{rel}","templated":true}]}}