{"id":2668,"date":"2025-10-16T08:59:36","date_gmt":"2025-10-16T08:59:36","guid":{"rendered":"https:\/\/mountlaser.com\/?post_type=product&#038;p=2668"},"modified":"2025-11-28T06:43:47","modified_gmt":"2025-11-28T06:43:47","slug":"z14pt-prism-assembly","status":"publish","type":"product","link":"https:\/\/mountlaser.com\/de\/produkt\/z14pt-prism-assembly\/","title":{"rendered":"Z14PT Prismenbaugruppe"},"content":{"rendered":"<p><a href=\"https:\/\/mountlaser.com\/de\/\"><strong>Z14PT Prismenbaugruppe<\/strong><\/a>Die ultimative Hochpr\u00e4zisions-Prismenbaugruppe<\/p>\n<p>Verbessern Sie Ihre Vermessungsarbeiten mit der Z14PT Prismenbaugruppe, einem hochwertigen Instrument im japanischen Stil, das f\u00fcr Anwendungen entwickelt wurde, bei denen es auf kleinste Fehlertoleranzen ankommt. Dieses Produkt ist mit gr\u00f6\u00dfter Sorgfalt gefertigt und ein echtes Pr\u00e4zisionsinstrument. <a href=\"https:\/\/mountlaser.com\/de\/about-us\/\"><strong>Hochpr\u00e4zise Prismenbaugruppe<\/strong><\/a>, Es bietet un\u00fcbertroffene Genauigkeit und Zuverl\u00e4ssigkeit f\u00fcr kritische Messaufgaben. Es ist die ideale Wahl f\u00fcr Vermesser, die h\u00f6chste Datenintegrit\u00e4t von ihren Ger\u00e4ten erwarten.<\/p>\n<p><img fetchpriority=\"high\" decoding=\"async\" class=\"aligncenter wp-image-2673\" src=\"https:\/\/mountlaser.com\/wp-content\/uploads\/2025\/10\/Z14PT-5.webp\" alt=\"High Precision Prism Assembly\" width=\"500\" height=\"500\" srcset=\"https:\/\/mountlaser.com\/wp-content\/uploads\/2025\/10\/Z14PT-5.webp 1000w, https:\/\/mountlaser.com\/wp-content\/uploads\/2025\/10\/Z14PT-5-300x300.webp 300w, https:\/\/mountlaser.com\/wp-content\/uploads\/2025\/10\/Z14PT-5-400x400.webp 400w, https:\/\/mountlaser.com\/wp-content\/uploads\/2025\/10\/Z14PT-5-800x800.webp 800w, https:\/\/mountlaser.com\/wp-content\/uploads\/2025\/10\/Z14PT-5-600x600.webp 600w, https:\/\/mountlaser.com\/wp-content\/uploads\/2025\/10\/Z14PT-5-150x150.webp 150w, https:\/\/mountlaser.com\/wp-content\/uploads\/2025\/10\/Z14PT-5-768x768.webp 768w, https:\/\/mountlaser.com\/wp-content\/uploads\/2025\/10\/Z14PT-5-12x12.webp 12w\" sizes=\"(max-width: 500px) 100vw, 500px\" \/><\/p>\n<p>Das Herzst\u00fcck dieser Baugruppe ist ein hochwertiges 64-mm-Prisma, das mit w\u00e4hlbaren Genauigkeitsstufen von 2\u2033, 3\u20134\u2033 oder 5\u20138\u2033 erh\u00e4ltlich ist. Diese Flexibilit\u00e4t erm\u00f6glicht es Ihnen, die exakt ben\u00f6tigte Pr\u00e4zision f\u00fcr Ihr Projekt festzulegen \u2013 von der Einrichtung prim\u00e4rer Kontrollnetze bis hin zu pr\u00e4zisen technischen Zeichnungen. Die Z14PT-Prismenbaugruppe ist auf dauerhafte Leistung ausgelegt und verf\u00fcgt \u00fcber einen robusten Edelstahladapter mit einem standardm\u00e4\u00dfigen 5\/8\u2033-11-Innengewinde. Dies gew\u00e4hrleistet universelle Kompatibilit\u00e4t und einen sicheren Sitz auf allen g\u00e4ngigen Vermessungsstangen.<\/p>","protected":false},"excerpt":{"rendered":"<ul>\n<li>Mit einem standardm\u00e4\u00dfigen Versatz von 0 mm eignet sich die Baugruppe perfekt f\u00fcr eine breite Palette allgemeiner und pr\u00e4ziser Vermessungsanwendungen.<\/li>\n<li>Jede Einheit wird mit einer sch\u00fctzenden Tragetasche geliefert.<\/li>\n<li>Sicherstellen, dass die Z14PT-Prismenbaugruppe w\u00e4hrend Transport und Lagerung vor Besch\u00e4digungen gesch\u00fctzt bleibt und jederzeit einsatzbereit ist.<\/li>\n<\/ul>","protected":false},"featured_media":2672,"comment_status":"open","ping_status":"closed","template":"","meta":[],"product_brand":[],"product_cat":[72,103],"product_tag":[],"class_list":{"0":"post-2668","1":"product","2":"type-product","3":"status-publish","4":"has-post-thumbnail","6":"product_cat-reflective-target-prism","7":"product_cat-prism-assembly","9":"first","10":"instock","11":"shipping-taxable","12":"product-type-simple"},"_links":{"self":[{"href":"https:\/\/mountlaser.com\/de\/wp-json\/wp\/v2\/product\/2668","targetHints":{"allow":["GET"]}}],"collection":[{"href":"https:\/\/mountlaser.com\/de\/wp-json\/wp\/v2\/product"}],"about":[{"href":"https:\/\/mountlaser.com\/de\/wp-json\/wp\/v2\/types\/product"}],"replies":[{"embeddable":true,"href":"https:\/\/mountlaser.com\/de\/wp-json\/wp\/v2\/comments?post=2668"}],"wp:featuredmedia":[{"embeddable":true,"href":"https:\/\/mountlaser.com\/de\/wp-json\/wp\/v2\/media\/2672"}],"wp:attachment":[{"href":"https:\/\/mountlaser.com\/de\/wp-json\/wp\/v2\/media?parent=2668"}],"wp:term":[{"taxonomy":"product_brand","embeddable":true,"href":"https:\/\/mountlaser.com\/de\/wp-json\/wp\/v2\/product_brand?post=2668"},{"taxonomy":"product_cat","embeddable":true,"href":"https:\/\/mountlaser.com\/de\/wp-json\/wp\/v2\/product_cat?post=2668"},{"taxonomy":"product_tag","embeddable":true,"href":"https:\/\/mountlaser.com\/de\/wp-json\/wp\/v2\/product_tag?post=2668"}],"curies":[{"name":"wp","href":"https:\/\/api.w.org\/{rel}","templated":true}]}}