{"id":2661,"date":"2025-10-16T08:52:50","date_gmt":"2025-10-16T08:52:50","guid":{"rendered":"https:\/\/mountlaser.com\/?post_type=product&#038;p=2661"},"modified":"2025-11-28T06:44:48","modified_gmt":"2025-11-28T06:44:48","slug":"z14bs-prism-assembly","status":"publish","type":"product","link":"https:\/\/mountlaser.com\/de\/produkt\/z14bs-prism-assembly\/","title":{"rendered":"Z14BS Prismenbaugruppe"},"content":{"rendered":"<p><a href=\"https:\/\/mountlaser.com\/de\/\"><strong>Z14BS -30mm Prismenbaugruppe<\/strong><\/a>Pr\u00e4zision mit gezieltem Versatz<\/p>\n<p>Die Z14BS-Prismenbaugruppe wurde f\u00fcr anspruchsvolle Vermessungsaufgaben entwickelt und ist eine hochwertige Prismenbaugruppe japanischer Bauart mit -30 mm Durchmesser, die Flexibilit\u00e4t und h\u00f6chste Genauigkeit vereint. Sie eignet sich f\u00fcr Messherausforderungen, bei denen Standard-Offsets an ihre Grenzen sto\u00dfen. Die Baugruppe ist in zwei gut sichtbaren Farbcodes erh\u00e4ltlich: der Z14BS-RG-Prismenbaugruppe (Rot-Gr\u00fcn) und der Z14BS-RG-Prismenbaugruppe (Rot-Gr\u00fcn).<a href=\"https:\/\/mountlaser.com\/de\/products\/\"><strong> Z14BS-RR Prismenbaugruppe<\/strong><\/a> (Rot-Rot), was die einfache Identifizierung und Verwaltung der Werkzeuge f\u00fcr die Einsatzkr\u00e4fte vor Ort erleichtert.<\/p>\n<p><img fetchpriority=\"high\" decoding=\"async\" class=\"aligncenter wp-image-2664\" src=\"https:\/\/mountlaser.com\/wp-content\/uploads\/2025\/10\/Z14BS-RG-5.webp\" alt=\"-30mm Prism Assembly\" width=\"500\" height=\"500\" srcset=\"https:\/\/mountlaser.com\/wp-content\/uploads\/2025\/10\/Z14BS-RG-5.webp 1000w, https:\/\/mountlaser.com\/wp-content\/uploads\/2025\/10\/Z14BS-RG-5-300x300.webp 300w, https:\/\/mountlaser.com\/wp-content\/uploads\/2025\/10\/Z14BS-RG-5-400x400.webp 400w, https:\/\/mountlaser.com\/wp-content\/uploads\/2025\/10\/Z14BS-RG-5-800x800.webp 800w, https:\/\/mountlaser.com\/wp-content\/uploads\/2025\/10\/Z14BS-RG-5-600x600.webp 600w, https:\/\/mountlaser.com\/wp-content\/uploads\/2025\/10\/Z14BS-RG-5-150x150.webp 150w, https:\/\/mountlaser.com\/wp-content\/uploads\/2025\/10\/Z14BS-RG-5-768x768.webp 768w, https:\/\/mountlaser.com\/wp-content\/uploads\/2025\/10\/Z14BS-RG-5-12x12.webp 12w\" sizes=\"(max-width: 500px) 100vw, 500px\" \/><\/p>\n<p>Das Herzst\u00fcck dieser robusten Baugruppe ist ein Pr\u00e4zisionsprisma mit 64 mm Durchmesser, das optional mit Genauigkeitsstufen von 2\u2033, 3\u20134\u2033 oder 5\u20138\u2033 erh\u00e4ltlich ist. So k\u00f6nnen Sie die optimale Genauigkeit f\u00fcr verschiedenste Anwendungen w\u00e4hlen \u2013 von hochpr\u00e4zisen Messnetzen bis hin zu allgemeinen Baupl\u00e4nen. Die langlebige und zuverl\u00e4ssige Z14BS-Prismenbaugruppe verf\u00fcgt \u00fcber einen robusten 5\/8\u2033-11-Adapter aus Edelstahl (Innengewinde) und ist somit mit allen g\u00e4ngigen Vermessungsstangen und -zubeh\u00f6rteilen kompatibel.<\/p>","protected":false},"excerpt":{"rendered":"<ul>\n<li>Der aus korrosionsbest\u00e4ndigem Edelstahl gefertigte 5\/8\u2033-11-Adapter gew\u00e4hrleistet eine sichere Verbindung mit jeder Standardstange.<\/li>\n<li>die Strapazen des t\u00e4glichen Feldeinsatzes \u00fcberstehen.<\/li>\n<li>Die Neigungsachsenh\u00f6he von 100 mm erm\u00f6glicht eine gleichm\u00e4\u00dfige und stabile Winkelreferenzierung, ein entscheidender Faktor f\u00fcr eine zuverl\u00e4ssige Datenerfassung.<\/li>\n<\/ul>","protected":false},"featured_media":2667,"comment_status":"open","ping_status":"closed","template":"","meta":[],"product_brand":[],"product_cat":[72,103],"product_tag":[],"class_list":{"0":"post-2661","1":"product","2":"type-product","3":"status-publish","4":"has-post-thumbnail","6":"product_cat-reflective-target-prism","7":"product_cat-prism-assembly","9":"first","10":"instock","11":"shipping-taxable","12":"product-type-simple"},"_links":{"self":[{"href":"https:\/\/mountlaser.com\/de\/wp-json\/wp\/v2\/product\/2661","targetHints":{"allow":["GET"]}}],"collection":[{"href":"https:\/\/mountlaser.com\/de\/wp-json\/wp\/v2\/product"}],"about":[{"href":"https:\/\/mountlaser.com\/de\/wp-json\/wp\/v2\/types\/product"}],"replies":[{"embeddable":true,"href":"https:\/\/mountlaser.com\/de\/wp-json\/wp\/v2\/comments?post=2661"}],"wp:featuredmedia":[{"embeddable":true,"href":"https:\/\/mountlaser.com\/de\/wp-json\/wp\/v2\/media\/2667"}],"wp:attachment":[{"href":"https:\/\/mountlaser.com\/de\/wp-json\/wp\/v2\/media?parent=2661"}],"wp:term":[{"taxonomy":"product_brand","embeddable":true,"href":"https:\/\/mountlaser.com\/de\/wp-json\/wp\/v2\/product_brand?post=2661"},{"taxonomy":"product_cat","embeddable":true,"href":"https:\/\/mountlaser.com\/de\/wp-json\/wp\/v2\/product_cat?post=2661"},{"taxonomy":"product_tag","embeddable":true,"href":"https:\/\/mountlaser.com\/de\/wp-json\/wp\/v2\/product_tag?post=2661"}],"curies":[{"name":"wp","href":"https:\/\/api.w.org\/{rel}","templated":true}]}}