{"id":2654,"date":"2025-10-16T08:22:59","date_gmt":"2025-10-16T08:22:59","guid":{"rendered":"https:\/\/mountlaser.com\/?post_type=product&#038;p=2654"},"modified":"2025-11-28T06:46:17","modified_gmt":"2025-11-28T06:46:17","slug":"z14uc-prism-assembly","status":"publish","type":"product","link":"https:\/\/mountlaser.com\/de\/produkt\/z14uc-prism-assembly\/","title":{"rendered":"Z14UC Prismenbaugruppe"},"content":{"rendered":"<p><a href=\"https:\/\/mountlaser.com\/de\/\"><strong>Z14UC Prismenbaugruppe<\/strong><\/a>Premium <a href=\"https:\/\/mountlaser.com\/de\/products\/\"><strong>Einzelnes Kippprismen-Set<\/strong><\/a> f\u00fcr h\u00f6chste Genauigkeit<\/p>\n<p>Wir pr\u00e4sentieren das Z14UC Prismen-Set, ein hochwertiges japanisches Einzelneigungsprismen-Set f\u00fcr Vermesser, die keine Kompromisse bei Pr\u00e4zision und Langlebigkeit eingehen wollen. Dieses Set ist in zwei gut sichtbaren Farbvarianten erh\u00e4ltlich: dem Z14UC-YG Prismen-Set und dem Z14UC-YY Prismen-Set. Die unterschiedliche Farbkennzeichnung des Z14UC-YG Prismen-Sets und des Z14UC-YY Prismen-Sets optimiert den Arbeitsablauf f\u00fcr Teams, die mit mehreren Sets arbeiten.<\/p>\n<p>Zusammen mit einer sch\u00fctzenden Tragetasche ist dieses Einzel-Neigungsprismen-Set perfekt f\u00fcr die organisierte Aufbewahrung und den einfachen Transport zwischen Baustellen ausgestattet. (gelb-gr\u00fcn) und die Z14UC-YY Prismenbaugruppe (gelb-gelb), was eine m\u00fchelose Identifizierung und Organisation auf jeder Baustelle erm\u00f6glicht.<\/p>\n<p><img fetchpriority=\"high\" decoding=\"async\" class=\"aligncenter wp-image-2658\" src=\"https:\/\/mountlaser.com\/wp-content\/uploads\/2025\/10\/Z14UC-YG-1.webp\" alt=\"Single Tilt Prism Set\" width=\"500\" height=\"500\" srcset=\"https:\/\/mountlaser.com\/wp-content\/uploads\/2025\/10\/Z14UC-YG-1.webp 1000w, https:\/\/mountlaser.com\/wp-content\/uploads\/2025\/10\/Z14UC-YG-1-300x300.webp 300w, https:\/\/mountlaser.com\/wp-content\/uploads\/2025\/10\/Z14UC-YG-1-400x400.webp 400w, https:\/\/mountlaser.com\/wp-content\/uploads\/2025\/10\/Z14UC-YG-1-800x800.webp 800w, https:\/\/mountlaser.com\/wp-content\/uploads\/2025\/10\/Z14UC-YG-1-600x600.webp 600w, https:\/\/mountlaser.com\/wp-content\/uploads\/2025\/10\/Z14UC-YG-1-150x150.webp 150w, https:\/\/mountlaser.com\/wp-content\/uploads\/2025\/10\/Z14UC-YG-1-768x768.webp 768w, https:\/\/mountlaser.com\/wp-content\/uploads\/2025\/10\/Z14UC-YG-1-12x12.webp 12w\" sizes=\"(max-width: 500px) 100vw, 500px\" \/><\/p>\n<p>Dieses auf h\u00f6chste Pr\u00e4zision ausgelegte Messsystem verf\u00fcgt \u00fcber ein hochpr\u00e4zises 64-mm-Prisma. Es bietet wahlweise eine Genauigkeit von 2\u2033 oder 3\u20134\u2033 und eignet sich somit f\u00fcr anspruchsvollste Messaufgaben, bei denen h\u00f6chste Genauigkeit erforderlich ist. Die robuste Konstruktion umfasst einen Edelstahladapter mit Standard-5\/8\u2033-11-Innengewinde, der Korrosionsbest\u00e4ndigkeit und eine optimale Passform an den meisten g\u00e4ngigen Vermessungsstangen gew\u00e4hrleistet.<\/p>","protected":false},"excerpt":{"rendered":"<ul>\n<li>Die eindeutige Farbcodierung der Z14UC-YG Prismenbaugruppe und der Z14UC-YY Prismenbaugruppe optimiert den Arbeitsablauf f\u00fcr Teams, die mehrere Setups verwenden.<\/li>\n<li>Zusammen mit einer sch\u00fctzenden Tragetasche<\/li>\n<li>Dieses Set aus Einzelneigprismen eignet sich perfekt sowohl f\u00fcr die \u00fcbersichtliche Aufbewahrung als auch f\u00fcr den einfachen Transport zwischen verschiedenen Einsatzorten.<\/li>\n<\/ul>","protected":false},"featured_media":2659,"comment_status":"open","ping_status":"closed","template":"","meta":[],"product_brand":[],"product_cat":[72,103],"product_tag":[],"class_list":{"0":"post-2654","1":"product","2":"type-product","3":"status-publish","4":"has-post-thumbnail","6":"product_cat-reflective-target-prism","7":"product_cat-prism-assembly","9":"first","10":"instock","11":"shipping-taxable","12":"product-type-simple"},"_links":{"self":[{"href":"https:\/\/mountlaser.com\/de\/wp-json\/wp\/v2\/product\/2654","targetHints":{"allow":["GET"]}}],"collection":[{"href":"https:\/\/mountlaser.com\/de\/wp-json\/wp\/v2\/product"}],"about":[{"href":"https:\/\/mountlaser.com\/de\/wp-json\/wp\/v2\/types\/product"}],"replies":[{"embeddable":true,"href":"https:\/\/mountlaser.com\/de\/wp-json\/wp\/v2\/comments?post=2654"}],"wp:featuredmedia":[{"embeddable":true,"href":"https:\/\/mountlaser.com\/de\/wp-json\/wp\/v2\/media\/2659"}],"wp:attachment":[{"href":"https:\/\/mountlaser.com\/de\/wp-json\/wp\/v2\/media?parent=2654"}],"wp:term":[{"taxonomy":"product_brand","embeddable":true,"href":"https:\/\/mountlaser.com\/de\/wp-json\/wp\/v2\/product_brand?post=2654"},{"taxonomy":"product_cat","embeddable":true,"href":"https:\/\/mountlaser.com\/de\/wp-json\/wp\/v2\/product_cat?post=2654"},{"taxonomy":"product_tag","embeddable":true,"href":"https:\/\/mountlaser.com\/de\/wp-json\/wp\/v2\/product_tag?post=2654"}],"curies":[{"name":"wp","href":"https:\/\/api.w.org\/{rel}","templated":true}]}}