{"id":2638,"date":"2025-10-16T08:05:14","date_gmt":"2025-10-16T08:05:14","guid":{"rendered":"https:\/\/mountlaser.com\/?post_type=product&#038;p=2638"},"modified":"2025-11-28T06:47:20","modified_gmt":"2025-11-28T06:47:20","slug":"z34b-prism-assembly","status":"publish","type":"product","link":"https:\/\/mountlaser.com\/de\/produkt\/z34b-prism-assembly\/","title":{"rendered":"Z34B Prismenbaugruppe"},"content":{"rendered":"<p>Verbessern Sie Ihre Vermessungsprojekte mit dem<a href=\"https:\/\/mountlaser.com\/de\/\"><strong> Z34B Prismenbaugruppe<\/strong><\/a>, Ein hochpr\u00e4zises japanisches Dreifachprismensystem, entwickelt f\u00fcr anspruchsvolle Anwendungen. Diese robuste Baugruppe bietet au\u00dfergew\u00f6hnliche Genauigkeit und Vielseitigkeit im praktischen Einsatz.<\/p>\n<p><a href=\"https:\/\/mountlaser.com\/de\/products\/\"><strong>Neigbare Dreifachprismenanordnung<\/strong><\/a> Die Kombination aus hochwertiger Optik, vielseitigen Neigungs- und Versatzm\u00f6glichkeiten und robuster Konstruktion macht die neigbare Dreifachprismenanordnung zu einem unverzichtbaren Werkzeug f\u00fcr topografische Vermessungen, Bauabsteckungen und andere Pr\u00e4zisionsmessaufgaben.<\/p>\n<p><img fetchpriority=\"high\" decoding=\"async\" class=\"wp-image-2693 aligncenter\" src=\"https:\/\/mountlaser.com\/wp-content\/uploads\/2025\/10\/Z34B-YY-2.webp\" alt=\"Tilting Triple Prism Assembly\" width=\"500\" height=\"500\" srcset=\"https:\/\/mountlaser.com\/wp-content\/uploads\/2025\/10\/Z34B-YY-2.webp 1000w, https:\/\/mountlaser.com\/wp-content\/uploads\/2025\/10\/Z34B-YY-2-300x300.webp 300w, https:\/\/mountlaser.com\/wp-content\/uploads\/2025\/10\/Z34B-YY-2-400x400.webp 400w, https:\/\/mountlaser.com\/wp-content\/uploads\/2025\/10\/Z34B-YY-2-800x800.webp 800w, https:\/\/mountlaser.com\/wp-content\/uploads\/2025\/10\/Z34B-YY-2-600x600.webp 600w, https:\/\/mountlaser.com\/wp-content\/uploads\/2025\/10\/Z34B-YY-2-150x150.webp 150w, https:\/\/mountlaser.com\/wp-content\/uploads\/2025\/10\/Z34B-YY-2-768x768.webp 768w, https:\/\/mountlaser.com\/wp-content\/uploads\/2025\/10\/Z34B-YY-2-12x12.webp 12w\" sizes=\"(max-width: 500px) 100vw, 500px\" \/><\/p>\n<p>Mount Laser bietet die Z34B Prismenbaugruppe in zwei verschiedenen farbcodierten Modellen zur einfachen Identifizierung an: die <a href=\"https:\/\/mountlaser.com\/de\/contact-us\/\">Z34B-YY Prismenbaugruppe<\/a> (Gelb-Gelb) und die Z34B-YY Prismenbaugruppe (Rot-Gelb), um sicherzustellen, dass Sie das richtige Werkzeug f\u00fcr Ihre spezifischen Workflow-Anforderungen haben.<\/p>","protected":false},"excerpt":{"rendered":"<ul>\n<li>Der integrierte Edelstahl-Innengewindeadapter 5\/8\u2033-11 gew\u00e4hrleistet einen sicheren Sitz auf jeder Standard-5\/8\u2033-11-Prismenstange oder jedem Adapter.<\/li>\n<li>garantiert eine nahtlose Integration in Ihre bestehende Ausstattung.<\/li>\n<li>Die Z34B Prismenbaugruppe bietet die n\u00f6tige Anpassungsf\u00e4higkeit, um komplexe Vermessungsaufgaben zu bew\u00e4ltigen, von der Ausrichtung \u00fcber Kopf bis hin zu aufwendigen Absteckungsarbeiten.<\/li>\n<\/ul>","protected":false},"featured_media":2698,"comment_status":"open","ping_status":"closed","template":"","meta":[],"product_brand":[],"product_cat":[72,103],"product_tag":[],"class_list":{"0":"post-2638","1":"product","2":"type-product","3":"status-publish","4":"has-post-thumbnail","6":"product_cat-reflective-target-prism","7":"product_cat-prism-assembly","9":"first","10":"instock","11":"shipping-taxable","12":"product-type-simple"},"_links":{"self":[{"href":"https:\/\/mountlaser.com\/de\/wp-json\/wp\/v2\/product\/2638","targetHints":{"allow":["GET"]}}],"collection":[{"href":"https:\/\/mountlaser.com\/de\/wp-json\/wp\/v2\/product"}],"about":[{"href":"https:\/\/mountlaser.com\/de\/wp-json\/wp\/v2\/types\/product"}],"replies":[{"embeddable":true,"href":"https:\/\/mountlaser.com\/de\/wp-json\/wp\/v2\/comments?post=2638"}],"wp:featuredmedia":[{"embeddable":true,"href":"https:\/\/mountlaser.com\/de\/wp-json\/wp\/v2\/media\/2698"}],"wp:attachment":[{"href":"https:\/\/mountlaser.com\/de\/wp-json\/wp\/v2\/media?parent=2638"}],"wp:term":[{"taxonomy":"product_brand","embeddable":true,"href":"https:\/\/mountlaser.com\/de\/wp-json\/wp\/v2\/product_brand?post=2638"},{"taxonomy":"product_cat","embeddable":true,"href":"https:\/\/mountlaser.com\/de\/wp-json\/wp\/v2\/product_cat?post=2638"},{"taxonomy":"product_tag","embeddable":true,"href":"https:\/\/mountlaser.com\/de\/wp-json\/wp\/v2\/product_tag?post=2638"}],"curies":[{"name":"wp","href":"https:\/\/api.w.org\/{rel}","templated":true}]}}