{"id":2622,"date":"2025-10-14T09:14:49","date_gmt":"2025-10-14T09:14:49","guid":{"rendered":"https:\/\/mountlaser.com\/?post_type=product&#038;p=2622"},"modified":"2025-11-28T06:49:44","modified_gmt":"2025-11-28T06:49:44","slug":"z14u-prism-assembly","status":"publish","type":"product","link":"https:\/\/mountlaser.com\/de\/produkt\/z14u-prism-assembly\/","title":{"rendered":"Z14U Prismenbaugruppe"},"content":{"rendered":"<p><a href=\"https:\/\/mountlaser.com\/de\/\"><strong>Z14U Prismenbaugruppe<\/strong><\/a> | Hochpr\u00e4zises 64-mm-Prisma f\u00fcr professionelle Vermessung<\/p>\n<p>Die Z14U Prismenbaugruppe ist ein Hochleistungs-Vermessungszubeh\u00f6r f\u00fcr Profis, die h\u00f6chste Genauigkeit und robuste Bauweise ben\u00f6tigen. Sie ist in zwei farbcodierten Ausf\u00fchrungen erh\u00e4ltlich, um die Identifizierung im Feld und den Arbeitsablauf zu optimieren: die Z14U-RO Prismenbaugruppe (Rot-Orange) und die Z14U-YY Prismenbaugruppe (Gelb-Gelb). Ob Sie sich f\u00fcr die gut sichtbare Variante entscheiden \u2013 die Z14U-RO ist eine leistungsstarke Vermessungsbaugruppe, die sich durch ihre hohe Sichtbarkeit auszeichnet. <a href=\"https:\/\/mountlaser.com\/de\/products\/\"><strong>Z14U-RO Prismenbaugruppe<\/strong> <\/a>Ob Sie nun die Z14U-YY Prismenbaugruppe verwenden oder nicht, Sie erhalten garantiert ein Werkzeug, das h\u00f6chsten Anspr\u00fcchen gen\u00fcgt.<\/p>\n<p><img fetchpriority=\"high\" decoding=\"async\" class=\"aligncenter wp-image-2623\" src=\"https:\/\/mountlaser.com\/wp-content\/uploads\/2025\/10\/Z14U-YY-1.webp\" alt=\"Z14U Prism Assmbly\" width=\"500\" height=\"500\" srcset=\"https:\/\/mountlaser.com\/wp-content\/uploads\/2025\/10\/Z14U-YY-1.webp 1000w, https:\/\/mountlaser.com\/wp-content\/uploads\/2025\/10\/Z14U-YY-1-300x300.webp 300w, https:\/\/mountlaser.com\/wp-content\/uploads\/2025\/10\/Z14U-YY-1-400x400.webp 400w, https:\/\/mountlaser.com\/wp-content\/uploads\/2025\/10\/Z14U-YY-1-800x800.webp 800w, https:\/\/mountlaser.com\/wp-content\/uploads\/2025\/10\/Z14U-YY-1-600x600.webp 600w, https:\/\/mountlaser.com\/wp-content\/uploads\/2025\/10\/Z14U-YY-1-150x150.webp 150w, https:\/\/mountlaser.com\/wp-content\/uploads\/2025\/10\/Z14U-YY-1-768x768.webp 768w, https:\/\/mountlaser.com\/wp-content\/uploads\/2025\/10\/Z14U-YY-1-12x12.webp 12w\" sizes=\"(max-width: 500px) 100vw, 500px\" \/><\/p>\n<p>Ausgestattet mit einem pr\u00e4zisen 64-mm-Prisma, bew\u00e4ltigt diese Baugruppe selbst anspruchsvollste Messaufgaben und liefert zuverl\u00e4ssige Daten f\u00fcr verschiedene topografische und Baustellenbereiche. Ihre robuste Konstruktion gew\u00e4hrleistet eine lange Lebensdauer und macht sie zur idealen Wahl f\u00fcr den t\u00e4glichen Einsatz.<\/p>\n<p><img decoding=\"async\" class=\"aligncenter wp-image-2627\" src=\"https:\/\/mountlaser.com\/wp-content\/uploads\/2025\/10\/Z14U-RO-2.webp\" alt=\"Z14U Prism Assmbly\" width=\"500\" height=\"500\" srcset=\"https:\/\/mountlaser.com\/wp-content\/uploads\/2025\/10\/Z14U-RO-2.webp 800w, https:\/\/mountlaser.com\/wp-content\/uploads\/2025\/10\/Z14U-RO-2-300x300.webp 300w, https:\/\/mountlaser.com\/wp-content\/uploads\/2025\/10\/Z14U-RO-2-400x400.webp 400w, https:\/\/mountlaser.com\/wp-content\/uploads\/2025\/10\/Z14U-RO-2-600x600.webp 600w, https:\/\/mountlaser.com\/wp-content\/uploads\/2025\/10\/Z14U-RO-2-150x150.webp 150w, https:\/\/mountlaser.com\/wp-content\/uploads\/2025\/10\/Z14U-RO-2-768x768.webp 768w, https:\/\/mountlaser.com\/wp-content\/uploads\/2025\/10\/Z14U-RO-2-12x12.webp 12w\" sizes=\"(max-width: 500px) 100vw, 500px\" \/><\/p>","protected":false},"excerpt":{"rendered":"<ul>\n<li>Verf\u00fcgt \u00fcber einen w\u00e4hlbaren Prismenversatz von 0 mm oder -30 mm und eine Neigungsachsenh\u00f6he von 100 mm f\u00fcr vielseitige Einstellm\u00f6glichkeiten und pr\u00e4zises Anvisieren.<\/li>\n<li>Vollst\u00e4ndige Mobilit\u00e4t: Inklusive einer robusten Tragetasche f\u00fcr optimalen Schutz und einfachen Transport des Ger\u00e4ts zwischen den Einsatzorten.<\/li>\n<\/ul>","protected":false},"featured_media":2625,"comment_status":"open","ping_status":"closed","template":"","meta":[],"product_brand":[],"product_cat":[103,72],"product_tag":[],"class_list":{"0":"post-2622","1":"product","2":"type-product","3":"status-publish","4":"has-post-thumbnail","6":"product_cat-prism-assembly","7":"product_cat-reflective-target-prism","9":"first","10":"instock","11":"shipping-taxable","12":"product-type-simple"},"_links":{"self":[{"href":"https:\/\/mountlaser.com\/de\/wp-json\/wp\/v2\/product\/2622","targetHints":{"allow":["GET"]}}],"collection":[{"href":"https:\/\/mountlaser.com\/de\/wp-json\/wp\/v2\/product"}],"about":[{"href":"https:\/\/mountlaser.com\/de\/wp-json\/wp\/v2\/types\/product"}],"replies":[{"embeddable":true,"href":"https:\/\/mountlaser.com\/de\/wp-json\/wp\/v2\/comments?post=2622"}],"wp:featuredmedia":[{"embeddable":true,"href":"https:\/\/mountlaser.com\/de\/wp-json\/wp\/v2\/media\/2625"}],"wp:attachment":[{"href":"https:\/\/mountlaser.com\/de\/wp-json\/wp\/v2\/media?parent=2622"}],"wp:term":[{"taxonomy":"product_brand","embeddable":true,"href":"https:\/\/mountlaser.com\/de\/wp-json\/wp\/v2\/product_brand?post=2622"},{"taxonomy":"product_cat","embeddable":true,"href":"https:\/\/mountlaser.com\/de\/wp-json\/wp\/v2\/product_cat?post=2622"},{"taxonomy":"product_tag","embeddable":true,"href":"https:\/\/mountlaser.com\/de\/wp-json\/wp\/v2\/product_tag?post=2622"}],"curies":[{"name":"wp","href":"https:\/\/api.w.org\/{rel}","templated":true}]}}