{"id":2598,"date":"2025-10-14T07:24:18","date_gmt":"2025-10-14T07:24:18","guid":{"rendered":"https:\/\/mountlaser.com\/?post_type=product&#038;p=2598"},"modified":"2025-11-28T06:59:44","modified_gmt":"2025-11-28T06:59:44","slug":"z15ub-prism-assembly","status":"publish","type":"product","link":"https:\/\/mountlaser.com\/de\/produkt\/z15ub-prism-assembly\/","title":{"rendered":"Z15UB Prismenbaugruppe"},"content":{"rendered":"<p><a href=\"https:\/\/mountlaser.com\/de\/about-us\/\"><strong>Z15UB Prismenbaugruppe<\/strong><\/a> | Hochpr\u00e4zise Gro\u00dfreflektor-Prismenbaugruppe f\u00fcr professionelle Vermessung<\/p>\n<p>Die Z15UB-Prismenbaugruppe ist eine professionelle Gro\u00dfreflektor-Prismenbaugruppe, die speziell f\u00fcr Vermesser entwickelt wurde, die h\u00f6chste Zuverl\u00e4ssigkeit und Pr\u00e4zision ben\u00f6tigen. Das System basiert auf einem hochwertigen 64-mm-Prisma und eignet sich daher ideal f\u00fcr eine Vielzahl anspruchsvoller Anwendungen. Wir sind stolz darauf, Ihnen dieses hochentwickelte Produkt anbieten zu k\u00f6nnen. <a href=\"https:\/\/mountlaser.com\/de\/products\/\"><strong>Gro\u00dfe Reflektorprismenbaugruppe<\/strong><\/a> in drei verschiedenen farbcodierten Modellen, um den Bed\u00fcrfnissen und Vorlieben Ihres Teams gerecht zu werden: die Z15UB-YY Prismenbaugruppe (Gelb-Gelb), die Z15UB-RO Prismenbaugruppe (Rot-Orange) und die Z15UB-RR Prismenbaugruppe (Rot-Rot).<\/p>\n<p><img fetchpriority=\"high\" decoding=\"async\" class=\"wp-image-2603 aligncenter\" src=\"https:\/\/mountlaser.com\/wp-content\/uploads\/2025\/10\/Z15UB-RO-1.webp\" alt=\"Big Reflector Prism Assembly\" width=\"500\" height=\"500\" srcset=\"https:\/\/mountlaser.com\/wp-content\/uploads\/2025\/10\/Z15UB-RO-1.webp 1000w, https:\/\/mountlaser.com\/wp-content\/uploads\/2025\/10\/Z15UB-RO-1-300x300.webp 300w, https:\/\/mountlaser.com\/wp-content\/uploads\/2025\/10\/Z15UB-RO-1-400x400.webp 400w, https:\/\/mountlaser.com\/wp-content\/uploads\/2025\/10\/Z15UB-RO-1-800x800.webp 800w, https:\/\/mountlaser.com\/wp-content\/uploads\/2025\/10\/Z15UB-RO-1-600x600.webp 600w, https:\/\/mountlaser.com\/wp-content\/uploads\/2025\/10\/Z15UB-RO-1-150x150.webp 150w, https:\/\/mountlaser.com\/wp-content\/uploads\/2025\/10\/Z15UB-RO-1-768x768.webp 768w, https:\/\/mountlaser.com\/wp-content\/uploads\/2025\/10\/Z15UB-RO-1-12x12.webp 12w\" sizes=\"(max-width: 500px) 100vw, 500px\" \/><\/p>\n<p>Diese gro\u00dfe Reflektorprismenbaugruppe mit ihrem robusten Prismenst\u00e4nder im japanischen Stil gew\u00e4hrleistet au\u00dfergew\u00f6hnliche Stabilit\u00e4t und Langlebigkeit auf der Baustelle. Ihre widerstandsf\u00e4hige Konstruktion ist f\u00fcr den harten t\u00e4glichen Einsatz ausgelegt und liefert stets pr\u00e4zise Messergebnisse.<\/p>\n<p><img decoding=\"async\" class=\"aligncenter wp-image-2601\" src=\"https:\/\/mountlaser.com\/wp-content\/uploads\/2025\/10\/Z15UB-YY-1.webp\" alt=\"Big Reflector Prism Assembly\" width=\"500\" height=\"500\" srcset=\"https:\/\/mountlaser.com\/wp-content\/uploads\/2025\/10\/Z15UB-YY-1.webp 1000w, https:\/\/mountlaser.com\/wp-content\/uploads\/2025\/10\/Z15UB-YY-1-300x300.webp 300w, https:\/\/mountlaser.com\/wp-content\/uploads\/2025\/10\/Z15UB-YY-1-400x400.webp 400w, https:\/\/mountlaser.com\/wp-content\/uploads\/2025\/10\/Z15UB-YY-1-800x800.webp 800w, https:\/\/mountlaser.com\/wp-content\/uploads\/2025\/10\/Z15UB-YY-1-600x600.webp 600w, https:\/\/mountlaser.com\/wp-content\/uploads\/2025\/10\/Z15UB-YY-1-150x150.webp 150w, https:\/\/mountlaser.com\/wp-content\/uploads\/2025\/10\/Z15UB-YY-1-768x768.webp 768w, https:\/\/mountlaser.com\/wp-content\/uploads\/2025\/10\/Z15UB-YY-1-12x12.webp 12w\" sizes=\"(max-width: 500px) 100vw, 500px\" \/><\/p>","protected":false},"excerpt":{"rendered":"<ul>\n<li>Langlebiges und sch\u00fctzendes Design: Die Konstruktion im japanischen Stil garantiert eine robuste und zuverl\u00e4ssige Plattform.<\/li>\n<li>Zum Produkt geh\u00f6rt eine sch\u00fctzende Tragetasche f\u00fcr sicheren Transport und Aufbewahrung.<\/li>\n<li>Farbcodierte Modelle: Erh\u00e4ltlich in drei Farbkombinationen (YY, RO, RR), die eine einfache Identifizierung und Verwaltung mehrerer Einheiten im Feld erm\u00f6glichen.<\/li>\n<\/ul>","protected":false},"featured_media":2603,"comment_status":"open","ping_status":"closed","template":"","meta":[],"product_brand":[],"product_cat":[72,103],"product_tag":[],"class_list":{"0":"post-2598","1":"product","2":"type-product","3":"status-publish","4":"has-post-thumbnail","6":"product_cat-reflective-target-prism","7":"product_cat-prism-assembly","9":"first","10":"instock","11":"shipping-taxable","12":"product-type-simple"},"_links":{"self":[{"href":"https:\/\/mountlaser.com\/de\/wp-json\/wp\/v2\/product\/2598","targetHints":{"allow":["GET"]}}],"collection":[{"href":"https:\/\/mountlaser.com\/de\/wp-json\/wp\/v2\/product"}],"about":[{"href":"https:\/\/mountlaser.com\/de\/wp-json\/wp\/v2\/types\/product"}],"replies":[{"embeddable":true,"href":"https:\/\/mountlaser.com\/de\/wp-json\/wp\/v2\/comments?post=2598"}],"wp:featuredmedia":[{"embeddable":true,"href":"https:\/\/mountlaser.com\/de\/wp-json\/wp\/v2\/media\/2603"}],"wp:attachment":[{"href":"https:\/\/mountlaser.com\/de\/wp-json\/wp\/v2\/media?parent=2598"}],"wp:term":[{"taxonomy":"product_brand","embeddable":true,"href":"https:\/\/mountlaser.com\/de\/wp-json\/wp\/v2\/product_brand?post=2598"},{"taxonomy":"product_cat","embeddable":true,"href":"https:\/\/mountlaser.com\/de\/wp-json\/wp\/v2\/product_cat?post=2598"},{"taxonomy":"product_tag","embeddable":true,"href":"https:\/\/mountlaser.com\/de\/wp-json\/wp\/v2\/product_tag?post=2598"}],"curies":[{"name":"wp","href":"https:\/\/api.w.org\/{rel}","templated":true}]}}