{"id":2591,"date":"2025-10-13T09:10:16","date_gmt":"2025-10-13T09:10:16","guid":{"rendered":"https:\/\/mountlaser.com\/?post_type=product&#038;p=2591"},"modified":"2025-11-28T07:01:27","modified_gmt":"2025-11-28T07:01:27","slug":"z15u-prism-assembly","status":"publish","type":"product","link":"https:\/\/mountlaser.com\/de\/produkt\/z15u-prism-assembly\/","title":{"rendered":"Z15U Prismenbaugruppe"},"content":{"rendered":"<p>Steigern Sie die Pr\u00e4zision Ihrer Vermessungsarbeiten mit dem <a href=\"https:\/\/mountlaser.com\/de\/\"><strong>Z15U Prismenbaugruppe<\/strong><\/a>, Dieses hochpr\u00e4zise Prismensystem entspricht den hohen Standards japanischer Prismenstative. Es wurde f\u00fcr Profis entwickelt, die keine Kompromisse bei der Genauigkeit eingehen wollen, und verf\u00fcgt \u00fcber ein 64-mm-Prisma mit wahlweise 3\u20134\u2033 oder 5\u20138\u2033 Winkelgenauigkeit. Dank seiner vielseitigen Einsatzm\u00f6glichkeiten im Feld bietet es einen Offset von 0 mm oder -30 mm sowie eine Neigungsachsenh\u00f6he von 100 mm f\u00fcr optimale Positionierung.<\/p>\n<p><img fetchpriority=\"high\" decoding=\"async\" class=\"aligncenter wp-image-2593\" src=\"https:\/\/mountlaser.com\/wp-content\/uploads\/2025\/10\/Z15U-YY-2.webp\" alt=\"high-precision prism system \" width=\"500\" height=\"500\" srcset=\"https:\/\/mountlaser.com\/wp-content\/uploads\/2025\/10\/Z15U-YY-2.webp 1000w, https:\/\/mountlaser.com\/wp-content\/uploads\/2025\/10\/Z15U-YY-2-300x300.webp 300w, https:\/\/mountlaser.com\/wp-content\/uploads\/2025\/10\/Z15U-YY-2-400x400.webp 400w, https:\/\/mountlaser.com\/wp-content\/uploads\/2025\/10\/Z15U-YY-2-800x800.webp 800w, https:\/\/mountlaser.com\/wp-content\/uploads\/2025\/10\/Z15U-YY-2-600x600.webp 600w, https:\/\/mountlaser.com\/wp-content\/uploads\/2025\/10\/Z15U-YY-2-150x150.webp 150w, https:\/\/mountlaser.com\/wp-content\/uploads\/2025\/10\/Z15U-YY-2-768x768.webp 768w, https:\/\/mountlaser.com\/wp-content\/uploads\/2025\/10\/Z15U-YY-2-12x12.webp 12w\" sizes=\"(max-width: 500px) 100vw, 500px\" \/><\/p>\n<p>Die Baugruppe gew\u00e4hrleistet universelle Kompatibilit\u00e4t durch ihren integrierten 5\/8\u2033-11-Innengewindeadapter aus Aluminium und passt auf alle g\u00e4ngigen Stangen und Zubeh\u00f6rteile. Um das Projektmanagement und die Werkzeugidentifizierung zu vereinfachen, bieten wir diese zuverl\u00e4ssige L\u00f6sung an. <a href=\"https:\/\/mountlaser.com\/de\/products\/\"><strong>hochpr\u00e4zises Prismensystem<\/strong><\/a> in zwei verschiedenen, farbcodierten Modellen: der Z15U-RO Prismenbaugruppe (Rot-Orange) und der <a href=\"https:\/\/mountlaser.com\/de\/contact-us\/\"><strong>Z15U-YY Prismenbaugruppe<\/strong><\/a> (Gelb). Sowohl die Prismenbaugruppe Z15U-RO als auch die Prismenbaugruppe Z15U-YY werden mit einer robusten Tragetasche geliefert, sodass Ihre Investition beim Transport und der Lagerung optimal gesch\u00fctzt ist.<\/p>\n<p><img decoding=\"async\" class=\"aligncenter wp-image-2597\" src=\"https:\/\/mountlaser.com\/wp-content\/uploads\/2025\/10\/Z15U-RO-4.webp\" alt=\"high-precision prism system \" width=\"500\" height=\"500\" srcset=\"https:\/\/mountlaser.com\/wp-content\/uploads\/2025\/10\/Z15U-RO-4.webp 1000w, https:\/\/mountlaser.com\/wp-content\/uploads\/2025\/10\/Z15U-RO-4-300x300.webp 300w, https:\/\/mountlaser.com\/wp-content\/uploads\/2025\/10\/Z15U-RO-4-400x400.webp 400w, https:\/\/mountlaser.com\/wp-content\/uploads\/2025\/10\/Z15U-RO-4-800x800.webp 800w, https:\/\/mountlaser.com\/wp-content\/uploads\/2025\/10\/Z15U-RO-4-600x600.webp 600w, https:\/\/mountlaser.com\/wp-content\/uploads\/2025\/10\/Z15U-RO-4-150x150.webp 150w, https:\/\/mountlaser.com\/wp-content\/uploads\/2025\/10\/Z15U-RO-4-768x768.webp 768w, https:\/\/mountlaser.com\/wp-content\/uploads\/2025\/10\/Z15U-RO-4-12x12.webp 12w\" sizes=\"(max-width: 500px) 100vw, 500px\" \/><\/p>","protected":false},"excerpt":{"rendered":"<ul>\n<li>Konfigurierbare Einrichtung: Bietet die Wahl zwischen 0 mm oder -30 mm Versatz und einer 100 mm Neigungsachse f\u00fcr flexible Feldkonfigurationen.<\/li>\n<li>Universelle Kompatibilit\u00e4t: Der integrierte 5\/8\u2033-11 Innengewindeadapter gew\u00e4hrleistet eine nahtlose Verwendung mit Standard-Vermessungsger\u00e4ten.<\/li>\n<li>Farbcodierte Kennzeichnung: Erh\u00e4ltlich als Z15U-RO (Rot-Orange) und Z15U-YY (Gelb) zur einfachen Unterscheidung von Teams und Projekten.<\/li>\n<\/ul>","protected":false},"featured_media":2593,"comment_status":"open","ping_status":"closed","template":"","meta":[],"product_brand":[],"product_cat":[72,103],"product_tag":[],"class_list":{"0":"post-2591","1":"product","2":"type-product","3":"status-publish","4":"has-post-thumbnail","6":"product_cat-reflective-target-prism","7":"product_cat-prism-assembly","9":"first","10":"instock","11":"shipping-taxable","12":"product-type-simple"},"_links":{"self":[{"href":"https:\/\/mountlaser.com\/de\/wp-json\/wp\/v2\/product\/2591","targetHints":{"allow":["GET"]}}],"collection":[{"href":"https:\/\/mountlaser.com\/de\/wp-json\/wp\/v2\/product"}],"about":[{"href":"https:\/\/mountlaser.com\/de\/wp-json\/wp\/v2\/types\/product"}],"replies":[{"embeddable":true,"href":"https:\/\/mountlaser.com\/de\/wp-json\/wp\/v2\/comments?post=2591"}],"wp:featuredmedia":[{"embeddable":true,"href":"https:\/\/mountlaser.com\/de\/wp-json\/wp\/v2\/media\/2593"}],"wp:attachment":[{"href":"https:\/\/mountlaser.com\/de\/wp-json\/wp\/v2\/media?parent=2591"}],"wp:term":[{"taxonomy":"product_brand","embeddable":true,"href":"https:\/\/mountlaser.com\/de\/wp-json\/wp\/v2\/product_brand?post=2591"},{"taxonomy":"product_cat","embeddable":true,"href":"https:\/\/mountlaser.com\/de\/wp-json\/wp\/v2\/product_cat?post=2591"},{"taxonomy":"product_tag","embeddable":true,"href":"https:\/\/mountlaser.com\/de\/wp-json\/wp\/v2\/product_tag?post=2591"}],"curies":[{"name":"wp","href":"https:\/\/api.w.org\/{rel}","templated":true}]}}