{"id":2573,"date":"2025-10-13T05:57:19","date_gmt":"2025-10-13T05:57:19","guid":{"rendered":"https:\/\/mountlaser.com\/?post_type=product&#038;p=2573"},"modified":"2025-11-28T07:05:04","modified_gmt":"2025-11-28T07:05:04","slug":"c15b-prism-assembly","status":"publish","type":"product","link":"https:\/\/mountlaser.com\/de\/produkt\/c15b-prism-assembly\/","title":{"rendered":"C15B Prismenbaugruppe"},"content":{"rendered":"<p>Der <a href=\"https:\/\/mountlaser.com\/de\/products\/\"><strong>C15B Prismenbaugruppe<\/strong><\/a> Dieses hochpr\u00e4zise Prismenstativ im japanischen Stil wurde speziell f\u00fcr Vermesser entwickelt, die h\u00f6chste Zuverl\u00e4ssigkeit und Genauigkeit ben\u00f6tigen. Es ist f\u00fcr ein 64-mm-Prisma ausgelegt und bietet wahlweise eine Genauigkeit von 3\u20134 oder 5\u20138 Sekunden. So erf\u00fcllt es selbst strengste Messnormen. Ausgestattet mit einem integrierten 5\/8\u2033-11-Aluminium-Adapter (Innengewinde) ist es universell mit allen g\u00e4ngigen Prismenstangen und Stativen kompatibel.<\/p>\n<p><img fetchpriority=\"high\" decoding=\"async\" class=\"aligncenter wp-image-2575\" src=\"https:\/\/mountlaser.com\/wp-content\/uploads\/2025\/10\/C15B-RR-2.webp\" alt=\"C15B Prism Assembly\" width=\"500\" height=\"500\" srcset=\"https:\/\/mountlaser.com\/wp-content\/uploads\/2025\/10\/C15B-RR-2.webp 1000w, https:\/\/mountlaser.com\/wp-content\/uploads\/2025\/10\/C15B-RR-2-300x300.webp 300w, https:\/\/mountlaser.com\/wp-content\/uploads\/2025\/10\/C15B-RR-2-400x400.webp 400w, https:\/\/mountlaser.com\/wp-content\/uploads\/2025\/10\/C15B-RR-2-800x800.webp 800w, https:\/\/mountlaser.com\/wp-content\/uploads\/2025\/10\/C15B-RR-2-600x600.webp 600w, https:\/\/mountlaser.com\/wp-content\/uploads\/2025\/10\/C15B-RR-2-150x150.webp 150w, https:\/\/mountlaser.com\/wp-content\/uploads\/2025\/10\/C15B-RR-2-768x768.webp 768w, https:\/\/mountlaser.com\/wp-content\/uploads\/2025\/10\/C15B-RR-2-12x12.webp 12w\" sizes=\"(max-width: 500px) 100vw, 500px\" \/><\/p>\n<p>Um Ihren spezifischen Anforderungen im Feld gerecht zu werden, bietet die Prismenbaugruppe C15B sowohl 0-mm- als auch -30-mm-Offsetoptionen bei einer konstanten Neigungsachsenh\u00f6he von 100 mm f\u00fcr stabile Aufbauten. Wir bieten dieses vielseitige Modell in zwei farbcodierten Varianten zur einfachen Identifizierung und Teamkoordination an: die Prismenbaugruppe C15B-RR und die Prismenbaugruppe C15B-YY. Egal, ob Sie sich f\u00fcr die Prismenbaugruppe C15B-RR oder die C15B-YY entscheiden \u2013 die Auswahl ist gro\u00df. <a href=\"https:\/\/mountlaser.com\/de\/contact-us\/\"><strong>C15B-YY Prismenbaugruppe<\/strong><\/a>, Sie erhalten dieselbe robuste Konstruktion, pr\u00e4zise Technik und eine praktische Verpackung, die einen Schutzkarton f\u00fcr Transport und Lagerung umfasst.<\/p>\n<p><img decoding=\"async\" class=\"wp-image-2579 aligncenter\" src=\"https:\/\/mountlaser.com\/wp-content\/uploads\/2025\/10\/C15-YY-2.webp\" alt=\"C15B-YY Prism Assembly\" width=\"500\" height=\"500\" srcset=\"https:\/\/mountlaser.com\/wp-content\/uploads\/2025\/10\/C15-YY-2.webp 1000w, https:\/\/mountlaser.com\/wp-content\/uploads\/2025\/10\/C15-YY-2-300x300.webp 300w, https:\/\/mountlaser.com\/wp-content\/uploads\/2025\/10\/C15-YY-2-400x400.webp 400w, https:\/\/mountlaser.com\/wp-content\/uploads\/2025\/10\/C15-YY-2-800x800.webp 800w, https:\/\/mountlaser.com\/wp-content\/uploads\/2025\/10\/C15-YY-2-600x600.webp 600w, https:\/\/mountlaser.com\/wp-content\/uploads\/2025\/10\/C15-YY-2-150x150.webp 150w, https:\/\/mountlaser.com\/wp-content\/uploads\/2025\/10\/C15-YY-2-768x768.webp 768w, https:\/\/mountlaser.com\/wp-content\/uploads\/2025\/10\/C15-YY-2-12x12.webp 12w\" sizes=\"(max-width: 500px) 100vw, 500px\" \/><\/p>","protected":false},"excerpt":{"rendered":"<ul>\n<li>Stabile Neigeachse: Verf\u00fcgt \u00fcber eine Neigeachsenh\u00f6he von 100 mm f\u00fcr verbesserte Stabilit\u00e4t im Betrieb.<\/li>\n<li>Farbcodierte Modelle: Erh\u00e4ltlich als C15B-RR und C15B-YY zur einfachen Team- und Projektidentifizierung.<\/li>\n<\/ul>","protected":false},"featured_media":2574,"comment_status":"open","ping_status":"closed","template":"","meta":[],"product_brand":[],"product_cat":[72,103],"product_tag":[],"class_list":{"0":"post-2573","1":"product","2":"type-product","3":"status-publish","4":"has-post-thumbnail","6":"product_cat-reflective-target-prism","7":"product_cat-prism-assembly","9":"first","10":"instock","11":"shipping-taxable","12":"product-type-simple"},"_links":{"self":[{"href":"https:\/\/mountlaser.com\/de\/wp-json\/wp\/v2\/product\/2573","targetHints":{"allow":["GET"]}}],"collection":[{"href":"https:\/\/mountlaser.com\/de\/wp-json\/wp\/v2\/product"}],"about":[{"href":"https:\/\/mountlaser.com\/de\/wp-json\/wp\/v2\/types\/product"}],"replies":[{"embeddable":true,"href":"https:\/\/mountlaser.com\/de\/wp-json\/wp\/v2\/comments?post=2573"}],"wp:featuredmedia":[{"embeddable":true,"href":"https:\/\/mountlaser.com\/de\/wp-json\/wp\/v2\/media\/2574"}],"wp:attachment":[{"href":"https:\/\/mountlaser.com\/de\/wp-json\/wp\/v2\/media?parent=2573"}],"wp:term":[{"taxonomy":"product_brand","embeddable":true,"href":"https:\/\/mountlaser.com\/de\/wp-json\/wp\/v2\/product_brand?post=2573"},{"taxonomy":"product_cat","embeddable":true,"href":"https:\/\/mountlaser.com\/de\/wp-json\/wp\/v2\/product_cat?post=2573"},{"taxonomy":"product_tag","embeddable":true,"href":"https:\/\/mountlaser.com\/de\/wp-json\/wp\/v2\/product_tag?post=2573"}],"curies":[{"name":"wp","href":"https:\/\/api.w.org\/{rel}","templated":true}]}}