{"id":2529,"date":"2025-10-09T08:45:48","date_gmt":"2025-10-09T08:45:48","guid":{"rendered":"https:\/\/mountlaser.com\/?post_type=product&#038;p=2529"},"modified":"2025-11-28T07:13:32","modified_gmt":"2025-11-28T07:13:32","slug":"ad-e02-aluminum-adapter","status":"publish","type":"product","link":"https:\/\/mountlaser.com\/de\/produkt\/ad-e02-aluminum-adapter\/","title":{"rendered":"AD-E02 Aluminiumadapter"},"content":{"rendered":"<p>Stellen Sie eine stabile Verbindung mit dem\/der\/dem\/der\/dem\/der\/dem\/der\/den ... <a href=\"https:\/\/mountlaser.com\/de\/\"><strong>AD-E02 Aluminiumadapter<\/strong><\/a><\/p>\n<p>Die Mount Laser AD-E02 ist eine pr\u00e4zisionsgefertigte<a href=\"https:\/\/mountlaser.com\/de\/products\/\"><strong> 20 mm hoher Aluminiumadapter<\/strong><\/a> Dieser Adapter wurde entwickelt, um eine robuste und zuverl\u00e4ssige Verl\u00e4ngerungsverbindung f\u00fcr Ihre Vermessungsger\u00e4te bereitzustellen. Gefertigt aus einer hochfesten Aluminiumlegierung, bietet er Langlebigkeit bei gleichzeitig geringem Gewicht f\u00fcr den einfachen Einsatz im Feld.<\/p>\n<p><img fetchpriority=\"high\" decoding=\"async\" class=\"aligncenter wp-image-2534\" src=\"https:\/\/mountlaser.com\/wp-content\/uploads\/2025\/10\/AD-E02-6.webp\" alt=\"Height 20mm Aluminum adapter\" width=\"500\" height=\"500\" srcset=\"https:\/\/mountlaser.com\/wp-content\/uploads\/2025\/10\/AD-E02-6.webp 1000w, https:\/\/mountlaser.com\/wp-content\/uploads\/2025\/10\/AD-E02-6-300x300.webp 300w, https:\/\/mountlaser.com\/wp-content\/uploads\/2025\/10\/AD-E02-6-400x400.webp 400w, https:\/\/mountlaser.com\/wp-content\/uploads\/2025\/10\/AD-E02-6-800x800.webp 800w, https:\/\/mountlaser.com\/wp-content\/uploads\/2025\/10\/AD-E02-6-600x600.webp 600w, https:\/\/mountlaser.com\/wp-content\/uploads\/2025\/10\/AD-E02-6-150x150.webp 150w, https:\/\/mountlaser.com\/wp-content\/uploads\/2025\/10\/AD-E02-6-768x768.webp 768w, https:\/\/mountlaser.com\/wp-content\/uploads\/2025\/10\/AD-E02-6-12x12.webp 12w\" sizes=\"(max-width: 500px) 100vw, 500px\" \/><\/p>\n<p>Als engagierter <a href=\"https:\/\/mountlaser.com\/de\/contact-us\/\">20 mm hoher Aluminiumadapter<\/a>, Es verf\u00fcgt \u00fcber zwei 5\/8\u2033-11-Gewinde (ein Au\u00dfengewinde, ein Innengewinde) und eignet sich daher ideal zum Verl\u00e4ngern Ihrer Prismenstangen oder zum Anschlie\u00dfen kompatiblen Zubeh\u00f6rs. Der kompakte und robuste 20-mm-Aluminiumadapter sorgt f\u00fcr einen stabilen und pr\u00e4zisen Aufbau.<\/p>","protected":false},"excerpt":{"rendered":"<ul>\n<li>Wird haupts\u00e4chlich verwendet, um Prismenstangen und andere Montagesysteme um eine pr\u00e4zise 20-mm-Verl\u00e4ngerung zu erweitern.<\/li>\n<li>Verf\u00fcgt \u00fcber zwei 5\/8\u2033-11 Gewinde f\u00fcr eine nahtlose Verbindung zwischen kompatiblen Instrumenten und Zubeh\u00f6r.<\/li>\n<\/ul>","protected":false},"featured_media":2531,"comment_status":"open","ping_status":"closed","template":"","meta":[],"product_brand":[],"product_cat":[79,102],"product_tag":[],"class_list":{"0":"post-2529","1":"product","2":"type-product","3":"status-publish","4":"has-post-thumbnail","6":"product_cat-surveying-accessory","7":"product_cat-monitoring-adapter","9":"first","10":"instock","11":"shipping-taxable","12":"product-type-simple"},"_links":{"self":[{"href":"https:\/\/mountlaser.com\/de\/wp-json\/wp\/v2\/product\/2529","targetHints":{"allow":["GET"]}}],"collection":[{"href":"https:\/\/mountlaser.com\/de\/wp-json\/wp\/v2\/product"}],"about":[{"href":"https:\/\/mountlaser.com\/de\/wp-json\/wp\/v2\/types\/product"}],"replies":[{"embeddable":true,"href":"https:\/\/mountlaser.com\/de\/wp-json\/wp\/v2\/comments?post=2529"}],"wp:featuredmedia":[{"embeddable":true,"href":"https:\/\/mountlaser.com\/de\/wp-json\/wp\/v2\/media\/2531"}],"wp:attachment":[{"href":"https:\/\/mountlaser.com\/de\/wp-json\/wp\/v2\/media?parent=2529"}],"wp:term":[{"taxonomy":"product_brand","embeddable":true,"href":"https:\/\/mountlaser.com\/de\/wp-json\/wp\/v2\/product_brand?post=2529"},{"taxonomy":"product_cat","embeddable":true,"href":"https:\/\/mountlaser.com\/de\/wp-json\/wp\/v2\/product_cat?post=2529"},{"taxonomy":"product_tag","embeddable":true,"href":"https:\/\/mountlaser.com\/de\/wp-json\/wp\/v2\/product_tag?post=2529"}],"curies":[{"name":"wp","href":"https:\/\/api.w.org\/{rel}","templated":true}]}}