{"id":2522,"date":"2025-10-09T08:38:59","date_gmt":"2025-10-09T08:38:59","guid":{"rendered":"https:\/\/mountlaser.com\/?post_type=product&#038;p=2522"},"modified":"2025-11-28T07:16:18","modified_gmt":"2025-11-28T07:16:18","slug":"ad-e01-aluminum-adapter","status":"publish","type":"product","link":"https:\/\/mountlaser.com\/de\/produkt\/ad-e01-aluminum-adapter\/","title":{"rendered":"AD-E01 Aluminiumadapter"},"content":{"rendered":"<p>Verbessern Sie Ihr Montagesystem mit dem <a href=\"https:\/\/mountlaser.com\/de\/\"><strong>AD-E01 Aluminiumadapter<\/strong><\/a><\/p>\n<p>Der <a href=\"https:\/\/mountlaser.com\/de\/products\/\"><strong>Mont Laser AD-E01<\/strong><\/a> Dieser pr\u00e4zisionsgefertigte Adapter (Buchse auf Stecker) erm\u00f6glicht eine nahtlose und zuverl\u00e4ssige Verbindung Ihrer Vermessungsinstrumente und Zubeh\u00f6rteile. Der vielseitige Aluminiumadapter (18,5 mm hoch) ist aus hochwertigem Aluminium gefertigt und bietet ein optimales Verh\u00e4ltnis von geringem Gewicht und au\u00dfergew\u00f6hnlicher Langlebigkeit f\u00fcr den t\u00e4glichen Einsatz im Feld.<\/p>\n<p><img fetchpriority=\"high\" decoding=\"async\" class=\"aligncenter wp-image-2525\" src=\"https:\/\/mountlaser.com\/wp-content\/uploads\/2025\/10\/AD-E01-4.webp\" alt=\"Female to Male Adapter\" width=\"500\" height=\"500\" srcset=\"https:\/\/mountlaser.com\/wp-content\/uploads\/2025\/10\/AD-E01-4.webp 1000w, https:\/\/mountlaser.com\/wp-content\/uploads\/2025\/10\/AD-E01-4-300x300.webp 300w, https:\/\/mountlaser.com\/wp-content\/uploads\/2025\/10\/AD-E01-4-400x400.webp 400w, https:\/\/mountlaser.com\/wp-content\/uploads\/2025\/10\/AD-E01-4-800x800.webp 800w, https:\/\/mountlaser.com\/wp-content\/uploads\/2025\/10\/AD-E01-4-600x600.webp 600w, https:\/\/mountlaser.com\/wp-content\/uploads\/2025\/10\/AD-E01-4-150x150.webp 150w, https:\/\/mountlaser.com\/wp-content\/uploads\/2025\/10\/AD-E01-4-768x768.webp 768w, https:\/\/mountlaser.com\/wp-content\/uploads\/2025\/10\/AD-E01-4-12x12.webp 12w\" sizes=\"(max-width: 500px) 100vw, 500px\" \/><\/p>\n<p>Als entscheidend <strong>Adapter von Buchse auf Stecker<\/strong>, Es \u00fcberbr\u00fcckt effektiv Ger\u00e4te mit unterschiedlichen Gewindenormen und gew\u00e4hrleistet so die Kompatibilit\u00e4t \u00fcber eine breite Palette von Werkzeugen hinweg.<\/p>","protected":false},"excerpt":{"rendered":"<ul>\n<li>Pr\u00e4zisions-Gewindeumwandlung: Erm\u00f6glicht die einfache Umwandlung von 5\/8\u2033-11 Innengewinde in 1\/4\u2033-20 Au\u00dfengewinde.<\/li>\n<li>Robuste Aluminiumkonstruktion: Hergestellt aus hochwertigem Aluminium f\u00fcr eine lange Lebensdauer ohne nennenswertes Zusatzgewicht.<\/li>\n<li>Optimierte Abmessungen: Au\u00dfendurchmesser 25 mm, pr\u00e4zise H\u00f6he 18,5 mm<\/li>\n<li>Dadurch wird dieser Aluminiumadapter zu einer kompakten und effizienten L\u00f6sung f\u00fcr Ihr Setup.<\/li>\n<\/ul>","protected":false},"featured_media":2523,"comment_status":"open","ping_status":"closed","template":"","meta":[],"product_brand":[],"product_cat":[79,102],"product_tag":[],"class_list":{"0":"post-2522","1":"product","2":"type-product","3":"status-publish","4":"has-post-thumbnail","6":"product_cat-surveying-accessory","7":"product_cat-monitoring-adapter","9":"first","10":"instock","11":"shipping-taxable","12":"product-type-simple"},"_links":{"self":[{"href":"https:\/\/mountlaser.com\/de\/wp-json\/wp\/v2\/product\/2522","targetHints":{"allow":["GET"]}}],"collection":[{"href":"https:\/\/mountlaser.com\/de\/wp-json\/wp\/v2\/product"}],"about":[{"href":"https:\/\/mountlaser.com\/de\/wp-json\/wp\/v2\/types\/product"}],"replies":[{"embeddable":true,"href":"https:\/\/mountlaser.com\/de\/wp-json\/wp\/v2\/comments?post=2522"}],"wp:featuredmedia":[{"embeddable":true,"href":"https:\/\/mountlaser.com\/de\/wp-json\/wp\/v2\/media\/2523"}],"wp:attachment":[{"href":"https:\/\/mountlaser.com\/de\/wp-json\/wp\/v2\/media?parent=2522"}],"wp:term":[{"taxonomy":"product_brand","embeddable":true,"href":"https:\/\/mountlaser.com\/de\/wp-json\/wp\/v2\/product_brand?post=2522"},{"taxonomy":"product_cat","embeddable":true,"href":"https:\/\/mountlaser.com\/de\/wp-json\/wp\/v2\/product_cat?post=2522"},{"taxonomy":"product_tag","embeddable":true,"href":"https:\/\/mountlaser.com\/de\/wp-json\/wp\/v2\/product_tag?post=2522"}],"curies":[{"name":"wp","href":"https:\/\/api.w.org\/{rel}","templated":true}]}}