{"id":2471,"date":"2025-09-30T08:54:19","date_gmt":"2025-09-30T08:54:19","guid":{"rendered":"https:\/\/mountlaser.com\/?post_type=product&#038;p=2471"},"modified":"2025-11-28T07:26:59","modified_gmt":"2025-11-28T07:26:59","slug":"ad-l08-aluminum-adapter","status":"publish","type":"product","link":"https:\/\/mountlaser.com\/de\/produkt\/ad-l08-aluminum-adapter\/","title":{"rendered":"AD-L08 Aluminiumadapter"},"content":{"rendered":"<p>Lernen Sie den Mount Laser kennen <a href=\"https:\/\/mountlaser.com\/de\/products\/\"><strong>AD-L08 Aluminiumadapter<\/strong><\/a>, Die leichte und robuste L\u00f6sung f\u00fcr Ihre pr\u00e4zisen Verbindungsanforderungen. Dieser hochwertige Adapter verf\u00fcgt \u00fcber einen stabilen Schweizer Stecker mit 25 mm Durchmesser und ist aus massivem Aluminium gefertigt. Er bietet die ideale Balance zwischen Stabilit\u00e4t und minimalem Gewicht. Sein Hauptmerkmal ist der pr\u00e4zisionsgefertigte 5\/8-11-Gewindeadapter (Innengewinde), der universelle Kompatibilit\u00e4t mit einer Vielzahl von Vermessungsger\u00e4ten, einschlie\u00dflich Stativen und Stangen, gew\u00e4hrleistet.<\/p>\n<p><img fetchpriority=\"high\" decoding=\"async\" class=\"aligncenter wp-image-2474\" src=\"https:\/\/mountlaser.com\/wp-content\/uploads\/2025\/09\/AD-L08-6.webp\" alt=\"Female 5\/8&quot;-11 thread Adapter\" width=\"500\" height=\"500\" srcset=\"https:\/\/mountlaser.com\/wp-content\/uploads\/2025\/09\/AD-L08-6.webp 1000w, https:\/\/mountlaser.com\/wp-content\/uploads\/2025\/09\/AD-L08-6-300x300.webp 300w, https:\/\/mountlaser.com\/wp-content\/uploads\/2025\/09\/AD-L08-6-400x400.webp 400w, https:\/\/mountlaser.com\/wp-content\/uploads\/2025\/09\/AD-L08-6-800x800.webp 800w, https:\/\/mountlaser.com\/wp-content\/uploads\/2025\/09\/AD-L08-6-600x600.webp 600w, https:\/\/mountlaser.com\/wp-content\/uploads\/2025\/09\/AD-L08-6-150x150.webp 150w, https:\/\/mountlaser.com\/wp-content\/uploads\/2025\/09\/AD-L08-6-768x768.webp 768w, https:\/\/mountlaser.com\/wp-content\/uploads\/2025\/09\/AD-L08-6-12x12.webp 12w\" sizes=\"(max-width: 500px) 100vw, 500px\" \/><\/p>\n<p>Der AD-L08 ist speziell als zuverl\u00e4ssiger<a href=\"https:\/\/mountlaser.com\/de\/about-us\/\"> <strong>Adapter f\u00fcr 5\/8-11-Innengewinde<\/strong> <\/a>Das gew\u00e4hrleistet jederzeit eine sichere, pr\u00e4zise und rutschfeste Verbindung. Die leichte Aluminiumkonstruktion reduziert die Erm\u00fcdung des Werkzeugs, ohne die Haltbarkeit zu beeintr\u00e4chtigen. Dadurch ist dieser 5\/8-11-Gewindeadapter (Innengewinde) ideal f\u00fcr Vermesser, die viel unterwegs sind. Erg\u00e4nzen Sie Ihre Ausr\u00fcstung mit dem AD-L08 f\u00fcr einen reibungslosen und effizienten Aufbau.<\/p>","protected":false},"excerpt":{"rendered":"<ul>\n<li>Leichtes Aluminium: Hergestellt aus massivem Aluminium f\u00fcr ein hervorragendes Verh\u00e4ltnis von Festigkeit zu Gewicht, wodurch die Erm\u00fcdung des Benutzers reduziert wird.<\/li>\n<li>Pr\u00e4zisions-Schweizer Stecker: Verf\u00fcgt \u00fcber einen hochwertigen Schweizer Stecker mit 25 mm Durchmesser f\u00fcr einen sicheren und pr\u00e4zisen Sitz.<\/li>\n<li>Universelles 5\/8\u2033-11 Innengewinde: Gew\u00e4hrleistet breite Kompatibilit\u00e4t mit Standard-Vermessungsstativen, -stangen und -zubeh\u00f6r.<\/li>\n<\/ul>","protected":false},"featured_media":2472,"comment_status":"open","ping_status":"closed","template":"","meta":[],"product_brand":[],"product_cat":[79,102],"product_tag":[],"class_list":{"0":"post-2471","1":"product","2":"type-product","3":"status-publish","4":"has-post-thumbnail","6":"product_cat-surveying-accessory","7":"product_cat-monitoring-adapter","9":"first","10":"instock","11":"shipping-taxable","12":"product-type-simple"},"_links":{"self":[{"href":"https:\/\/mountlaser.com\/de\/wp-json\/wp\/v2\/product\/2471","targetHints":{"allow":["GET"]}}],"collection":[{"href":"https:\/\/mountlaser.com\/de\/wp-json\/wp\/v2\/product"}],"about":[{"href":"https:\/\/mountlaser.com\/de\/wp-json\/wp\/v2\/types\/product"}],"replies":[{"embeddable":true,"href":"https:\/\/mountlaser.com\/de\/wp-json\/wp\/v2\/comments?post=2471"}],"wp:featuredmedia":[{"embeddable":true,"href":"https:\/\/mountlaser.com\/de\/wp-json\/wp\/v2\/media\/2472"}],"wp:attachment":[{"href":"https:\/\/mountlaser.com\/de\/wp-json\/wp\/v2\/media?parent=2471"}],"wp:term":[{"taxonomy":"product_brand","embeddable":true,"href":"https:\/\/mountlaser.com\/de\/wp-json\/wp\/v2\/product_brand?post=2471"},{"taxonomy":"product_cat","embeddable":true,"href":"https:\/\/mountlaser.com\/de\/wp-json\/wp\/v2\/product_cat?post=2471"},{"taxonomy":"product_tag","embeddable":true,"href":"https:\/\/mountlaser.com\/de\/wp-json\/wp\/v2\/product_tag?post=2471"}],"curies":[{"name":"wp","href":"https:\/\/api.w.org\/{rel}","templated":true}]}}