{"id":2466,"date":"2025-09-30T08:36:09","date_gmt":"2025-09-30T08:36:09","guid":{"rendered":"https:\/\/mountlaser.com\/?post_type=product&#038;p=2466"},"modified":"2025-11-28T08:02:02","modified_gmt":"2025-11-28T08:02:02","slug":"ad-l07-copper-adapter","status":"publish","type":"product","link":"https:\/\/mountlaser.com\/de\/produkt\/ad-l07-copper-adapter\/","title":{"rendered":"AD-L07 Kupferadapter"},"content":{"rendered":"<p>Erleben Sie \u00fcberragende Leistung und Langlebigkeit mit dem Mount Laser. <a href=\"https:\/\/mountlaser.com\/de\/\"><strong>AD-L07 Kupferadapter<\/strong><\/a>. Dieser pr\u00e4zisionsgefertigte Adapter wurde speziell f\u00fcr Vermesser mit h\u00f6chsten Anspr\u00fcchen entwickelt und vereint die hervorragende Verschlei\u00dffestigkeit und die nat\u00fcrlichen Schmiereigenschaften von Kupfer mit einem universellen M8-Gewinde und einem Design im Schweizer Stil. Der Kupferadapter AD-L07 gew\u00e4hrleistet eine sichere, verschlei\u00dffeste Verbindung, die auch dem harten t\u00e4glichen Einsatz standh\u00e4lt und Ihre wertvollen Instrumente vor Gewindesch\u00e4den und Fressen sch\u00fctzt.<\/p>\n<p>Ideal f\u00fcr hochpr\u00e4zise Vermessungsaufgaben, die robuste Konstruktion dieses<a href=\"https:\/\/mountlaser.com\/de\/about-us\/\"><strong> AD-L07<\/strong> <\/a>Der Kupferadapter garantiert langfristige Zuverl\u00e4ssigkeit und konstante Leistung im Feldeinsatz. Durch die Reduzierung von Reibung und Verschlei\u00df an Adapter und Messger\u00e4t verl\u00e4ngert er die Lebensdauer Ihrer Ger\u00e4te und minimiert Ausfallzeiten. Entscheiden Sie sich f\u00fcr den AD-L07 \u2013 f\u00fcr eine un\u00fcbertroffene Kombination aus Qualit\u00e4t, Funktionalit\u00e4t und Schutz.<\/p>\n<p><img fetchpriority=\"high\" decoding=\"async\" class=\"aligncenter wp-image-2469\" src=\"https:\/\/mountlaser.com\/wp-content\/uploads\/2025\/09\/AD-L07-6.webp\" alt=\"AD-L07 Copper Adapter \" width=\"500\" height=\"500\" srcset=\"https:\/\/mountlaser.com\/wp-content\/uploads\/2025\/09\/AD-L07-6.webp 1000w, https:\/\/mountlaser.com\/wp-content\/uploads\/2025\/09\/AD-L07-6-300x300.webp 300w, https:\/\/mountlaser.com\/wp-content\/uploads\/2025\/09\/AD-L07-6-400x400.webp 400w, https:\/\/mountlaser.com\/wp-content\/uploads\/2025\/09\/AD-L07-6-800x800.webp 800w, https:\/\/mountlaser.com\/wp-content\/uploads\/2025\/09\/AD-L07-6-600x600.webp 600w, https:\/\/mountlaser.com\/wp-content\/uploads\/2025\/09\/AD-L07-6-150x150.webp 150w, https:\/\/mountlaser.com\/wp-content\/uploads\/2025\/09\/AD-L07-6-768x768.webp 768w, https:\/\/mountlaser.com\/wp-content\/uploads\/2025\/09\/AD-L07-6-12x12.webp 12w\" sizes=\"(max-width: 500px) 100vw, 500px\" \/><\/p>\n<p><strong>Verwendung mit dem Kupferadapter AD-L07<\/strong><\/p>\n<p><img decoding=\"async\" class=\"aligncenter wp-image-2220 size-full\" src=\"https:\/\/mountlaser.com\/wp-content\/uploads\/2025\/09\/1-5.webp\" alt=\"\" width=\"614\" height=\"759\" srcset=\"https:\/\/mountlaser.com\/wp-content\/uploads\/2025\/09\/1-5.webp 614w, https:\/\/mountlaser.com\/wp-content\/uploads\/2025\/09\/1-5-600x742.webp 600w, https:\/\/mountlaser.com\/wp-content\/uploads\/2025\/09\/1-5-243x300.webp 243w, https:\/\/mountlaser.com\/wp-content\/uploads\/2025\/09\/1-5-10x12.webp 10w\" sizes=\"(max-width: 614px) 100vw, 614px\" \/><\/p>","protected":false},"excerpt":{"rendered":"<ul>\n<li>Hochwertige Kupferkonstruktion: Bietet hervorragende Verschlei\u00dffestigkeit, nat\u00fcrliche Schmierung und Anti-Seize-Eigenschaften.<\/li>\n<li>Pr\u00e4zisions-M8-Gewinde: Gew\u00e4hrleistet eine universelle, sichere und genaue Verbindung mit Ihren Vermessungsinstrumenten.<\/li>\n<li>Schweizer Design: Garantiert hohe Fertigungsstandards f\u00fcr perfekte Kompatibilit\u00e4t und zuverl\u00e4ssige Leistung.<\/li>\n<\/ul>","protected":false},"featured_media":2467,"comment_status":"open","ping_status":"closed","template":"","meta":[],"product_brand":[],"product_cat":[79,102],"product_tag":[],"class_list":{"0":"post-2466","1":"product","2":"type-product","3":"status-publish","4":"has-post-thumbnail","6":"product_cat-surveying-accessory","7":"product_cat-monitoring-adapter","9":"first","10":"instock","11":"shipping-taxable","12":"product-type-simple"},"_links":{"self":[{"href":"https:\/\/mountlaser.com\/de\/wp-json\/wp\/v2\/product\/2466","targetHints":{"allow":["GET"]}}],"collection":[{"href":"https:\/\/mountlaser.com\/de\/wp-json\/wp\/v2\/product"}],"about":[{"href":"https:\/\/mountlaser.com\/de\/wp-json\/wp\/v2\/types\/product"}],"replies":[{"embeddable":true,"href":"https:\/\/mountlaser.com\/de\/wp-json\/wp\/v2\/comments?post=2466"}],"wp:featuredmedia":[{"embeddable":true,"href":"https:\/\/mountlaser.com\/de\/wp-json\/wp\/v2\/media\/2467"}],"wp:attachment":[{"href":"https:\/\/mountlaser.com\/de\/wp-json\/wp\/v2\/media?parent=2466"}],"wp:term":[{"taxonomy":"product_brand","embeddable":true,"href":"https:\/\/mountlaser.com\/de\/wp-json\/wp\/v2\/product_brand?post=2466"},{"taxonomy":"product_cat","embeddable":true,"href":"https:\/\/mountlaser.com\/de\/wp-json\/wp\/v2\/product_cat?post=2466"},{"taxonomy":"product_tag","embeddable":true,"href":"https:\/\/mountlaser.com\/de\/wp-json\/wp\/v2\/product_tag?post=2466"}],"curies":[{"name":"wp","href":"https:\/\/api.w.org\/{rel}","templated":true}]}}