{"id":2349,"date":"2025-09-29T07:59:48","date_gmt":"2025-09-29T07:59:48","guid":{"rendered":"https:\/\/mountlaser.com\/?post_type=product&#038;p=2349"},"modified":"2025-11-28T08:08:23","modified_gmt":"2025-11-28T08:08:23","slug":"gad31-swiss-screw-to-stub-adapter","status":"publish","type":"product","link":"https:\/\/mountlaser.com\/de\/produkt\/gad31-swiss-screw-to-stub-adapter\/","title":{"rendered":"GAD31 Schweizer Schraubgewinde-zu-Stummel-Adapter"},"content":{"rendered":"<p>Der <a href=\"https:\/\/mountlaser.com\/de\/\"><strong>Schraub-zu-Stummel-Adapter zu verkaufen<\/strong><\/a> Aus unserem Pr\u00e4zisionssortiment stammt das <a href=\"https:\/\/mountlaser.com\/de\/products\/\"><strong>GAD31 Schweizer Schraubgewinde-zu-Stummel-Adapter<\/strong><\/a>. Dieses pr\u00e4zise gefertigte Werkzeug ist unverzichtbar f\u00fcr Vermesser, die Instrumente mit einem Standard-5\/8\u2033-11-Innengewinde an ein kurzes Au\u00dfengewinde anschlie\u00dfen m\u00fcssen, wie es h\u00e4ufig bei Baulasern und speziellen Montagesystemen vorkommt. Der GAD31-Schraub-auf-Kurzgewinde-Adapter, hergestellt mit der f\u00fcr die Schweiz typischen Pr\u00e4zision, garantiert eine perfekte, sichere und zuverl\u00e4ssige Verbindung, eliminiert Spiel und gew\u00e4hrleistet h\u00f6chste Messgenauigkeit.<\/p>\n<p><img fetchpriority=\"high\" decoding=\"async\" class=\"wp-image-2384 aligncenter\" src=\"https:\/\/mountlaser.com\/wp-content\/uploads\/2025\/09\/GAD314.webp\" alt=\"Screw-to-Stub Adapter for sale\" width=\"500\" height=\"500\" srcset=\"https:\/\/mountlaser.com\/wp-content\/uploads\/2025\/09\/GAD314.webp 800w, https:\/\/mountlaser.com\/wp-content\/uploads\/2025\/09\/GAD314-300x300.webp 300w, https:\/\/mountlaser.com\/wp-content\/uploads\/2025\/09\/GAD314-400x400.webp 400w, https:\/\/mountlaser.com\/wp-content\/uploads\/2025\/09\/GAD314-600x600.webp 600w, https:\/\/mountlaser.com\/wp-content\/uploads\/2025\/09\/GAD314-150x150.webp 150w, https:\/\/mountlaser.com\/wp-content\/uploads\/2025\/09\/GAD314-768x768.webp 768w, https:\/\/mountlaser.com\/wp-content\/uploads\/2025\/09\/GAD314-12x12.webp 12w\" sizes=\"(max-width: 500px) 100vw, 500px\" \/><\/p>\n<p>Wenn Sie einen robusten und vielseitigen Schraub-zu-Stummel-Adapter kaufen m\u00f6chten,<a href=\"https:\/\/mountlaser.com\/de\/contact-us\/\"> GAD31<\/a> (Teilenummer: 667217) ist die ideale L\u00f6sung f\u00fcr die nahtlose Integration im Feld. Dieser hochwertige Schraub-auf-Stummel-Adapter ist ein Muss f\u00fcr Profis, die Wert auf Kompatibilit\u00e4t und Leistung legen.<\/p>","protected":false},"excerpt":{"rendered":"<ul>\n<li>Robuste Schweizer Fertigung: Gefertigt nach h\u00f6chsten Standards f\u00fcr maximale Haltbarkeit und perfekte Passform.<\/li>\n<li>Standardgewinde 5\/8\u2033-11: Verf\u00fcgt \u00fcber eine g\u00e4ngige Gewindegr\u00f6\u00dfe f\u00fcr eine breite Kompatibilit\u00e4t mit verschiedenen Vermessungsger\u00e4ten.<\/li>\n<li>Stub-Adapter-Design: Wandelt effektiv ein 5\/8\u2033-11 Innengewinde in ein Au\u00dfengewinde f\u00fcr Spezialinstrumente um.<\/li>\n<\/ul>","protected":false},"featured_media":2381,"comment_status":"open","ping_status":"closed","template":"","meta":[],"product_brand":[],"product_cat":[79,102],"product_tag":[],"class_list":{"0":"post-2349","1":"product","2":"type-product","3":"status-publish","4":"has-post-thumbnail","6":"product_cat-surveying-accessory","7":"product_cat-monitoring-adapter","9":"first","10":"instock","11":"shipping-taxable","12":"product-type-simple"},"_links":{"self":[{"href":"https:\/\/mountlaser.com\/de\/wp-json\/wp\/v2\/product\/2349","targetHints":{"allow":["GET"]}}],"collection":[{"href":"https:\/\/mountlaser.com\/de\/wp-json\/wp\/v2\/product"}],"about":[{"href":"https:\/\/mountlaser.com\/de\/wp-json\/wp\/v2\/types\/product"}],"replies":[{"embeddable":true,"href":"https:\/\/mountlaser.com\/de\/wp-json\/wp\/v2\/comments?post=2349"}],"wp:featuredmedia":[{"embeddable":true,"href":"https:\/\/mountlaser.com\/de\/wp-json\/wp\/v2\/media\/2381"}],"wp:attachment":[{"href":"https:\/\/mountlaser.com\/de\/wp-json\/wp\/v2\/media?parent=2349"}],"wp:term":[{"taxonomy":"product_brand","embeddable":true,"href":"https:\/\/mountlaser.com\/de\/wp-json\/wp\/v2\/product_brand?post=2349"},{"taxonomy":"product_cat","embeddable":true,"href":"https:\/\/mountlaser.com\/de\/wp-json\/wp\/v2\/product_cat?post=2349"},{"taxonomy":"product_tag","embeddable":true,"href":"https:\/\/mountlaser.com\/de\/wp-json\/wp\/v2\/product_tag?post=2349"}],"curies":[{"name":"wp","href":"https:\/\/api.w.org\/{rel}","templated":true}]}}