{"id":2296,"date":"2025-09-28T09:22:29","date_gmt":"2025-09-28T09:22:29","guid":{"rendered":"https:\/\/mountlaser.com\/?post_type=product&#038;p=2296"},"modified":"2025-11-28T08:13:38","modified_gmt":"2025-11-28T08:13:38","slug":"ad-s07-5-8-11-female-male-adapter","status":"publish","type":"product","link":"https:\/\/mountlaser.com\/de\/produkt\/ad-s07-5-8-11-female-male-adapter\/","title":{"rendered":"AD-S07 5\/8\u2033-11 Innen-\/Au\u00dfengewinde-Adapter"},"content":{"rendered":"<p><a href=\"https:\/\/mountlaser.com\/de\/\"><strong>Laserhalterung<\/strong> <\/a>pr\u00e4sentiert den AD-S07, einen pr\u00e4zisionsgefertigten 90-Grad-Adapter, der entwickelt wurde, um r\u00e4umliche Herausforderungen in Messaufbauten zu bew\u00e4ltigen.<\/p>\n<p>Diese innovative <a href=\"https:\/\/mountlaser.com\/de\/products\/\"><strong>90-Grad-Adapter<\/strong><\/a> Verf\u00fcgt \u00fcber eine robuste 5\/8\u2033-11 Innengewinde-Au\u00dfengewinde-Konfiguration, die eine perfekte rechtwinklige L\u00f6sung f\u00fcr komplexe Installationen bietet.<\/p>\n<p><img fetchpriority=\"high\" decoding=\"async\" class=\"wp-image-2299 aligncenter\" src=\"https:\/\/mountlaser.com\/wp-content\/uploads\/2025\/09\/IMG_5036_\u526f\u672c.webp\" alt=\"90 Degree Adapter\" width=\"500\" height=\"500\" srcset=\"https:\/\/mountlaser.com\/wp-content\/uploads\/2025\/09\/IMG_5036_\u526f\u672c.webp 800w, https:\/\/mountlaser.com\/wp-content\/uploads\/2025\/09\/IMG_5036_\u526f\u672c-300x300.webp 300w, https:\/\/mountlaser.com\/wp-content\/uploads\/2025\/09\/IMG_5036_\u526f\u672c-400x400.webp 400w, https:\/\/mountlaser.com\/wp-content\/uploads\/2025\/09\/IMG_5036_\u526f\u672c-600x600.webp 600w, https:\/\/mountlaser.com\/wp-content\/uploads\/2025\/09\/IMG_5036_\u526f\u672c-150x150.webp 150w, https:\/\/mountlaser.com\/wp-content\/uploads\/2025\/09\/IMG_5036_\u526f\u672c-768x768.webp 768w, https:\/\/mountlaser.com\/wp-content\/uploads\/2025\/09\/IMG_5036_\u526f\u672c-12x12.webp 12w\" sizes=\"(max-width: 500px) 100vw, 500px\" \/><\/p>\n<p>Dieser speziell als idealer Adapter f\u00fcr Stahlkonstruktionen entwickelte Adapter erm\u00f6glicht die Instrumentenmontage in beengten R\u00e4umen, in denen herk\u00f6mmliche Adapter nicht passen. Die robuste Konstruktion gew\u00e4hrleistet zuverl\u00e4ssige Leistung und macht ihn zu einem idealen Begleiter f\u00fcr Stahlkonstruktionen. <a href=\"https:\/\/mountlaser.com\/de\/contact-us\/\">90-Grad-Adapter<\/a> Ein unverzichtbares Werkzeug f\u00fcr Vermesser und Ingenieure, die mit Tragwerkskonstruktionen und beengten Platzverh\u00e4ltnissen arbeiten.<\/p>","protected":false},"excerpt":{"rendered":"<ul>\n<li>90-Grad-Rechtwinkelkonstruktion f\u00fcr beengte R\u00e4ume<\/li>\n<li>Kompatibilit\u00e4t von 5\/8\u2033-11 Innengewinde auf Au\u00dfengewinde<\/li>\n<li>Robuste Konstruktion f\u00fcr strukturelle Anwendungen<\/li>\n<\/ul>","protected":false},"featured_media":2298,"comment_status":"open","ping_status":"closed","template":"","meta":[],"product_brand":[],"product_cat":[79,102],"product_tag":[],"class_list":{"0":"post-2296","1":"product","2":"type-product","3":"status-publish","4":"has-post-thumbnail","6":"product_cat-surveying-accessory","7":"product_cat-monitoring-adapter","9":"first","10":"instock","11":"shipping-taxable","12":"product-type-simple"},"_links":{"self":[{"href":"https:\/\/mountlaser.com\/de\/wp-json\/wp\/v2\/product\/2296","targetHints":{"allow":["GET"]}}],"collection":[{"href":"https:\/\/mountlaser.com\/de\/wp-json\/wp\/v2\/product"}],"about":[{"href":"https:\/\/mountlaser.com\/de\/wp-json\/wp\/v2\/types\/product"}],"replies":[{"embeddable":true,"href":"https:\/\/mountlaser.com\/de\/wp-json\/wp\/v2\/comments?post=2296"}],"wp:featuredmedia":[{"embeddable":true,"href":"https:\/\/mountlaser.com\/de\/wp-json\/wp\/v2\/media\/2298"}],"wp:attachment":[{"href":"https:\/\/mountlaser.com\/de\/wp-json\/wp\/v2\/media?parent=2296"}],"wp:term":[{"taxonomy":"product_brand","embeddable":true,"href":"https:\/\/mountlaser.com\/de\/wp-json\/wp\/v2\/product_brand?post=2296"},{"taxonomy":"product_cat","embeddable":true,"href":"https:\/\/mountlaser.com\/de\/wp-json\/wp\/v2\/product_cat?post=2296"},{"taxonomy":"product_tag","embeddable":true,"href":"https:\/\/mountlaser.com\/de\/wp-json\/wp\/v2\/product_tag?post=2296"}],"curies":[{"name":"wp","href":"https:\/\/api.w.org\/{rel}","templated":true}]}}