{"id":2284,"date":"2025-09-28T08:24:08","date_gmt":"2025-09-28T08:24:08","guid":{"rendered":"https:\/\/mountlaser.com\/?post_type=product&#038;p=2284"},"modified":"2025-11-28T08:15:40","modified_gmt":"2025-11-28T08:15:40","slug":"ad-s04-stainless-steel-adapter","status":"publish","type":"product","link":"https:\/\/mountlaser.com\/de\/produkt\/ad-s04-stainless-steel-adapter\/","title":{"rendered":"AD-S04 Edelstahladapter"},"content":{"rendered":"<p>Der <a href=\"https:\/\/mountlaser.com\/de\/\"><strong>Montiert Laser AD-S04<\/strong><\/a> ist ein Premiumprodukt <a href=\"https:\/\/mountlaser.com\/de\/products\/\"><strong>M8-Gewindeadapter<\/strong><\/a> Dieser Adapter wurde f\u00fcr professionelle Anwender entwickelt, die in ihren Messaufbauten auf hohe Kompatibilit\u00e4t und absolute Langlebigkeit angewiesen sind. Er schlie\u00dft die L\u00fccke zwischen dem branchen\u00fcblichen 5\/8\u2033-11-Gewinde und dem vielseitigen M8-Gewinde und ist somit ein unverzichtbarer M8-Gewindeadapter zur Integration einer Vielzahl von Instrumenten und Zubeh\u00f6rteilen.<\/p>\n<p>Dieses robuste Produkt wurde vollst\u00e4ndig aus hochwertigem Edelstahl gefertigt. <a href=\"https:\/\/mountlaser.com\/de\/contact-us\/\">M8-Gewindeadapter<\/a> Es ist korrosions-, verschlei\u00df- und sto\u00dffest konstruiert und gew\u00e4hrleistet so zuverl\u00e4ssige Leistung auch unter anspruchsvollsten Feldbedingungen. Es ist die perfekte L\u00f6sung f\u00fcr sichere und pr\u00e4zise Verbindungen in Konfigurationen mit unterschiedlichen Standards.<\/p>\n<p>&nbsp;<\/p>\n<p><img fetchpriority=\"high\" decoding=\"async\" class=\"wp-image-2286 aligncenter\" src=\"https:\/\/mountlaser.com\/wp-content\/uploads\/2025\/09\/IMG_0262_\u526f\u672c.webp\" alt=\"M8 thread Adapter\" width=\"500\" height=\"500\" srcset=\"https:\/\/mountlaser.com\/wp-content\/uploads\/2025\/09\/IMG_0262_\u526f\u672c.webp 800w, https:\/\/mountlaser.com\/wp-content\/uploads\/2025\/09\/IMG_0262_\u526f\u672c-300x300.webp 300w, https:\/\/mountlaser.com\/wp-content\/uploads\/2025\/09\/IMG_0262_\u526f\u672c-400x400.webp 400w, https:\/\/mountlaser.com\/wp-content\/uploads\/2025\/09\/IMG_0262_\u526f\u672c-600x600.webp 600w, https:\/\/mountlaser.com\/wp-content\/uploads\/2025\/09\/IMG_0262_\u526f\u672c-150x150.webp 150w, https:\/\/mountlaser.com\/wp-content\/uploads\/2025\/09\/IMG_0262_\u526f\u672c-768x768.webp 768w, https:\/\/mountlaser.com\/wp-content\/uploads\/2025\/09\/IMG_0262_\u526f\u672c-12x12.webp 12w\" sizes=\"(max-width: 500px) 100vw, 500px\" \/><\/p>\n<p>&nbsp;<\/p>\n<p><strong>Verwendung mit dem Edelstahladapter AD-S04<\/strong><\/p>\n<p><img decoding=\"async\" class=\"wp-image-2220 size-full aligncenter\" src=\"https:\/\/mountlaser.com\/wp-content\/uploads\/2025\/09\/1-5.webp\" alt=\"\" width=\"614\" height=\"759\" srcset=\"https:\/\/mountlaser.com\/wp-content\/uploads\/2025\/09\/1-5.webp 614w, https:\/\/mountlaser.com\/wp-content\/uploads\/2025\/09\/1-5-600x742.webp 600w, https:\/\/mountlaser.com\/wp-content\/uploads\/2025\/09\/1-5-243x300.webp 243w, https:\/\/mountlaser.com\/wp-content\/uploads\/2025\/09\/1-5-10x12.webp 10w\" sizes=\"(max-width: 614px) 100vw, 614px\" \/><\/p>","protected":false},"excerpt":{"rendered":"<ul>\n<li>Kompatibilit\u00e4t mit verschiedenen Gewinden: Verf\u00fcgt an einem Ende \u00fcber ein 5\/8\u2033-11-Gewinde und am anderen Ende \u00fcber ein M8-Gewinde zum Verbinden unterschiedlicher Gewindestandards.<\/li>\n<li>Konstruktion aus Edelstahl: Bietet \u00fcberlegene Festigkeit und hervorragende Best\u00e4ndigkeit gegen Rost und Korrosion.<\/li>\n<\/ul>\n<p>&nbsp;<\/p>","protected":false},"featured_media":2288,"comment_status":"open","ping_status":"closed","template":"","meta":[],"product_brand":[],"product_cat":[79,102],"product_tag":[],"class_list":{"0":"post-2284","1":"product","2":"type-product","3":"status-publish","4":"has-post-thumbnail","6":"product_cat-surveying-accessory","7":"product_cat-monitoring-adapter","9":"first","10":"instock","11":"shipping-taxable","12":"product-type-simple"},"_links":{"self":[{"href":"https:\/\/mountlaser.com\/de\/wp-json\/wp\/v2\/product\/2284","targetHints":{"allow":["GET"]}}],"collection":[{"href":"https:\/\/mountlaser.com\/de\/wp-json\/wp\/v2\/product"}],"about":[{"href":"https:\/\/mountlaser.com\/de\/wp-json\/wp\/v2\/types\/product"}],"replies":[{"embeddable":true,"href":"https:\/\/mountlaser.com\/de\/wp-json\/wp\/v2\/comments?post=2284"}],"wp:featuredmedia":[{"embeddable":true,"href":"https:\/\/mountlaser.com\/de\/wp-json\/wp\/v2\/media\/2288"}],"wp:attachment":[{"href":"https:\/\/mountlaser.com\/de\/wp-json\/wp\/v2\/media?parent=2284"}],"wp:term":[{"taxonomy":"product_brand","embeddable":true,"href":"https:\/\/mountlaser.com\/de\/wp-json\/wp\/v2\/product_brand?post=2284"},{"taxonomy":"product_cat","embeddable":true,"href":"https:\/\/mountlaser.com\/de\/wp-json\/wp\/v2\/product_cat?post=2284"},{"taxonomy":"product_tag","embeddable":true,"href":"https:\/\/mountlaser.com\/de\/wp-json\/wp\/v2\/product_tag?post=2284"}],"curies":[{"name":"wp","href":"https:\/\/api.w.org\/{rel}","templated":true}]}}