{"id":2277,"date":"2025-09-28T07:46:49","date_gmt":"2025-09-28T07:46:49","guid":{"rendered":"https:\/\/mountlaser.com\/?post_type=product&#038;p=2277"},"modified":"2025-11-28T08:17:32","modified_gmt":"2025-11-28T08:17:32","slug":"ad-s02-stainless-steel-adapter","status":"publish","type":"product","link":"https:\/\/mountlaser.com\/de\/produkt\/ad-s02-stainless-steel-adapter\/","title":{"rendered":"AD-S02 Edelstahladapter"},"content":{"rendered":"<p>Der <a href=\"https:\/\/mountlaser.com\/de\/\"><strong>AD-S02 Edelstahladapter<\/strong><\/a> Mount Laser bietet einen hochwertigen 5\/8\u2033-11-Gewindeadapter, der f\u00fcr Langlebigkeit und Pr\u00e4zision in anspruchsvollen Messumgebungen entwickelt wurde. Dieser robuste Adapter ist vollst\u00e4ndig aus Edelstahl gefertigt. <a href=\"https:\/\/mountlaser.com\/de\/products\/\"><strong>5\/8\u2033-11 Gewindeadapter<\/strong> <\/a>bietet im Vergleich zu Standard-Aluminiummodellen eine \u00fcberlegene Best\u00e4ndigkeit gegen Korrosion, Verschlei\u00df und St\u00f6\u00dfe.<\/p>\n<p><img fetchpriority=\"high\" decoding=\"async\" class=\"wp-image-2281 aligncenter\" src=\"https:\/\/mountlaser.com\/wp-content\/uploads\/2025\/09\/AD-S02-5.webp\" alt=\"5\/8&quot;-11 thread Adapter\" width=\"500\" height=\"500\" srcset=\"https:\/\/mountlaser.com\/wp-content\/uploads\/2025\/09\/AD-S02-5.webp 1000w, https:\/\/mountlaser.com\/wp-content\/uploads\/2025\/09\/AD-S02-5-300x300.webp 300w, https:\/\/mountlaser.com\/wp-content\/uploads\/2025\/09\/AD-S02-5-400x400.webp 400w, https:\/\/mountlaser.com\/wp-content\/uploads\/2025\/09\/AD-S02-5-800x800.webp 800w, https:\/\/mountlaser.com\/wp-content\/uploads\/2025\/09\/AD-S02-5-600x600.webp 600w, https:\/\/mountlaser.com\/wp-content\/uploads\/2025\/09\/AD-S02-5-150x150.webp 150w, https:\/\/mountlaser.com\/wp-content\/uploads\/2025\/09\/AD-S02-5-768x768.webp 768w, https:\/\/mountlaser.com\/wp-content\/uploads\/2025\/09\/AD-S02-5-12x12.webp 12w\" sizes=\"(max-width: 500px) 100vw, 500px\" \/><br \/>\nDieser Adapter wurde entwickelt, um eine sichere und zuverl\u00e4ssige Verbindung f\u00fcr Ihre Vermessungs- und Messger\u00e4te zu gew\u00e4hrleisten und so langfristige Genauigkeit sicherzustellen. Wenn Ihre Projekte unter anspruchsvollen Bedingungen kompromisslose Leistung erfordern, ist dieser Edelstahl-Adapter mit 5\/8\u2033-11- und M8-Gewinde die optimale Wahl f\u00fcr Profis, die keine Kompromisse bei der Qualit\u00e4t eingehen.<\/p>\n<p>&nbsp;<\/p>\n<p><strong>Verwendung mit dem Edelstahladapter AD-S02<\/strong><\/p>\n<p><img decoding=\"async\" class=\"wp-image-2220 size-full aligncenter\" src=\"https:\/\/mountlaser.com\/wp-content\/uploads\/2025\/09\/1-5.webp\" alt=\"\" width=\"614\" height=\"759\" srcset=\"https:\/\/mountlaser.com\/wp-content\/uploads\/2025\/09\/1-5.webp 614w, https:\/\/mountlaser.com\/wp-content\/uploads\/2025\/09\/1-5-600x742.webp 600w, https:\/\/mountlaser.com\/wp-content\/uploads\/2025\/09\/1-5-243x300.webp 243w, https:\/\/mountlaser.com\/wp-content\/uploads\/2025\/09\/1-5-10x12.webp 10w\" sizes=\"(max-width: 614px) 100vw, 614px\" \/><\/p>\n<p>&nbsp;<\/p>","protected":false},"excerpt":{"rendered":"<ul>\n<li>Hochwertiges Material: Gefertigt aus hochwertigem Edelstahl f\u00fcr maximale Haltbarkeit.<\/li>\n<li>Pr\u00e4zisionsgewinde: Verf\u00fcgt \u00fcber ein Standardgewinde 5\/8\u2033-11 f\u00fcr universelle Kompatibilit\u00e4t mit Stativen und Instrumenten.<\/li>\n<li>Korrosionsbest\u00e4ndigkeit: Ideal f\u00fcr den Einsatz in rauen Umgebungen oder im Freien, wo Feuchtigkeit ein Problem darstellt.<\/li>\n<\/ul>","protected":false},"featured_media":2280,"comment_status":"open","ping_status":"closed","template":"","meta":[],"product_brand":[],"product_cat":[79,102],"product_tag":[],"class_list":{"0":"post-2277","1":"product","2":"type-product","3":"status-publish","4":"has-post-thumbnail","6":"product_cat-surveying-accessory","7":"product_cat-monitoring-adapter","9":"first","10":"instock","11":"shipping-taxable","12":"product-type-simple"},"_links":{"self":[{"href":"https:\/\/mountlaser.com\/de\/wp-json\/wp\/v2\/product\/2277","targetHints":{"allow":["GET"]}}],"collection":[{"href":"https:\/\/mountlaser.com\/de\/wp-json\/wp\/v2\/product"}],"about":[{"href":"https:\/\/mountlaser.com\/de\/wp-json\/wp\/v2\/types\/product"}],"replies":[{"embeddable":true,"href":"https:\/\/mountlaser.com\/de\/wp-json\/wp\/v2\/comments?post=2277"}],"wp:featuredmedia":[{"embeddable":true,"href":"https:\/\/mountlaser.com\/de\/wp-json\/wp\/v2\/media\/2280"}],"wp:attachment":[{"href":"https:\/\/mountlaser.com\/de\/wp-json\/wp\/v2\/media?parent=2277"}],"wp:term":[{"taxonomy":"product_brand","embeddable":true,"href":"https:\/\/mountlaser.com\/de\/wp-json\/wp\/v2\/product_brand?post=2277"},{"taxonomy":"product_cat","embeddable":true,"href":"https:\/\/mountlaser.com\/de\/wp-json\/wp\/v2\/product_cat?post=2277"},{"taxonomy":"product_tag","embeddable":true,"href":"https:\/\/mountlaser.com\/de\/wp-json\/wp\/v2\/product_tag?post=2277"}],"curies":[{"name":"wp","href":"https:\/\/api.w.org\/{rel}","templated":true}]}}