{"id":2267,"date":"2025-09-28T03:31:47","date_gmt":"2025-09-28T03:31:47","guid":{"rendered":"https:\/\/mountlaser.com\/?post_type=product&#038;p=2267"},"modified":"2025-11-28T08:28:58","modified_gmt":"2025-11-28T08:28:58","slug":"ad-f01-double-female-adapter","status":"publish","type":"product","link":"https:\/\/mountlaser.com\/de\/produkt\/ad-f01-double-female-adapter\/","title":{"rendered":"AD-F01 Doppel-Buchsenadapter"},"content":{"rendered":"<p>Der <a href=\"https:\/\/mountlaser.com\/de\/products\/\"><strong>Mountlaser Doppel-5\/8\u2033-11 Innengewinde-Adapter<\/strong><\/a> (P\/N: 5181-00) ist eine unverzichtbare Verbindungsl\u00f6sung f\u00fcr Pr\u00e4zisionsmesssysteme. Dieser vielseitige Adapter verf\u00fcgt an beiden Enden \u00fcber ein Innengewinde und ist speziell f\u00fcr die Verbindung zweier Komponenten mit Au\u00dfengewinde, wie z. B. Stative und verschiedene Instrumente, entwickelt worden.<\/p>\n<p><img fetchpriority=\"high\" decoding=\"async\" class=\"wp-image-2270 aligncenter\" src=\"https:\/\/mountlaser.com\/wp-content\/uploads\/2025\/09\/IMG_5059_\u526f\u672c.webp\" alt=\"Double Female Adapter\" width=\"500\" height=\"500\" srcset=\"https:\/\/mountlaser.com\/wp-content\/uploads\/2025\/09\/IMG_5059_\u526f\u672c.webp 800w, https:\/\/mountlaser.com\/wp-content\/uploads\/2025\/09\/IMG_5059_\u526f\u672c-300x300.webp 300w, https:\/\/mountlaser.com\/wp-content\/uploads\/2025\/09\/IMG_5059_\u526f\u672c-400x400.webp 400w, https:\/\/mountlaser.com\/wp-content\/uploads\/2025\/09\/IMG_5059_\u526f\u672c-600x600.webp 600w, https:\/\/mountlaser.com\/wp-content\/uploads\/2025\/09\/IMG_5059_\u526f\u672c-150x150.webp 150w, https:\/\/mountlaser.com\/wp-content\/uploads\/2025\/09\/IMG_5059_\u526f\u672c-768x768.webp 768w, https:\/\/mountlaser.com\/wp-content\/uploads\/2025\/09\/IMG_5059_\u526f\u672c-12x12.webp 12w\" sizes=\"(max-width: 500px) 100vw, 500px\" \/><br \/>\nMit seiner robusten Konstruktion und einer kompakten H\u00f6he von 38 mm ist dieses <a href=\"https:\/\/mountlaser.com\/de\/contact-us\/\"><strong>Doppelter weiblicher Adapter<\/strong><\/a> Gew\u00e4hrleistet eine sichere und stabile Verbindung und erweitert so die Messanordnung effektiv, ohne die Genauigkeit zu beeintr\u00e4chtigen. F\u00fcr Profis, die zuverl\u00e4ssiges und hochwertiges Messzubeh\u00f6r suchen, ist der Mountlaser Doppeladapter 5\/8\u2033-11 (weiblich) die ideale Wahl f\u00fcr komplexe Konfigurationen.<\/p>","protected":false},"excerpt":{"rendered":"<ul>\n<li>Doppelter Innengewindeanschluss: Verf\u00fcgt \u00fcber zwei 5\/8\u2033-11 Innengewinde zum Anschluss von Bauteilen mit Au\u00dfengewinde.<\/li>\n<li>Kompaktes Design: Mit einer H\u00f6he von 38 mm bietet es eine unauff\u00e4llige Erweiterung.<\/li>\n<\/ul>","protected":false},"featured_media":2268,"comment_status":"open","ping_status":"closed","template":"","meta":[],"product_brand":[],"product_cat":[79,102],"product_tag":[],"class_list":{"0":"post-2267","1":"product","2":"type-product","3":"status-publish","4":"has-post-thumbnail","6":"product_cat-surveying-accessory","7":"product_cat-monitoring-adapter","9":"first","10":"instock","11":"shipping-taxable","12":"product-type-simple"},"_links":{"self":[{"href":"https:\/\/mountlaser.com\/de\/wp-json\/wp\/v2\/product\/2267","targetHints":{"allow":["GET"]}}],"collection":[{"href":"https:\/\/mountlaser.com\/de\/wp-json\/wp\/v2\/product"}],"about":[{"href":"https:\/\/mountlaser.com\/de\/wp-json\/wp\/v2\/types\/product"}],"replies":[{"embeddable":true,"href":"https:\/\/mountlaser.com\/de\/wp-json\/wp\/v2\/comments?post=2267"}],"wp:featuredmedia":[{"embeddable":true,"href":"https:\/\/mountlaser.com\/de\/wp-json\/wp\/v2\/media\/2268"}],"wp:attachment":[{"href":"https:\/\/mountlaser.com\/de\/wp-json\/wp\/v2\/media?parent=2267"}],"wp:term":[{"taxonomy":"product_brand","embeddable":true,"href":"https:\/\/mountlaser.com\/de\/wp-json\/wp\/v2\/product_brand?post=2267"},{"taxonomy":"product_cat","embeddable":true,"href":"https:\/\/mountlaser.com\/de\/wp-json\/wp\/v2\/product_cat?post=2267"},{"taxonomy":"product_tag","embeddable":true,"href":"https:\/\/mountlaser.com\/de\/wp-json\/wp\/v2\/product_tag?post=2267"}],"curies":[{"name":"wp","href":"https:\/\/api.w.org\/{rel}","templated":true}]}}