{"id":2260,"date":"2025-09-28T03:03:30","date_gmt":"2025-09-28T03:03:30","guid":{"rendered":"https:\/\/mountlaser.com\/?post_type=product&#038;p=2260"},"modified":"2025-11-28T08:45:23","modified_gmt":"2025-11-28T08:45:23","slug":"ad-a30-adapter","status":"publish","type":"product","link":"https:\/\/mountlaser.com\/de\/produkt\/ad-a30-adapter\/","title":{"rendered":"AD-A30 Adapter"},"content":{"rendered":"<p>Der <strong><a href=\"https:\/\/mountlaser.com\/de\/products\/\">AD-A30 Aluminiumadapter<\/a><\/strong> Dieser hochwertige Adapter (Buchse auf Stecker) mit 22 mm Durchmesser ist f\u00fcr pr\u00e4zise Messanwendungen konzipiert. Er besteht aus robustem Aluminium und verf\u00fcgt \u00fcber ein 5\/8\u2033-11-Gewinde. Dadurch gew\u00e4hrleistet er zuverl\u00e4ssige Verbindungen und Kompatibilit\u00e4t.<\/p>\n<p><img fetchpriority=\"high\" decoding=\"async\" class=\"wp-image-2265 aligncenter\" src=\"https:\/\/mountlaser.com\/wp-content\/uploads\/2025\/09\/AD-A30-6.webp\" alt=\"AD-A30 Aluminium Adapter\" width=\"500\" height=\"500\" srcset=\"https:\/\/mountlaser.com\/wp-content\/uploads\/2025\/09\/AD-A30-6.webp 1000w, https:\/\/mountlaser.com\/wp-content\/uploads\/2025\/09\/AD-A30-6-300x300.webp 300w, https:\/\/mountlaser.com\/wp-content\/uploads\/2025\/09\/AD-A30-6-400x400.webp 400w, https:\/\/mountlaser.com\/wp-content\/uploads\/2025\/09\/AD-A30-6-800x800.webp 800w, https:\/\/mountlaser.com\/wp-content\/uploads\/2025\/09\/AD-A30-6-600x600.webp 600w, https:\/\/mountlaser.com\/wp-content\/uploads\/2025\/09\/AD-A30-6-150x150.webp 150w, https:\/\/mountlaser.com\/wp-content\/uploads\/2025\/09\/AD-A30-6-768x768.webp 768w, https:\/\/mountlaser.com\/wp-content\/uploads\/2025\/09\/AD-A30-6-12x12.webp 12w\" sizes=\"(max-width: 500px) 100vw, 500px\" \/><br \/>\nAls Teil des Messzubeh\u00f6rs von Mount Laser bietet der Aluminiumadapter AD-A30 eine H\u00f6he von 30 mm und eignet sich daher ideal f\u00fcr verschiedene Setups. Die Adapterserie mit 22 mm Durchmesser umfasst mehrere H\u00f6henoptionen, wie z. B. 35 mm und 50 mm, aber das Modell AD-A30 zeichnet sich durch sein kompaktes Design aus. Dieser vielseitige Adapter ist vielseitig einsetzbar. <a href=\"https:\/\/mountlaser.com\/de\/contact-us\/\"><strong>Adapter mit 22 mm Durchmesser<\/strong><\/a> wurde entwickelt, um die Genauigkeit und Benutzerfreundlichkeit in professionellen Umgebungen zu verbessern.<\/p>","protected":false},"excerpt":{"rendered":"<ul>\n<li>Adapterdesign (weiblich auf m\u00e4nnlich) f\u00fcr nahtlose Verbindungen.<\/li>\n<li>Gefertigt aus Aluminium mit 5\/8\u2033-11 Au\u00dfen-\/Innengewinde.<\/li>\n<li>Durchmesser von 22 mm f\u00fcr Standardkompatibilit\u00e4t.<\/li>\n<\/ul>","protected":false},"featured_media":2262,"comment_status":"open","ping_status":"closed","template":"","meta":[],"product_brand":[],"product_cat":[79,102],"product_tag":[],"class_list":{"0":"post-2260","1":"product","2":"type-product","3":"status-publish","4":"has-post-thumbnail","6":"product_cat-surveying-accessory","7":"product_cat-monitoring-adapter","9":"first","10":"instock","11":"shipping-taxable","12":"product-type-simple"},"_links":{"self":[{"href":"https:\/\/mountlaser.com\/de\/wp-json\/wp\/v2\/product\/2260","targetHints":{"allow":["GET"]}}],"collection":[{"href":"https:\/\/mountlaser.com\/de\/wp-json\/wp\/v2\/product"}],"about":[{"href":"https:\/\/mountlaser.com\/de\/wp-json\/wp\/v2\/types\/product"}],"replies":[{"embeddable":true,"href":"https:\/\/mountlaser.com\/de\/wp-json\/wp\/v2\/comments?post=2260"}],"wp:featuredmedia":[{"embeddable":true,"href":"https:\/\/mountlaser.com\/de\/wp-json\/wp\/v2\/media\/2262"}],"wp:attachment":[{"href":"https:\/\/mountlaser.com\/de\/wp-json\/wp\/v2\/media?parent=2260"}],"wp:term":[{"taxonomy":"product_brand","embeddable":true,"href":"https:\/\/mountlaser.com\/de\/wp-json\/wp\/v2\/product_brand?post=2260"},{"taxonomy":"product_cat","embeddable":true,"href":"https:\/\/mountlaser.com\/de\/wp-json\/wp\/v2\/product_cat?post=2260"},{"taxonomy":"product_tag","embeddable":true,"href":"https:\/\/mountlaser.com\/de\/wp-json\/wp\/v2\/product_tag?post=2260"}],"curies":[{"name":"wp","href":"https:\/\/api.w.org\/{rel}","templated":true}]}}