{"id":2250,"date":"2025-09-26T09:25:24","date_gmt":"2025-09-26T09:25:24","guid":{"rendered":"https:\/\/mountlaser.com\/?post_type=product&#038;p=2250"},"modified":"2025-11-28T08:50:32","modified_gmt":"2025-11-28T08:50:32","slug":"bc02-23-galvanised-steel-beam-clamp","status":"publish","type":"product","link":"https:\/\/mountlaser.com\/de\/produkt\/bc02-23-galvanised-steel-beam-clamp\/","title":{"rendered":"BC02-23 Verzinkte Stahltr\u00e4gerklemme"},"content":{"rendered":"<p>Vielseitige und robuste Montage mit der Universal-Balkenklemme BC02-23<\/p>\n<p>Der <a href=\"https:\/\/mountlaser.com\/de\/\"><strong>BC02-23 Verzinkte Stahltr\u00e4gerklemme<\/strong><\/a> Diese Tr\u00e4gerklemme ist ein unverzichtbares Werkzeug f\u00fcr Vermesser und Ingenieure, die eine sichere und flexible Befestigungsl\u00f6sung f\u00fcr Stahltr\u00e4ger ben\u00f6tigen. Sie ist ein Paradebeispiel f\u00fcr die praktischen Gr\u00f6\u00dfen verzinkter Stahltr\u00e4gerklemmen und wurde speziell f\u00fcr Tr\u00e4ger mit einer Flanschbreite von 0\u201323 mm entwickelt. Dank ihres innovativen Designs ist sie eine echte Universal-Tr\u00e4gerklemme und bietet au\u00dfergew\u00f6hnliche Vielseitigkeit auf unterschiedlichsten Baustellen.<\/p>\n<p>Funktioniert als hochgradig anpassungsf\u00e4hig <a href=\"https:\/\/mountlaser.com\/de\/products\/\"><strong>Universal-Tr\u00e4gerklemme<\/strong><\/a>, Die BC02-23 l\u00e4sst sich schnell und ohne Bohren oder Schwei\u00dfen montieren, wobei die Integrit\u00e4t des Strahls erhalten bleibt. Sie verf\u00fcgt \u00fcber ein standardm\u00e4\u00dfiges M8-Gewinde, das die einfache Anbringung verschiedener Vermessungszubeh\u00f6rteile wie Prismen, Antennen oder Sensoren erm\u00f6glicht.<\/p>\n<p>&nbsp;<\/p>\n<p><img fetchpriority=\"high\" decoding=\"async\" class=\"wp-image-2252 aligncenter\" src=\"https:\/\/mountlaser.com\/wp-content\/uploads\/2025\/09\/IMG_6836_\u526f\u672c.webp\" alt=\"Universal Beam Clamp\" width=\"500\" height=\"500\" srcset=\"https:\/\/mountlaser.com\/wp-content\/uploads\/2025\/09\/IMG_6836_\u526f\u672c.webp 800w, https:\/\/mountlaser.com\/wp-content\/uploads\/2025\/09\/IMG_6836_\u526f\u672c-300x300.webp 300w, https:\/\/mountlaser.com\/wp-content\/uploads\/2025\/09\/IMG_6836_\u526f\u672c-400x400.webp 400w, https:\/\/mountlaser.com\/wp-content\/uploads\/2025\/09\/IMG_6836_\u526f\u672c-600x600.webp 600w, https:\/\/mountlaser.com\/wp-content\/uploads\/2025\/09\/IMG_6836_\u526f\u672c-150x150.webp 150w, https:\/\/mountlaser.com\/wp-content\/uploads\/2025\/09\/IMG_6836_\u526f\u672c-768x768.webp 768w, https:\/\/mountlaser.com\/wp-content\/uploads\/2025\/09\/IMG_6836_\u526f\u672c-12x12.webp 12w\" sizes=\"(max-width: 500px) 100vw, 500px\" \/><\/p>\n<p>Die Klemme ist aus hochfestem Stahl gefertigt und feuerverzinkt, was einen hervorragenden Schutz vor Rost und Korrosion bietet \u2013 ein entscheidender Vorteil f\u00fcr langfristige Anwendungen im Au\u00dfenbereich oder in der Industrie. Bei der Auswahl aus verschiedenen Gr\u00f6\u00dfen von feuerverzinkten Stahltr\u00e4gerklemmen ist Folgendes zu beachten: <a href=\"https:\/\/mountlaser.com\/de\/contact-us\/\">BC02-23<\/a> ist die ideale Wahl f\u00fcr leichte bis mittelschwere Anwendungen an Tr\u00e4gern in Standardgr\u00f6\u00dfe.<\/p>\n<p><strong>Verwendung mit der verzinkten Stahltr\u00e4gerklemme BC02-23<\/strong><\/p>\n<p><img decoding=\"async\" class=\"wp-image-2220 size-full aligncenter\" src=\"https:\/\/mountlaser.com\/wp-content\/uploads\/2025\/09\/1-5.webp\" alt=\"\" width=\"614\" height=\"759\" srcset=\"https:\/\/mountlaser.com\/wp-content\/uploads\/2025\/09\/1-5.webp 614w, https:\/\/mountlaser.com\/wp-content\/uploads\/2025\/09\/1-5-600x742.webp 600w, https:\/\/mountlaser.com\/wp-content\/uploads\/2025\/09\/1-5-243x300.webp 243w, https:\/\/mountlaser.com\/wp-content\/uploads\/2025\/09\/1-5-10x12.webp 10w\" sizes=\"(max-width: 614px) 100vw, 614px\" \/><\/p>","protected":false},"excerpt":{"rendered":"<ul>\n<li>Universelle Montage: Bietet einen sicheren, nicht-invasiven Montagepunkt an Stahltr\u00e4gern mit Flanschbreiten bis zu 23 mm.<\/li>\n<li>Kompatibilit\u00e4t mit M8-Gewinde: Das integrierte M8-Gewinde bietet eine standardisierte Verbindung f\u00fcr eine breite Palette von Vermessungsinstrumenten und Zubeh\u00f6r.<\/li>\n<\/ul>","protected":false},"featured_media":2251,"comment_status":"open","ping_status":"closed","template":"","meta":[],"product_brand":[],"product_cat":[79,102],"product_tag":[],"class_list":{"0":"post-2250","1":"product","2":"type-product","3":"status-publish","4":"has-post-thumbnail","6":"product_cat-surveying-accessory","7":"product_cat-monitoring-adapter","9":"first","10":"instock","11":"shipping-taxable","12":"product-type-simple"},"_links":{"self":[{"href":"https:\/\/mountlaser.com\/de\/wp-json\/wp\/v2\/product\/2250","targetHints":{"allow":["GET"]}}],"collection":[{"href":"https:\/\/mountlaser.com\/de\/wp-json\/wp\/v2\/product"}],"about":[{"href":"https:\/\/mountlaser.com\/de\/wp-json\/wp\/v2\/types\/product"}],"replies":[{"embeddable":true,"href":"https:\/\/mountlaser.com\/de\/wp-json\/wp\/v2\/comments?post=2250"}],"wp:featuredmedia":[{"embeddable":true,"href":"https:\/\/mountlaser.com\/de\/wp-json\/wp\/v2\/media\/2251"}],"wp:attachment":[{"href":"https:\/\/mountlaser.com\/de\/wp-json\/wp\/v2\/media?parent=2250"}],"wp:term":[{"taxonomy":"product_brand","embeddable":true,"href":"https:\/\/mountlaser.com\/de\/wp-json\/wp\/v2\/product_brand?post=2250"},{"taxonomy":"product_cat","embeddable":true,"href":"https:\/\/mountlaser.com\/de\/wp-json\/wp\/v2\/product_cat?post=2250"},{"taxonomy":"product_tag","embeddable":true,"href":"https:\/\/mountlaser.com\/de\/wp-json\/wp\/v2\/product_tag?post=2250"}],"curies":[{"name":"wp","href":"https:\/\/api.w.org\/{rel}","templated":true}]}}