{"id":2243,"date":"2025-09-26T09:14:59","date_gmt":"2025-09-26T09:14:59","guid":{"rendered":"https:\/\/mountlaser.com\/?post_type=product&#038;p=2243"},"modified":"2025-12-01T01:17:53","modified_gmt":"2025-12-01T01:17:53","slug":"wa30-40-wall-anchor","status":"publish","type":"product","link":"https:\/\/mountlaser.com\/de\/produkt\/wa30-40-wall-anchor\/","title":{"rendered":"WA30\/40 Wandanker"},"content":{"rendered":"<p>Der <a href=\"https:\/\/mountlaser.com\/de\/produkt-kategorie\/surveying-accessory\/\"><strong>WA30\/40 Wandanker<\/strong><\/a> bietet einen zuverl\u00e4ssigen und dauerhaften Befestigungspunkt f\u00fcr eine Vielzahl von Vermessungszubeh\u00f6r auf Beton, Ziegeln und anderen festen Oberfl\u00e4chen. Dieses unverzichtbare <a href=\"https:\/\/mountlaser.com\/de\/\"><strong>Wandverankerungsset<\/strong><\/a> Beinhaltet zwei robuste D\u00fcbel, den Wandanker WA-30 mit M8-Gewinde und den Wandanker WA-40 mit M8-Gewinde, die Flexibilit\u00e4t f\u00fcr unterschiedliche Installationstiefen bieten.<\/p>\n<p>Beide Anker in diesem Set verf\u00fcgen \u00fcber ein standardm\u00e4\u00dfiges M8-Innengewinde, wodurch die Kompatibilit\u00e4t mit einer Vielzahl von Halterungen, Stangen und Adaptern gew\u00e4hrleistet ist.<\/p>\n<p>Der Hauptunterschied der Wandverankerungssets liegt in ihrer Gesamth\u00f6he: <a href=\"https:\/\/mountlaser.com\/de\/contact-us\/\">WA-30 Wandanker<\/a> Das M8-Gewinde ist 30 mm hoch, w\u00e4hrend der WA-40 Wandanker mit M8-Gewinde eine H\u00f6he von 40 mm aufweist und sich daher f\u00fcr Situationen eignet, die eine tiefere Verankerung f\u00fcr erh\u00f6hte Stabilit\u00e4t erfordern. Diese aus hochfesten Materialien gefertigten Anker sind f\u00fcr Langlebigkeit und dauerhafte Leistung im Au\u00dfenbereich ausgelegt.<\/p>\n<p><img fetchpriority=\"high\" decoding=\"async\" class=\"aligncenter wp-image-2245\" src=\"https:\/\/mountlaser.com\/wp-content\/uploads\/2025\/09\/WA-40-3.webp\" alt=\"wall anchor kit\" width=\"500\" height=\"500\" srcset=\"https:\/\/mountlaser.com\/wp-content\/uploads\/2025\/09\/WA-40-3.webp 1000w, https:\/\/mountlaser.com\/wp-content\/uploads\/2025\/09\/WA-40-3-300x300.webp 300w, https:\/\/mountlaser.com\/wp-content\/uploads\/2025\/09\/WA-40-3-400x400.webp 400w, https:\/\/mountlaser.com\/wp-content\/uploads\/2025\/09\/WA-40-3-800x800.webp 800w, https:\/\/mountlaser.com\/wp-content\/uploads\/2025\/09\/WA-40-3-600x600.webp 600w, https:\/\/mountlaser.com\/wp-content\/uploads\/2025\/09\/WA-40-3-150x150.webp 150w, https:\/\/mountlaser.com\/wp-content\/uploads\/2025\/09\/WA-40-3-768x768.webp 768w, https:\/\/mountlaser.com\/wp-content\/uploads\/2025\/09\/WA-40-3-12x12.webp 12w\" sizes=\"(max-width: 500px) 100vw, 500px\" \/><\/p>\n<p>&nbsp;<\/p>\n<p><strong>Verwendung mit dem Wandanker WA30\/40<\/strong><\/p>\n<p><img decoding=\"async\" class=\"wp-image-2220 size-full aligncenter\" src=\"https:\/\/mountlaser.com\/wp-content\/uploads\/2025\/09\/1-5.webp\" alt=\"\" width=\"614\" height=\"759\" srcset=\"https:\/\/mountlaser.com\/wp-content\/uploads\/2025\/09\/1-5.webp 614w, https:\/\/mountlaser.com\/wp-content\/uploads\/2025\/09\/1-5-600x742.webp 600w, https:\/\/mountlaser.com\/wp-content\/uploads\/2025\/09\/1-5-243x300.webp 243w, https:\/\/mountlaser.com\/wp-content\/uploads\/2025\/09\/1-5-10x12.webp 10w\" sizes=\"(max-width: 614px) 100vw, 614px\" \/><\/p>","protected":false},"excerpt":{"rendered":"<ul>\n<li>Entwickelt, um einen sicheren und unbeweglichen Befestigungspunkt an festen W\u00e4nden oder Strukturen f\u00fcr Vermessungsger\u00e4te zu schaffen.<\/li>\n<li>Das Set bietet sowohl 30-mm- als auch 40-mm-H\u00f6henoptionen (WA-30 und WA-40), um unterschiedlichen Oberfl\u00e4chenbedingungen und Stabilit\u00e4tsanforderungen gerecht zu werden.<\/li>\n<li>Das standardisierte M8-Gewinde erm\u00f6glicht die einfache Befestigung zahlreicher Vermessungszubeh\u00f6rteile und -vorrichtungen.<\/li>\n<\/ul>","protected":false},"featured_media":2244,"comment_status":"open","ping_status":"closed","template":"","meta":[],"product_brand":[],"product_cat":[79,102],"product_tag":[],"class_list":{"0":"post-2243","1":"product","2":"type-product","3":"status-publish","4":"has-post-thumbnail","6":"product_cat-surveying-accessory","7":"product_cat-monitoring-adapter","9":"first","10":"instock","11":"shipping-taxable","12":"product-type-simple"},"_links":{"self":[{"href":"https:\/\/mountlaser.com\/de\/wp-json\/wp\/v2\/product\/2243","targetHints":{"allow":["GET"]}}],"collection":[{"href":"https:\/\/mountlaser.com\/de\/wp-json\/wp\/v2\/product"}],"about":[{"href":"https:\/\/mountlaser.com\/de\/wp-json\/wp\/v2\/types\/product"}],"replies":[{"embeddable":true,"href":"https:\/\/mountlaser.com\/de\/wp-json\/wp\/v2\/comments?post=2243"}],"wp:featuredmedia":[{"embeddable":true,"href":"https:\/\/mountlaser.com\/de\/wp-json\/wp\/v2\/media\/2244"}],"wp:attachment":[{"href":"https:\/\/mountlaser.com\/de\/wp-json\/wp\/v2\/media?parent=2243"}],"wp:term":[{"taxonomy":"product_brand","embeddable":true,"href":"https:\/\/mountlaser.com\/de\/wp-json\/wp\/v2\/product_brand?post=2243"},{"taxonomy":"product_cat","embeddable":true,"href":"https:\/\/mountlaser.com\/de\/wp-json\/wp\/v2\/product_cat?post=2243"},{"taxonomy":"product_tag","embeddable":true,"href":"https:\/\/mountlaser.com\/de\/wp-json\/wp\/v2\/product_tag?post=2243"}],"curies":[{"name":"wp","href":"https:\/\/api.w.org\/{rel}","templated":true}]}}