{"id":2213,"date":"2025-09-26T08:09:31","date_gmt":"2025-09-26T08:09:31","guid":{"rendered":"https:\/\/mountlaser.com\/?post_type=product&#038;p=2213"},"modified":"2025-12-01T01:24:14","modified_gmt":"2025-12-01T01:24:14","slug":"mpa04-mini-prism-nylon-base","status":"publish","type":"product","link":"https:\/\/mountlaser.com\/de\/produkt\/mpa04-mini-prism-nylon-base\/","title":{"rendered":"MPA04 Mini-Prisma Nylonbasis"},"content":{"rendered":"<p>Verbessern Sie Ihr Vermessungssystem mit dem MPA04 <a href=\"https:\/\/mountlaser.com\/de\/\"><strong>Mini-Prisma, Nylonbasis<\/strong><\/a><\/p>\n<p>Der MPA04 Mini-Prismen-Nylonfu\u00df ist eine essentielle Verbindungskomponente, die f\u00fcr Vermesser entwickelt wurde, die zuverl\u00e4ssige und pr\u00e4zise Montagel\u00f6sungen f\u00fcr ihre \u00dcberwachungsger\u00e4te ben\u00f6tigen.<\/p>\n<p>Das <a href=\"https:\/\/mountlaser.com\/de\/produkt-kategorie\/surveying-accessory\/\"><strong>MPA04 Nylon-Adapter<\/strong><\/a> ist speziell daf\u00fcr entwickelt worden, Mini-Prismen nahtlos in verschiedene Montagepunkte zu integrieren und so Stabilit\u00e4t und Genauigkeit bei Langzeit-\u00dcberwachungsprojekten zu gew\u00e4hrleisten.<\/p>\n<p><img fetchpriority=\"high\" decoding=\"async\" class=\"wp-image-2218 aligncenter\" src=\"https:\/\/mountlaser.com\/wp-content\/uploads\/2025\/09\/MPA04-4.webp\" alt=\"MPA04 Nylon Adapter\" width=\"500\" height=\"500\" srcset=\"https:\/\/mountlaser.com\/wp-content\/uploads\/2025\/09\/MPA04-4.webp 1000w, https:\/\/mountlaser.com\/wp-content\/uploads\/2025\/09\/MPA04-4-300x300.webp 300w, https:\/\/mountlaser.com\/wp-content\/uploads\/2025\/09\/MPA04-4-400x400.webp 400w, https:\/\/mountlaser.com\/wp-content\/uploads\/2025\/09\/MPA04-4-800x800.webp 800w, https:\/\/mountlaser.com\/wp-content\/uploads\/2025\/09\/MPA04-4-600x600.webp 600w, https:\/\/mountlaser.com\/wp-content\/uploads\/2025\/09\/MPA04-4-150x150.webp 150w, https:\/\/mountlaser.com\/wp-content\/uploads\/2025\/09\/MPA04-4-768x768.webp 768w, https:\/\/mountlaser.com\/wp-content\/uploads\/2025\/09\/MPA04-4-12x12.webp 12w\" sizes=\"(max-width: 500px) 100vw, 500px\" \/><\/p>\n<p>Ein Hauptmerkmal dieses Produkts ist seine robuste Bauweise. <a href=\"https:\/\/mountlaser.com\/de\/about-us\/\">MPA04 Nylon-Adapter<\/a> Der Adapter verf\u00fcgt \u00fcber einen robusten Nylonsockel, der hervorragenden Schutz vor Umwelteinfl\u00fcssen wie Feuchtigkeit und Korrosion bietet. Seine markante gelbe Farbe sorgt f\u00fcr gute Sichtbarkeit vor Ort und verringert so das Risiko des Verlegens. Er ist mit einem hochpr\u00e4zisen Steckverbinder im Schweizer Stil ausgestattet, der einen sicheren und passgenauen Sitz f\u00fcr kompatible Prismen gew\u00e4hrleistet.<\/p>\n<p>&nbsp;<\/p>\n<p><strong>Verwendung mit dem MPA04 Mini-Prisma Nylonfu\u00df<\/strong><\/p>\n<p><img decoding=\"async\" class=\"wp-image-2220 aligncenter\" src=\"https:\/\/mountlaser.com\/wp-content\/uploads\/2025\/09\/1-5.webp\" alt=\"MPA04 Nylon Adapter\" width=\"614\" height=\"759\" srcset=\"https:\/\/mountlaser.com\/wp-content\/uploads\/2025\/09\/1-5.webp 614w, https:\/\/mountlaser.com\/wp-content\/uploads\/2025\/09\/1-5-600x742.webp 600w, https:\/\/mountlaser.com\/wp-content\/uploads\/2025\/09\/1-5-243x300.webp 243w, https:\/\/mountlaser.com\/wp-content\/uploads\/2025\/09\/1-5-10x12.webp 10w\" sizes=\"(max-width: 614px) 100vw, 614px\" \/><\/p>","protected":false},"excerpt":{"rendered":"<ul>\n<li>Bietet eine zuverl\u00e4ssige Schnittstelle zwischen einem Mini-Prisma (wie dem MP104) und einer Messstation oder einem Messmast mittels seines Schweizer Steckers mit rundem Sockel.<\/li>\n<li>Die Nylonbasis bietet Strapazierf\u00e4higkeit gegen\u00fcber rauen Au\u00dfenbedingungen und gew\u00e4hrleistet so eine langfristige Leistungsf\u00e4higkeit.<\/li>\n<\/ul>","protected":false},"featured_media":2216,"comment_status":"open","ping_status":"closed","template":"","meta":[],"product_brand":[],"product_cat":[79,102],"product_tag":[],"class_list":{"0":"post-2213","1":"product","2":"type-product","3":"status-publish","4":"has-post-thumbnail","6":"product_cat-surveying-accessory","7":"product_cat-monitoring-adapter","9":"first","10":"instock","11":"shipping-taxable","12":"product-type-simple"},"_links":{"self":[{"href":"https:\/\/mountlaser.com\/de\/wp-json\/wp\/v2\/product\/2213","targetHints":{"allow":["GET"]}}],"collection":[{"href":"https:\/\/mountlaser.com\/de\/wp-json\/wp\/v2\/product"}],"about":[{"href":"https:\/\/mountlaser.com\/de\/wp-json\/wp\/v2\/types\/product"}],"replies":[{"embeddable":true,"href":"https:\/\/mountlaser.com\/de\/wp-json\/wp\/v2\/comments?post=2213"}],"wp:featuredmedia":[{"embeddable":true,"href":"https:\/\/mountlaser.com\/de\/wp-json\/wp\/v2\/media\/2216"}],"wp:attachment":[{"href":"https:\/\/mountlaser.com\/de\/wp-json\/wp\/v2\/media?parent=2213"}],"wp:term":[{"taxonomy":"product_brand","embeddable":true,"href":"https:\/\/mountlaser.com\/de\/wp-json\/wp\/v2\/product_brand?post=2213"},{"taxonomy":"product_cat","embeddable":true,"href":"https:\/\/mountlaser.com\/de\/wp-json\/wp\/v2\/product_cat?post=2213"},{"taxonomy":"product_tag","embeddable":true,"href":"https:\/\/mountlaser.com\/de\/wp-json\/wp\/v2\/product_tag?post=2213"}],"curies":[{"name":"wp","href":"https:\/\/api.w.org\/{rel}","templated":true}]}}