{"id":2186,"date":"2025-09-24T08:30:19","date_gmt":"2025-09-24T08:30:19","guid":{"rendered":"https:\/\/mountlaser.com\/?post_type=product&#038;p=2186"},"modified":"2025-12-01T01:30:22","modified_gmt":"2025-12-01T01:30:22","slug":"fdc01m-standard-precision-carrier","status":"publish","type":"product","link":"https:\/\/mountlaser.com\/de\/produkt\/fdc01m-standard-precision-carrier\/","title":{"rendered":"FDC01M Standard-Pr\u00e4zisionstr\u00e4ger"},"content":{"rendered":"<p>Der <a href=\"https:\/\/mountlaser.com\/de\/\"><strong>Pr\u00e4zisionstr\u00e4ger FDC01M<\/strong><\/a> Dieser robuste Aluminium-Tribrach-Tr\u00e4ger ist ein unverzichtbares Hilfsmittel f\u00fcr Vermesser, die bei ihren Feldarbeiten h\u00f6chste Zuverl\u00e4ssigkeit und Genauigkeit ben\u00f6tigen. Er ist f\u00fcr die nahtlose Verwendung mit Standard-Tribrachs konzipiert und gew\u00e4hrleistet eine sichere und stabile Plattform f\u00fcr Ihre Messinstrumente.<\/p>\n<p>Zur einfachen Identifizierung und individuellen Gestaltung ist es in einer unverwechselbaren Ausf\u00fchrung erh\u00e4ltlich. <a href=\"https:\/\/mountlaser.com\/de\/products\/\">Farboption Gr\u00fcn\/Schwarz<\/a>.<\/p>\n<p>&nbsp;<\/p>\n<p><img fetchpriority=\"high\" decoding=\"async\" class=\"aligncenter wp-image-2190\" src=\"https:\/\/mountlaser.com\/wp-content\/uploads\/2025\/09\/10-4.webp\" alt=\"Precision FDC01M Carrier\" width=\"500\" height=\"500\" srcset=\"https:\/\/mountlaser.com\/wp-content\/uploads\/2025\/09\/10-4.webp 1000w, https:\/\/mountlaser.com\/wp-content\/uploads\/2025\/09\/10-4-300x300.webp 300w, https:\/\/mountlaser.com\/wp-content\/uploads\/2025\/09\/10-4-400x400.webp 400w, https:\/\/mountlaser.com\/wp-content\/uploads\/2025\/09\/10-4-800x800.webp 800w, https:\/\/mountlaser.com\/wp-content\/uploads\/2025\/09\/10-4-600x600.webp 600w, https:\/\/mountlaser.com\/wp-content\/uploads\/2025\/09\/10-4-150x150.webp 150w, https:\/\/mountlaser.com\/wp-content\/uploads\/2025\/09\/10-4-768x768.webp 768w, https:\/\/mountlaser.com\/wp-content\/uploads\/2025\/09\/10-4-12x12.webp 12w\" sizes=\"(max-width: 500px) 100vw, 500px\" \/><\/p>\n<p>Die Pr\u00e4zision <a href=\"https:\/\/mountlaser.com\/de\/produkt-kategorie\/surveying-accessory\/\"><strong>FDC01M Carrier<\/strong><\/a> Ausgestattet mit einer optischen Funktion, verbessert sie die Zielgenauigkeit und Ausrichtungsgenauigkeit. Wenn Ihre Projekte absolute Stabilit\u00e4t erfordern, k\u00f6nnen Sie sich auf den Precision FDC01M Carrier verlassen, der konstant leistungsstarke Ergebnisse liefert.<\/p>","protected":false},"excerpt":{"rendered":"<ul>\n<li>Hergestellt aus robustem Aluminium f\u00fcr eine lange Lebensdauer.<\/li>\n<li>Speziell f\u00fcr die Kompatibilit\u00e4t mit Standard-Tribrachs entwickelt.<\/li>\n<li>Erh\u00e4ltlich in einem gr\u00fcn\/schwarzen Farbschema zur schnellen visuellen Identifizierung.<\/li>\n<\/ul>","protected":false},"featured_media":2187,"comment_status":"open","ping_status":"closed","template":"","meta":[],"product_brand":[],"product_cat":[79,100],"product_tag":[],"class_list":{"0":"post-2186","1":"product","2":"type-product","3":"status-publish","4":"has-post-thumbnail","6":"product_cat-surveying-accessory","7":"product_cat-standard-precision-carrier","9":"first","10":"instock","11":"shipping-taxable","12":"product-type-simple"},"_links":{"self":[{"href":"https:\/\/mountlaser.com\/de\/wp-json\/wp\/v2\/product\/2186","targetHints":{"allow":["GET"]}}],"collection":[{"href":"https:\/\/mountlaser.com\/de\/wp-json\/wp\/v2\/product"}],"about":[{"href":"https:\/\/mountlaser.com\/de\/wp-json\/wp\/v2\/types\/product"}],"replies":[{"embeddable":true,"href":"https:\/\/mountlaser.com\/de\/wp-json\/wp\/v2\/comments?post=2186"}],"wp:featuredmedia":[{"embeddable":true,"href":"https:\/\/mountlaser.com\/de\/wp-json\/wp\/v2\/media\/2187"}],"wp:attachment":[{"href":"https:\/\/mountlaser.com\/de\/wp-json\/wp\/v2\/media?parent=2186"}],"wp:term":[{"taxonomy":"product_brand","embeddable":true,"href":"https:\/\/mountlaser.com\/de\/wp-json\/wp\/v2\/product_brand?post=2186"},{"taxonomy":"product_cat","embeddable":true,"href":"https:\/\/mountlaser.com\/de\/wp-json\/wp\/v2\/product_cat?post=2186"},{"taxonomy":"product_tag","embeddable":true,"href":"https:\/\/mountlaser.com\/de\/wp-json\/wp\/v2\/product_tag?post=2186"}],"curies":[{"name":"wp","href":"https:\/\/api.w.org\/{rel}","templated":true}]}}