{"id":2174,"date":"2025-09-24T08:07:56","date_gmt":"2025-09-24T08:07:56","guid":{"rendered":"https:\/\/mountlaser.com\/?post_type=product&#038;p=2174"},"modified":"2025-12-01T01:39:14","modified_gmt":"2025-12-01T01:39:14","slug":"grt10-swiss-style-adapter-with-stub","status":"publish","type":"product","link":"https:\/\/mountlaser.com\/de\/produkt\/grt10-swiss-style-adapter-with-stub\/","title":{"rendered":"GRT10 Adapter im Schweizer Stil mit Stutzen"},"content":{"rendered":"<p>Der <a href=\"https:\/\/mountlaser.com\/de\/produkt-kategorie\/surveying-accessory\/\"><strong>Mont Laser GRT10<\/strong><\/a> ist ein pr\u00e4zisionsgefertigtes <a href=\"https:\/\/mountlaser.com\/de\/about-us\/\"><strong>GRT10 Prismentr\u00e4ger<\/strong><\/a> Entwickelt f\u00fcr Vermesser, die auf zuverl\u00e4ssige Leistung angewiesen sind. Dank der robusten Schweizer Zapfenverbindung gew\u00e4hrleistet dieser Aluminiumtr\u00e4ger eine sichere Montage von Prismen in verschiedenen Vermessungsanwendungen.<\/p>\n<p><img fetchpriority=\"high\" decoding=\"async\" class=\"aligncenter wp-image-2177\" src=\"https:\/\/mountlaser.com\/wp-content\/uploads\/2025\/09\/5-3.webp\" alt=\"GRT10 Prism Carrier\" width=\"500\" height=\"500\" srcset=\"https:\/\/mountlaser.com\/wp-content\/uploads\/2025\/09\/5-3.webp 1000w, https:\/\/mountlaser.com\/wp-content\/uploads\/2025\/09\/5-3-300x300.webp 300w, https:\/\/mountlaser.com\/wp-content\/uploads\/2025\/09\/5-3-400x400.webp 400w, https:\/\/mountlaser.com\/wp-content\/uploads\/2025\/09\/5-3-800x800.webp 800w, https:\/\/mountlaser.com\/wp-content\/uploads\/2025\/09\/5-3-600x600.webp 600w, https:\/\/mountlaser.com\/wp-content\/uploads\/2025\/09\/5-3-150x150.webp 150w, https:\/\/mountlaser.com\/wp-content\/uploads\/2025\/09\/5-3-768x768.webp 768w, https:\/\/mountlaser.com\/wp-content\/uploads\/2025\/09\/5-3-12x12.webp 12w\" sizes=\"(max-width: 500px) 100vw, 500px\" \/><br \/>\nDer <a href=\"https:\/\/mountlaser.com\/de\/contact-us\/\">GRT10 Prismentr\u00e4ger<\/a> Das Ger\u00e4t zeichnet sich durch seine robuste und dennoch leichte Konstruktion aus und ist daher ideal f\u00fcr den l\u00e4ngeren Einsatz im Gel\u00e4nde geeignet, ohne die pr\u00e4zise Positionierung zu beeintr\u00e4chtigen. Erh\u00e4ltlich in Gr\u00fcn oder Schwarz zur einfachen Ger\u00e4teidentifizierung, bietet dieses Modell hervorragende Kompatibilit\u00e4t mit Standard-Dreiecksvermessungsger\u00e4ten. F\u00fcr gleichbleibende Genauigkeit und zuverl\u00e4ssige Leistung ist der GRT10 Prism Carrier die ideale L\u00f6sung f\u00fcr allt\u00e4gliche Vermessungsaufgaben.<\/p>","protected":false},"excerpt":{"rendered":"<ul>\n<li>Schweizer Zapfendesign: Sorgt f\u00fcr eine sichere und stabile Verbindung der Prismen und verbessert so die Messgenauigkeit.<\/li>\n<li>Aluminiumkonstruktion: Vereint St\u00e4rke mit geringem Gewicht f\u00fcr Langlebigkeit und einfache Transportierbarkeit.<\/li>\n<\/ul>","protected":false},"featured_media":2175,"comment_status":"open","ping_status":"closed","template":"","meta":[],"product_brand":[],"product_cat":[79,100],"product_tag":[],"class_list":{"0":"post-2174","1":"product","2":"type-product","3":"status-publish","4":"has-post-thumbnail","6":"product_cat-surveying-accessory","7":"product_cat-standard-precision-carrier","9":"first","10":"instock","11":"shipping-taxable","12":"product-type-simple"},"_links":{"self":[{"href":"https:\/\/mountlaser.com\/de\/wp-json\/wp\/v2\/product\/2174","targetHints":{"allow":["GET"]}}],"collection":[{"href":"https:\/\/mountlaser.com\/de\/wp-json\/wp\/v2\/product"}],"about":[{"href":"https:\/\/mountlaser.com\/de\/wp-json\/wp\/v2\/types\/product"}],"replies":[{"embeddable":true,"href":"https:\/\/mountlaser.com\/de\/wp-json\/wp\/v2\/comments?post=2174"}],"wp:featuredmedia":[{"embeddable":true,"href":"https:\/\/mountlaser.com\/de\/wp-json\/wp\/v2\/media\/2175"}],"wp:attachment":[{"href":"https:\/\/mountlaser.com\/de\/wp-json\/wp\/v2\/media?parent=2174"}],"wp:term":[{"taxonomy":"product_brand","embeddable":true,"href":"https:\/\/mountlaser.com\/de\/wp-json\/wp\/v2\/product_brand?post=2174"},{"taxonomy":"product_cat","embeddable":true,"href":"https:\/\/mountlaser.com\/de\/wp-json\/wp\/v2\/product_cat?post=2174"},{"taxonomy":"product_tag","embeddable":true,"href":"https:\/\/mountlaser.com\/de\/wp-json\/wp\/v2\/product_tag?post=2174"}],"curies":[{"name":"wp","href":"https:\/\/api.w.org\/{rel}","templated":true}]}}