{"id":169,"date":"2024-02-28T15:44:56","date_gmt":"2024-02-28T15:44:56","guid":{"rendered":"https:\/\/startersites.io\/blocksy\/pottery\/?post_type=product&#038;p=169"},"modified":"2025-12-01T07:49:40","modified_gmt":"2025-12-01T07:49:40","slug":"fdj01d-japanese-style-tribrach","status":"publish","type":"product","link":"https:\/\/mountlaser.com\/de\/produkt\/fdj01d-japanese-style-tribrach\/","title":{"rendered":"FDJ01D Dreifu\u00df im japanischen Stil"},"content":{"rendered":"<p>Der <a href=\"https:\/\/mountlaser.com\/de\/\"><strong>Laserhalterung FDJ01D<\/strong><\/a> setzt einen neuen Standard als unverzichtbar<a href=\"https:\/\/mountlaser.com\/de\/produkt-kategorie\/surveying-accessory\/\"><strong> Dreifu\u00df f\u00fcr Vermessungsger\u00e4te<\/strong><\/a>.<\/p>\n<p>Dieser hochpr\u00e4zise Vermessungsdreieck verf\u00fcgt \u00fcber ein scharfes optisches Lot, das nach dem renommierten japanischen TOP-Standard f\u00fcr un\u00fcbertroffene Genauigkeit und Langlebigkeit entwickelt wurde.<\/p>\n<p><img fetchpriority=\"high\" decoding=\"async\" class=\"wp-image-2137 aligncenter\" src=\"https:\/\/mountlaser.com\/wp-content\/uploads\/2024\/02\/4.webp\" alt=\"Tribrach for surveying equipment \" width=\"500\" height=\"500\" srcset=\"https:\/\/mountlaser.com\/wp-content\/uploads\/2024\/02\/4.webp 1000w, https:\/\/mountlaser.com\/wp-content\/uploads\/2024\/02\/4-300x300.webp 300w, https:\/\/mountlaser.com\/wp-content\/uploads\/2024\/02\/4-400x400.webp 400w, https:\/\/mountlaser.com\/wp-content\/uploads\/2024\/02\/4-800x800.webp 800w, https:\/\/mountlaser.com\/wp-content\/uploads\/2024\/02\/4-600x600.webp 600w, https:\/\/mountlaser.com\/wp-content\/uploads\/2024\/02\/4-150x150.webp 150w, https:\/\/mountlaser.com\/wp-content\/uploads\/2024\/02\/4-768x768.webp 768w, https:\/\/mountlaser.com\/wp-content\/uploads\/2024\/02\/4-12x12.webp 12w\" sizes=\"(max-width: 500px) 100vw, 500px\" \/><\/p>\n<p>Entwickelt f\u00fcr die anspruchsvollsten Profis, <a href=\"https:\/\/mountlaser.com\/de\/contact-us\/\">FDJ01D<\/a> Gew\u00e4hrleistet einen schnellen und pr\u00e4zisen Aufbau und bietet so eine absolut zuverl\u00e4ssige Basis f\u00fcr Ihre Totalstation. Erh\u00e4ltlich in Gelb, Grau oder Schwarz.<br \/>\nWenn Sie einen zuverl\u00e4ssigen Vermessungsdreifu\u00df ben\u00f6tigen, der die Effizienz steigert, ist der FDJ01D der \u00fcberlegene Dreifu\u00df f\u00fcr Vermessungsger\u00e4te, der f\u00fcr den Einsatz auf jeder Baustelle entwickelt wurde.<\/p>","protected":false},"excerpt":{"rendered":"<ul>\n<li>Hochpr\u00e4zisionstechnik: Garantiert perfekte Zwangszentrierung und gew\u00e4hrleistet so die Genauigkeit Ihrer Messungen.<\/li>\n<li>Japanischer Spitzenqualit\u00e4tsstandard: Hergestellt aus hochwertigsten Materialien und mit erstklassiger Handwerkskunst.<\/li>\n<li>f\u00fcr au\u00dfergew\u00f6hnliche Langlebigkeit und Leistungsf\u00e4higkeit auch unter h\u00e4rtesten Bedingungen.<\/li>\n<\/ul>","protected":false},"featured_media":2135,"comment_status":"open","ping_status":"closed","template":"","meta":[],"product_brand":[],"product_cat":[79,99],"product_tag":[],"class_list":{"0":"post-169","1":"product","2":"type-product","3":"status-publish","4":"has-post-thumbnail","6":"product_cat-surveying-accessory","7":"product_cat-japanese-style-tribrach","9":"first","10":"instock","11":"shipping-taxable","12":"product-type-simple"},"_links":{"self":[{"href":"https:\/\/mountlaser.com\/de\/wp-json\/wp\/v2\/product\/169","targetHints":{"allow":["GET"]}}],"collection":[{"href":"https:\/\/mountlaser.com\/de\/wp-json\/wp\/v2\/product"}],"about":[{"href":"https:\/\/mountlaser.com\/de\/wp-json\/wp\/v2\/types\/product"}],"replies":[{"embeddable":true,"href":"https:\/\/mountlaser.com\/de\/wp-json\/wp\/v2\/comments?post=169"}],"wp:featuredmedia":[{"embeddable":true,"href":"https:\/\/mountlaser.com\/de\/wp-json\/wp\/v2\/media\/2135"}],"wp:attachment":[{"href":"https:\/\/mountlaser.com\/de\/wp-json\/wp\/v2\/media?parent=169"}],"wp:term":[{"taxonomy":"product_brand","embeddable":true,"href":"https:\/\/mountlaser.com\/de\/wp-json\/wp\/v2\/product_brand?post=169"},{"taxonomy":"product_cat","embeddable":true,"href":"https:\/\/mountlaser.com\/de\/wp-json\/wp\/v2\/product_cat?post=169"},{"taxonomy":"product_tag","embeddable":true,"href":"https:\/\/mountlaser.com\/de\/wp-json\/wp\/v2\/product_tag?post=169"}],"curies":[{"name":"wp","href":"https:\/\/api.w.org\/{rel}","templated":true}]}}