{"id":167,"date":"2024-02-28T15:44:01","date_gmt":"2024-02-28T15:44:01","guid":{"rendered":"https:\/\/startersites.io\/blocksy\/pottery\/?post_type=product&#038;p=167"},"modified":"2025-12-01T07:57:53","modified_gmt":"2025-12-01T07:57:53","slug":"tr-8p-japanese-style-tribrach","status":"publish","type":"product","link":"https:\/\/mountlaser.com\/de\/produkt\/tr-8p-japanese-style-tribrach\/","title":{"rendered":"TR-8P Japanischer Dreifu\u00df"},"content":{"rendered":"<p>Erreichen Sie mit dem <a href=\"https:\/\/mountlaser.com\/de\/\"><strong>Laserhalterung TR-8P<\/strong><\/a>, eine hochwertige Totalstation Tribrach, die f\u00fcr den modernen Vermesser entwickelt wurde.<\/p>\n<p>Das <a href=\"https:\/\/mountlaser.com\/de\/produkt-kategorie\/surveying-accessory\/\"><strong>Totalstation Tribrach<\/strong><\/a> Ausgestattet mit einem hochwertigen, integrierten optischen Lot, gefertigt nach den strengen Standards japanischer TOP-Hersteller, bietet der TR-8P die perfekte Basis f\u00fcr Ihr Messinstrument und garantiert die Pr\u00e4zision, die Sie f\u00fcr Ihre Arbeit ben\u00f6tigen. W\u00e4hlen Sie zwischen Gelb, Grau oder Schwarz, um Ihre Ausr\u00fcstung farblich zu kennzeichnen und so f\u00fcr mehr Effizienz und Ordnung zu sorgen.<\/p>\n<p><img fetchpriority=\"high\" decoding=\"async\" class=\"wp-image-2139 aligncenter\" src=\"https:\/\/mountlaser.com\/wp-content\/uploads\/2024\/02\/7.webp\" alt=\"Total Station Tribrach\" width=\"500\" height=\"500\" srcset=\"https:\/\/mountlaser.com\/wp-content\/uploads\/2024\/02\/7.webp 1000w, https:\/\/mountlaser.com\/wp-content\/uploads\/2024\/02\/7-300x300.webp 300w, https:\/\/mountlaser.com\/wp-content\/uploads\/2024\/02\/7-400x400.webp 400w, https:\/\/mountlaser.com\/wp-content\/uploads\/2024\/02\/7-800x800.webp 800w, https:\/\/mountlaser.com\/wp-content\/uploads\/2024\/02\/7-600x600.webp 600w, https:\/\/mountlaser.com\/wp-content\/uploads\/2024\/02\/7-150x150.webp 150w, https:\/\/mountlaser.com\/wp-content\/uploads\/2024\/02\/7-768x768.webp 768w, https:\/\/mountlaser.com\/wp-content\/uploads\/2024\/02\/7-12x12.webp 12w\" sizes=\"(max-width: 500px) 100vw, 500px\" \/><br \/>\nF\u00fcr Profis, die keine Kompromisse bei der Qualit\u00e4t eingehen wollen, <a href=\"https:\/\/mountlaser.com\/de\/contact-us\/\">TR-8P<\/a> ist die ultimative Totalstation mit Dreipunktaufh\u00e4ngung, die auf jeder Baustelle Zuverl\u00e4ssigkeit bietet.<\/p>","protected":false},"excerpt":{"rendered":"<ul>\n<li>Erm\u00f6glicht ein schnelles und pr\u00e4zises Zentrieren \u00fcber Vermessungspunkten und reduziert so die Einrichtungszeit drastisch.<\/li>\n<li>Sorgt f\u00fcr eine einwandfreie erzwungene Zentrierung und gew\u00e4hrleistet so die Genauigkeit und Integrit\u00e4t der Messungen Ihrer Totalstation.<\/li>\n<li>Hergestellt aus erstklassigen Materialien f\u00fcr au\u00dfergew\u00f6hnliche Haltbarkeit und langfristige Leistungsf\u00e4higkeit in anspruchsvollen Umgebungen.<\/li>\n<\/ul>","protected":false},"featured_media":2136,"comment_status":"open","ping_status":"closed","template":"","meta":[],"product_brand":[],"product_cat":[79,99],"product_tag":[],"class_list":{"0":"post-167","1":"product","2":"type-product","3":"status-publish","4":"has-post-thumbnail","6":"product_cat-surveying-accessory","7":"product_cat-japanese-style-tribrach","9":"first","10":"instock","11":"shipping-taxable","12":"product-type-simple"},"_links":{"self":[{"href":"https:\/\/mountlaser.com\/de\/wp-json\/wp\/v2\/product\/167","targetHints":{"allow":["GET"]}}],"collection":[{"href":"https:\/\/mountlaser.com\/de\/wp-json\/wp\/v2\/product"}],"about":[{"href":"https:\/\/mountlaser.com\/de\/wp-json\/wp\/v2\/types\/product"}],"replies":[{"embeddable":true,"href":"https:\/\/mountlaser.com\/de\/wp-json\/wp\/v2\/comments?post=167"}],"wp:featuredmedia":[{"embeddable":true,"href":"https:\/\/mountlaser.com\/de\/wp-json\/wp\/v2\/media\/2136"}],"wp:attachment":[{"href":"https:\/\/mountlaser.com\/de\/wp-json\/wp\/v2\/media?parent=167"}],"wp:term":[{"taxonomy":"product_brand","embeddable":true,"href":"https:\/\/mountlaser.com\/de\/wp-json\/wp\/v2\/product_brand?post=167"},{"taxonomy":"product_cat","embeddable":true,"href":"https:\/\/mountlaser.com\/de\/wp-json\/wp\/v2\/product_cat?post=167"},{"taxonomy":"product_tag","embeddable":true,"href":"https:\/\/mountlaser.com\/de\/wp-json\/wp\/v2\/product_tag?post=167"}],"curies":[{"name":"wp","href":"https:\/\/api.w.org\/{rel}","templated":true}]}}