{"id":165,"date":"2024-02-28T15:42:54","date_gmt":"2024-02-28T15:42:54","guid":{"rendered":"https:\/\/startersites.io\/blocksy\/pottery\/?post_type=product&#038;p=165"},"modified":"2025-12-01T08:01:42","modified_gmt":"2025-12-01T08:01:42","slug":"fdj01l-laser-japanese-style-tribrach","status":"publish","type":"product","link":"https:\/\/mountlaser.com\/de\/produkt\/fdj01l-laser-japanese-style-tribrach\/","title":{"rendered":"FDJ01L LASER Dreifu\u00df im japanischen Stil"},"content":{"rendered":"<p>Wir stellen vor: <a href=\"https:\/\/mountlaser.com\/de\/\">Montiert Laser FDJ01L<\/a>, Ein revolution\u00e4rer, hochpr\u00e4ziser Tribrach-Adapter mit integrierter, fortschrittlicher Laserlottechnologie. Dieses Produkt setzt neue Ma\u00dfst\u00e4be f\u00fcr optische Tribrach-Systeme aus Japan und vereint die bew\u00e4hrte Qualit\u00e4t japanischer Ingenieurskunst mit modernster Lasergenauigkeit.<\/p>\n<p><img fetchpriority=\"high\" decoding=\"async\" class=\"wp-image-2141 aligncenter\" src=\"https:\/\/mountlaser.com\/wp-content\/uploads\/2024\/02\/1.webp\" alt=\"high precision tribrach adapter \" width=\"500\" height=\"500\" srcset=\"https:\/\/mountlaser.com\/wp-content\/uploads\/2024\/02\/1.webp 1000w, https:\/\/mountlaser.com\/wp-content\/uploads\/2024\/02\/1-300x300.webp 300w, https:\/\/mountlaser.com\/wp-content\/uploads\/2024\/02\/1-400x400.webp 400w, https:\/\/mountlaser.com\/wp-content\/uploads\/2024\/02\/1-800x800.webp 800w, https:\/\/mountlaser.com\/wp-content\/uploads\/2024\/02\/1-600x600.webp 600w, https:\/\/mountlaser.com\/wp-content\/uploads\/2024\/02\/1-150x150.webp 150w, https:\/\/mountlaser.com\/wp-content\/uploads\/2024\/02\/1-768x768.webp 768w, https:\/\/mountlaser.com\/wp-content\/uploads\/2024\/02\/1-12x12.webp 12w\" sizes=\"(max-width: 500px) 100vw, 500px\" \/><\/p>\n<p>Der <a href=\"https:\/\/mountlaser.com\/de\/produkt-kategorie\/surveying-accessory\/\"><strong>FDJ01L<\/strong><\/a> ist f\u00fcr Vermesser konzipiert, die eine schnelle und pr\u00e4zise Einrichtung unter verschiedenen Lichtverh\u00e4ltnissen ben\u00f6tigen.<\/p>\n<p>Als hochwertiges japanisches optisches Dreifu\u00dfsystem bietet es unvergleichlichen Bedienkomfort. W\u00e4hlen Sie zwischen Gelb, Grau oder Schwarz f\u00fcr die Ger\u00e4teverwaltung. F\u00fcr die ultimative Grundlage ist dieses System ideal. <a href=\"https:\/\/mountlaser.com\/de\/contact-us\/\"><strong>hochpr\u00e4ziser Tribrach-Adapter<\/strong><\/a> liefert eine Leistung, die die Erwartungen \u00fcbertrifft und ist damit die eindeutige Wahl f\u00fcr Profis.<\/p>","protected":false},"excerpt":{"rendered":"<ul>\n<li>Integriertes Laserlot: Bietet einen gut sichtbaren und pr\u00e4zisen Punkt zum schnellen Zentrieren, bei Tag und Nacht.<\/li>\n<li>Au\u00dfergew\u00f6hnliche Genauigkeit: Entwickelt als hochpr\u00e4ziser Tribrach-Adapter, um eine perfekte Zwangszentrierung f\u00fcr Ihre Totalstation zu gew\u00e4hrleisten.<\/li>\n<\/ul>","protected":false},"featured_media":2142,"comment_status":"open","ping_status":"closed","template":"","meta":[],"product_brand":[],"product_cat":[79,99],"product_tag":[],"class_list":{"0":"post-165","1":"product","2":"type-product","3":"status-publish","4":"has-post-thumbnail","6":"product_cat-surveying-accessory","7":"product_cat-japanese-style-tribrach","9":"first","10":"instock","11":"shipping-taxable","12":"product-type-simple"},"_links":{"self":[{"href":"https:\/\/mountlaser.com\/de\/wp-json\/wp\/v2\/product\/165","targetHints":{"allow":["GET"]}}],"collection":[{"href":"https:\/\/mountlaser.com\/de\/wp-json\/wp\/v2\/product"}],"about":[{"href":"https:\/\/mountlaser.com\/de\/wp-json\/wp\/v2\/types\/product"}],"replies":[{"embeddable":true,"href":"https:\/\/mountlaser.com\/de\/wp-json\/wp\/v2\/comments?post=165"}],"wp:featuredmedia":[{"embeddable":true,"href":"https:\/\/mountlaser.com\/de\/wp-json\/wp\/v2\/media\/2142"}],"wp:attachment":[{"href":"https:\/\/mountlaser.com\/de\/wp-json\/wp\/v2\/media?parent=165"}],"wp:term":[{"taxonomy":"product_brand","embeddable":true,"href":"https:\/\/mountlaser.com\/de\/wp-json\/wp\/v2\/product_brand?post=165"},{"taxonomy":"product_cat","embeddable":true,"href":"https:\/\/mountlaser.com\/de\/wp-json\/wp\/v2\/product_cat?post=165"},{"taxonomy":"product_tag","embeddable":true,"href":"https:\/\/mountlaser.com\/de\/wp-json\/wp\/v2\/product_tag?post=165"}],"curies":[{"name":"wp","href":"https:\/\/api.w.org\/{rel}","templated":true}]}}