{"id":1599,"date":"2024-03-20T16:36:27","date_gmt":"2024-03-20T16:36:27","guid":{"rendered":"https:\/\/startersites.io\/blocksy\/pottery\/?post_type=product&#038;p=408"},"modified":"2025-12-01T06:57:05","modified_gmt":"2025-12-01T06:57:05","slug":"fdc01dg-japanese-style-tribrach-carrier-2","status":"publish","type":"product","link":"https:\/\/mountlaser.com\/de\/produkt\/fdc01dg-japanese-style-tribrach-carrier-2\/","title":{"rendered":"FDC01DG Japanischer Tribrachtr\u00e4ger"},"content":{"rendered":"<p>Verbessern Sie Ihre Vermessungsausr\u00fcstung mit dem <a href=\"https:\/\/mountlaser.com\/de\/produkt-kategorie\/surveying-accessory\/\"><strong>Mont Laser FDJ01<\/strong><\/a>, Ein hochwertiger japanischer Dreifu\u00df, der f\u00fcr pr\u00e4zise Ingenieurskunst steht, ist zu verkaufen. Dieses Modell wurde f\u00fcr Profis entwickelt, die Zuverl\u00e4ssigkeit ohne die Komplexit\u00e4t eines optischen Lots ben\u00f6tigen.<\/p>\n<p>Der FDJ01 wurde nach h\u00f6chsten japanischen Designstandards gefertigt und bietet au\u00dfergew\u00f6hnliche Stabilit\u00e4t und Langlebigkeit f\u00fcr den Einsatz mit Totalstationen und anderen Vermessungsinstrumenten. Wenn Sie auf der Suche nach einem hochwertigen Produkt sind, ist der FDJ01 die richtige Wahl.<a href=\"https:\/\/mountlaser.com\/de\/about-us\/\"> <strong>Dreifu\u00df im japanischen Stil zu verkaufen<\/strong><\/a>, Der FDJ01 bietet ein hervorragendes Verh\u00e4ltnis von Leistung und Preis.<\/p>\n<p><img fetchpriority=\"high\" decoding=\"async\" class=\"wp-image-2130 aligncenter\" src=\"https:\/\/mountlaser.com\/wp-content\/uploads\/2025\/09\/5-1.webp\" alt=\"Japanese style tribrach\u00a0for sale\" width=\"500\" height=\"500\" srcset=\"https:\/\/mountlaser.com\/wp-content\/uploads\/2025\/09\/5-1.webp 1000w, https:\/\/mountlaser.com\/wp-content\/uploads\/2025\/09\/5-1-300x300.webp 300w, https:\/\/mountlaser.com\/wp-content\/uploads\/2025\/09\/5-1-400x400.webp 400w, https:\/\/mountlaser.com\/wp-content\/uploads\/2025\/09\/5-1-800x800.webp 800w, https:\/\/mountlaser.com\/wp-content\/uploads\/2025\/09\/5-1-600x600.webp 600w, https:\/\/mountlaser.com\/wp-content\/uploads\/2025\/09\/5-1-150x150.webp 150w, https:\/\/mountlaser.com\/wp-content\/uploads\/2025\/09\/5-1-768x768.webp 768w, https:\/\/mountlaser.com\/wp-content\/uploads\/2025\/09\/5-1-12x12.webp 12w\" sizes=\"(max-width: 500px) 100vw, 500px\" \/><\/p>\n<p>W\u00e4hlen Sie zwischen Gelb, Grau oder Schwarz, um Ihre Ger\u00e4te farblich zu kennzeichnen. Entdecken Sie unsere Auswahl an diesem robusten Produkt. <a href=\"https:\/\/mountlaser.com\/de\/contact-us\/\">Dreiarm im japanischen Stil<\/a> Heute im Angebot.<\/p>","protected":false},"excerpt":{"rendered":"<ul>\n<li>Dreifu\u00df im japanischen Stil zu verkaufen<\/li>\n<li>Hochpr\u00e4zises Design: Gew\u00e4hrleistet eine genaue und zuverl\u00e4ssige Zentrierung Ihrer Vermessungsinstrumente und minimiert so Fehler.<\/li>\n<li>Ohne optisches Lot (FDJ01): Vereinfacht den Einrichtungsprozess und bietet eine robuste und kosteng\u00fcnstige L\u00f6sung f\u00fcr verschiedene Baustellen.<\/li>\n<\/ul>","protected":false},"featured_media":2129,"comment_status":"open","ping_status":"closed","template":"","meta":[],"product_brand":[],"product_cat":[99,79],"product_tag":[],"class_list":{"0":"post-1599","1":"product","2":"type-product","3":"status-publish","4":"has-post-thumbnail","6":"product_cat-japanese-style-tribrach","7":"product_cat-surveying-accessory","9":"first","10":"instock","11":"shipping-taxable","12":"product-type-simple"},"_links":{"self":[{"href":"https:\/\/mountlaser.com\/de\/wp-json\/wp\/v2\/product\/1599","targetHints":{"allow":["GET"]}}],"collection":[{"href":"https:\/\/mountlaser.com\/de\/wp-json\/wp\/v2\/product"}],"about":[{"href":"https:\/\/mountlaser.com\/de\/wp-json\/wp\/v2\/types\/product"}],"replies":[{"embeddable":true,"href":"https:\/\/mountlaser.com\/de\/wp-json\/wp\/v2\/comments?post=1599"}],"wp:featuredmedia":[{"embeddable":true,"href":"https:\/\/mountlaser.com\/de\/wp-json\/wp\/v2\/media\/2129"}],"wp:attachment":[{"href":"https:\/\/mountlaser.com\/de\/wp-json\/wp\/v2\/media?parent=1599"}],"wp:term":[{"taxonomy":"product_brand","embeddable":true,"href":"https:\/\/mountlaser.com\/de\/wp-json\/wp\/v2\/product_brand?post=1599"},{"taxonomy":"product_cat","embeddable":true,"href":"https:\/\/mountlaser.com\/de\/wp-json\/wp\/v2\/product_cat?post=1599"},{"taxonomy":"product_tag","embeddable":true,"href":"https:\/\/mountlaser.com\/de\/wp-json\/wp\/v2\/product_tag?post=1599"}],"curies":[{"name":"wp","href":"https:\/\/api.w.org\/{rel}","templated":true}]}}