{"id":1596,"date":"2024-12-06T08:59:37","date_gmt":"2024-12-06T08:59:37","guid":{"rendered":"https:\/\/startersites.io\/elementor\/pottery\/?page_id=3"},"modified":"2025-12-30T09:05:34","modified_gmt":"2025-12-30T09:05:34","slug":"privacy-policy","status":"publish","type":"page","link":"https:\/\/mountlaser.com\/de\/privacy-policy\/","title":{"rendered":"Datenschutzrichtlinie"},"content":{"rendered":"<h2 class=\"wp-block-heading\">Datenschutzrichtlinie<\/h2>\n\n\n\n<p>Mount Laser betreibt diesen Shop und diese Website, einschlie\u00dflich aller damit verbundenen Informationen, Inhalte, Funktionen, Tools, Produkte und Dienstleistungen, um Ihnen, dem Kunden, ein kuratiertes Einkaufserlebnis zu bieten (die \u201cDienstleistungen\u201d).<\/p>\n\n\n\n<p>Diese Datenschutzrichtlinie beschreibt, wie wir Ihre personenbezogenen Daten erfassen, verwenden und weitergeben, wenn Sie unsere Dienste besuchen, nutzen, einen Kauf t\u00e4tigen oder eine andere Transaktion durchf\u00fchren oder anderweitig mit uns kommunizieren. Im Falle eines Widerspruchs zwischen unseren Nutzungsbedingungen und dieser Datenschutzrichtlinie hat diese Datenschutzrichtlinie hinsichtlich der Erfassung, Verarbeitung und Weitergabe Ihrer personenbezogenen Daten Vorrang.<\/p>\n\n\n\n<p>Bitte lesen Sie diese Datenschutzrichtlinie sorgf\u00e4ltig durch. Durch die Nutzung unserer Dienste best\u00e4tigen Sie, dass Sie diese Datenschutzrichtlinie gelesen haben und die Erhebung, Verwendung und Weitergabe Ihrer Daten gem\u00e4\u00df dieser Datenschutzrichtlinie verstehen.<\/p>\n\n\n\n<h2 class=\"wp-block-heading\"><strong>Pers\u00f6nliche Daten, die wir erheben oder verarbeiten<\/strong><strong><\/strong><\/h2>\n\n\n\n<p>Wenn wir den Begriff \u201cpersonenbezogene Daten\u201d verwenden, meinen wir Informationen, die Sie oder eine andere Person identifizieren oder mit Ihnen in Verbindung gebracht werden k\u00f6nnen. Personenbezogene Daten umfassen keine anonym erhobenen oder pseudonymisierten Daten, die Sie nicht identifizieren oder mit Ihnen in Verbindung gebracht werden k\u00f6nnen. Wir k\u00f6nnen die folgenden Kategorien personenbezogener Daten, einschlie\u00dflich daraus abgeleiteter Schlussfolgerungen, erheben oder verarbeiten, abh\u00e4ngig davon, wie Sie die Dienste nutzen, wo Sie wohnen und soweit dies nach geltendem Recht zul\u00e4ssig oder erforderlich ist:<\/p>\n\n\n\n<ul class=\"wp-block-list\">\n<li><strong>Kontaktdaten<\/strong>&nbsp;einschlie\u00dflich Ihres Namens, Ihrer Adresse, Ihrer Rechnungsadresse, Ihrer Lieferadresse, Ihrer Telefonnummer und Ihrer E-Mail-Adresse.<\/li>\n\n\n\n<li><strong>Finanzinformationen<\/strong>&nbsp;einschlie\u00dflich Kreditkarten-, Debitkarten- und Finanzkontonummern, Zahlungskarteninformationen, Finanzkontoinformationen, Transaktionsdetails, Zahlungsart, Zahlungsbest\u00e4tigung und andere Zahlungsdetails.<\/li>\n\n\n\n<li><strong>Kontoinformationen<\/strong>&nbsp;einschlie\u00dflich Ihres Benutzernamens, Passworts, Sicherheitsfragen, Pr\u00e4ferenzen und Einstellungen.<\/li>\n\n\n\n<li><strong>Transaktionsinformationen<\/strong>&nbsp;einschlie\u00dflich der Artikel, die Sie ansehen, in Ihren Warenkorb legen, Ihrer Wunschliste hinzuf\u00fcgen oder kaufen, zur\u00fcckgeben, umtauschen oder stornieren, sowie Ihrer bisherigen Transaktionen.<\/li>\n\n\n\n<li><strong>Kommunikation mit uns<\/strong>&nbsp;einschlie\u00dflich der Informationen, die Sie in der Kommunikation mit uns angeben, beispielsweise beim Senden einer Kundendienstanfrage.<\/li>\n\n\n\n<li><strong>Ger\u00e4teinformationen<\/strong>&nbsp;einschlie\u00dflich Informationen \u00fcber Ihr Ger\u00e4t, Ihren Browser oder Ihre Netzwerkverbindung, Ihre IP-Adresse und andere eindeutige Kennungen.<\/li>\n\n\n\n<li><strong>Nutzungsinformationen<\/strong>&nbsp;einschlie\u00dflich Informationen \u00fcber Ihre Interaktion mit den Diensten, insbesondere wie und wann Sie mit den Diensten interagieren oder in ihnen navigieren.<\/li>\n<\/ul>\n\n\n\n<h2 class=\"wp-block-heading\"><strong>Quellen pers\u00f6nlicher Informationen<\/strong><strong><\/strong><\/h2>\n\n\n\n<p>Wir k\u00f6nnen personenbezogene Daten aus folgenden Quellen erheben:<\/p>\n\n\n\n<ul class=\"wp-block-list\">\n<li><strong>Direkt von Ihnen<\/strong>&nbsp;einschlie\u00dflich der F\u00e4lle, in denen Sie ein Konto erstellen, die Dienste besuchen oder nutzen, mit uns kommunizieren oder uns auf andere Weise Ihre pers\u00f6nlichen Daten \u00fcbermitteln;<\/li>\n\n\n\n<li><strong>Automatisch \u00fcber die Dienste<\/strong>&nbsp;einschlie\u00dflich der Daten von Ihrem Ger\u00e4t, wenn Sie unsere Produkte oder Dienstleistungen nutzen oder unsere Websites besuchen, sowie durch den Einsatz von Cookies und \u00e4hnlichen Technologien;<\/li>\n\n\n\n<li><strong>Von unseren Dienstleistern<\/strong>&nbsp;einschlie\u00dflich der F\u00e4lle, in denen wir sie mit der Bereitstellung bestimmter Technologien beauftragen und in denen sie Ihre personenbezogenen Daten in unserem Auftrag erfassen oder verarbeiten;<\/li>\n\n\n\n<li><strong>Von unseren Partnern oder anderen Dritten.<\/strong><\/li>\n<\/ul>\n\n\n\n<h2 class=\"wp-block-heading\"><strong>Wie wir Ihre personenbezogenen Daten verwenden<\/strong><strong><\/strong><\/h2>\n\n\n\n<p>Je nachdem, wie Sie mit uns interagieren oder welche Dienste Sie nutzen, k\u00f6nnen wir personenbezogene Daten f\u00fcr folgende Zwecke verwenden:<\/p>\n\n\n\n<ul class=\"wp-block-list\">\n<li><strong>Die Dienstleistungen bereitstellen, anpassen und verbessern.<\/strong>&nbsp;Wir nutzen Ihre personenbezogenen Daten, um Ihnen unsere Dienstleistungen bereitzustellen. Dies umfasst die Erf\u00fcllung unseres Vertrags mit Ihnen, die Abwicklung Ihrer Zahlungen, die Bearbeitung Ihrer Bestellungen, das Speichern Ihrer Pr\u00e4ferenzen und Interessen, das Versenden von Benachrichtigungen zu Ihrem Konto, die Abwicklung von K\u00e4ufen, R\u00fccksendungen, Umtausch und anderen Transaktionen, die Erstellung, Pflege und Verwaltung Ihres Kontos, die Organisation des Versands, die Abwicklung von R\u00fccksendungen und Umtausch, die M\u00f6glichkeit, Bewertungen abzugeben, und die Schaffung eines personalisierten Einkaufserlebnisses, beispielsweise durch Produktempfehlungen zu Ihren K\u00e4ufen. Wir verwenden Ihre personenbezogenen Daten gegebenenfalls auch, um unsere Dienstleistungen besser auf Ihre Bed\u00fcrfnisse zuzuschneiden und zu verbessern.<\/li>\n\n\n\n<li><strong>Marketing und Werbung.<\/strong>&nbsp;Wir verwenden Ihre personenbezogenen Daten f\u00fcr Marketing- und Werbezwecke, beispielsweise um Ihnen Marketing-, Werbe- und Promotionsmitteilungen per E-Mail, SMS oder Post zu senden und Ihnen Online-Werbung f\u00fcr Produkte oder Dienstleistungen auf den Diensten oder anderen Websites anzuzeigen, unter anderem basierend auf Artikeln, die Sie zuvor gekauft oder Ihrem Warenkorb hinzugef\u00fcgt haben, und anderen Aktivit\u00e4ten auf den Diensten.<\/li>\n\n\n\n<li><strong>Sicherheit und Betrugspr\u00e4vention.<\/strong>&nbsp;Wir verwenden Ihre personenbezogenen Daten, um Ihr Konto zu authentifizieren, ein sicheres Zahlungs- und Einkaufserlebnis zu gew\u00e4hrleisten, betr\u00fcgerische, illegale, unsichere oder sch\u00e4dliche Aktivit\u00e4ten aufzudecken, zu untersuchen und dagegen vorzugehen, die \u00f6ffentliche Sicherheit zu sch\u00fctzen und unsere Dienste abzusichern. Wenn Sie unsere Dienste nutzen und ein Konto registrieren, sind Sie f\u00fcr die Sicherheit Ihrer Zugangsdaten verantwortlich. Wir empfehlen Ihnen dringend, Ihren Benutzernamen, Ihr Passwort oder andere Zugangsdaten nicht an Dritte weiterzugeben.<\/li>\n\n\n\n<li><strong>Kommunikation mit Ihnen.<\/strong>&nbsp;Wir nutzen Ihre personenbezogenen Daten, um Ihnen Kundensupport zu bieten, auf Ihre Anfragen zu reagieren, Ihnen effektive Dienstleistungen zu erbringen und unsere Gesch\u00e4ftsbeziehung mit Ihnen aufrechtzuerhalten.<\/li>\n\n\n\n<li><strong>Rechtliche Gr\u00fcnde.<\/strong>&nbsp;Wir verwenden Ihre personenbezogenen Daten, um geltendes Recht einzuhalten oder auf g\u00fcltige rechtliche Verfahren zu reagieren, einschlie\u00dflich Anfragen von Strafverfolgungsbeh\u00f6rden oder Regierungsstellen, um zivilrechtliche Ermittlungen, potenzielle oder tats\u00e4chliche Rechtsstreitigkeiten oder andere streitige Gerichtsverfahren zu untersuchen oder daran teilzunehmen sowie um potenzielle Verst\u00f6\u00dfe gegen unsere Bedingungen oder Richtlinien durchzusetzen oder zu untersuchen.<\/li>\n<\/ul>\n\n\n\n<h2 class=\"wp-block-heading\"><strong>Wie wir personenbezogene Daten weitergeben<\/strong><strong><\/strong><\/h2>\n\n\n\n<p>Unter bestimmten Umst\u00e4nden k\u00f6nnen wir Ihre personenbezogenen Daten gem\u00e4\u00df dieser Datenschutzrichtlinie zu legitimen Zwecken an Dritte weitergeben. Zu diesen Umst\u00e4nden geh\u00f6ren beispielsweise:<\/p>\n\n\n\n<ul class=\"wp-block-list\">\n<li>Mit Anbietern und anderen Dritten, die in unserem Auftrag Dienstleistungen erbringen (z. B. IT-Management, Zahlungsabwicklung, Datenanalyse, Kundensupport, Cloud-Speicherung, Auftragsabwicklung und Versand).<\/li>\n\n\n\n<li>Mit Gesch\u00e4fts- und Marketingpartnern, die Ihnen Marketingdienstleistungen anbieten und f\u00fcr Sie werben.<\/li>\n\n\n\n<li>Wenn Sie uns anweisen, uns darum bitten oder anderweitig Ihre Zustimmung zur Weitergabe bestimmter Informationen an Dritte erteilen, beispielsweise zum Versand von Produkten an Sie oder durch Ihre Nutzung von Social-Media-Widgets oder Login-Integrationen.<\/li>\n\n\n\n<li>Mit unseren verbundenen Unternehmen oder anderweitig innerhalb unserer Unternehmensgruppe.<\/li>\n\n\n\n<li>Im Zusammenhang mit einer Gesch\u00e4ftstransaktion wie einer Fusion oder einem Konkurs, um geltende rechtliche Verpflichtungen zu erf\u00fcllen (einschlie\u00dflich der Beantwortung von Vorladungen, Durchsuchungsbefehlen und \u00e4hnlichen Anfragen), um geltende Nutzungsbedingungen oder Richtlinien durchzusetzen und um die Dienste, unsere Rechte und die Rechte unserer Nutzer oder anderer zu sch\u00fctzen oder zu verteidigen.<\/li>\n<\/ul>\n\n\n\n<h2 class=\"wp-block-heading\"><strong>Websites und Links von Drittanbietern<\/strong><strong><\/strong><\/h2>\n\n\n\n<p>Die Dienste k\u00f6nnen Links zu Websites oder anderen Online-Plattformen Dritter enthalten. Wenn Sie Links zu Websites folgen, die nicht mit uns verbunden oder von uns kontrolliert werden, sollten Sie deren Datenschutz- und Sicherheitsrichtlinien sowie Nutzungsbedingungen pr\u00fcfen. Wir \u00fcbernehmen keine Garantie f\u00fcr den Datenschutz oder die Sicherheit solcher Websites und sind daf\u00fcr nicht verantwortlich, einschlie\u00dflich der Richtigkeit, Vollst\u00e4ndigkeit oder Zuverl\u00e4ssigkeit der dort enthaltenen Informationen. Informationen, die Sie in \u00f6ffentlichen oder halb\u00f6ffentlichen Bereichen bereitstellen, einschlie\u00dflich Informationen, die Sie auf sozialen Netzwerken Dritter teilen, k\u00f6nnen von anderen Nutzern der Dienste und\/oder Nutzern dieser Plattformen Dritter ohne Einschr\u00e4nkung hinsichtlich ihrer Verwendung durch uns oder Dritte eingesehen werden. Die Bereitstellung solcher Links impliziert an sich keine Billigung der Inhalte dieser Plattformen oder ihrer Eigent\u00fcmer oder Betreiber, sofern in den Diensten nicht anders angegeben.<\/p>\n\n\n\n<h2 class=\"wp-block-heading\"><strong>Daten von Kindern<\/strong><strong><\/strong><\/h2>\n\n\n\n<p>Die Dienste sind nicht f\u00fcr Kinder bestimmt, und wir erfassen wissentlich keine personenbezogenen Daten von Kindern unter 16 Jahren. Sollten Sie Elternteil oder Erziehungsberechtigter eines Kindes sein, das uns seine personenbezogenen Daten \u00fcbermittelt hat, k\u00f6nnen Sie uns unter den unten angegebenen Kontaktdaten kontaktieren und die L\u00f6schung dieser Daten beantragen. Zum Zeitpunkt des Inkrafttretens dieser Datenschutzrichtlinie ist uns nicht bekannt, dass wir personenbezogene Daten von Personen unter 16 Jahren \u201cweitergeben\u201d oder \u201cverkaufen\u201d (gem\u00e4\u00df der Definition dieser Begriffe im geltenden Recht).<\/p>\n\n\n\n<h2 class=\"wp-block-heading\"><strong>Sicherheit und Aufbewahrung Ihrer Daten<\/strong><strong><\/strong><\/h2>\n\n\n\n<p>Bitte beachten Sie, dass keine Sicherheitsma\u00dfnahmen perfekt oder un\u00fcberwindbar sind und wir keine absolute Sicherheit garantieren k\u00f6nnen. Dar\u00fcber hinaus sind Ihre an uns \u00fcbermittelten Daten w\u00e4hrend der \u00dcbertragung m\u00f6glicherweise nicht sicher. Wir empfehlen Ihnen daher, f\u00fcr die \u00dcbermittlung sensibler oder vertraulicher Informationen keine ungesicherten Kan\u00e4le zu verwenden.<\/p>\n\n\n\n<p>Wie lange wir Ihre personenbezogenen Daten speichern, h\u00e4ngt von verschiedenen Faktoren ab, beispielsweise davon, ob wir die Informationen ben\u00f6tigen, um Ihr Konto zu verwalten, Ihnen Dienstleistungen bereitzustellen, rechtliche Verpflichtungen zu erf\u00fcllen, Streitigkeiten beizulegen oder andere anwendbare Vertr\u00e4ge und Richtlinien durchzusetzen.<\/p>\n\n\n\n<h2 class=\"wp-block-heading\"><strong>Ihre Rechte und Wahlm\u00f6glichkeiten<\/strong><strong><\/strong><\/h2>\n\n\n\n<p>Je nach Ihrem Wohnort haben Sie m\u00f6glicherweise einige oder alle der unten aufgef\u00fchrten Rechte in Bezug auf Ihre personenbezogenen Daten. Diese Rechte sind jedoch nicht uneingeschr\u00e4nkt, gelten unter Umst\u00e4nden nur unter bestimmten Umst\u00e4nden und in bestimmten F\u00e4llen k\u00f6nnen wir Ihre Anfrage im gesetzlich zul\u00e4ssigen Rahmen ablehnen.<\/p>\n\n\n\n<ul class=\"wp-block-list\">\n<li><strong>Recht auf Zugang \/ Information.<\/strong>&nbsp;M\u00f6glicherweise haben Sie das Recht, Auskunft \u00fcber Ihre bei uns gespeicherten personenbezogenen Daten zu verlangen.<\/li>\n\n\n\n<li><strong>Recht auf L\u00f6schung.<\/strong>&nbsp;Sie haben m\u00f6glicherweise das Recht, die L\u00f6schung Ihrer bei uns gespeicherten personenbezogenen Daten zu verlangen.<\/li>\n\n\n\n<li><strong>Recht auf Berichtigung.<\/strong>&nbsp;Sie haben m\u00f6glicherweise das Recht, von uns die Berichtigung unrichtiger personenbezogener Daten zu verlangen, die wir \u00fcber Sie speichern.<\/li>\n\n\n\n<li><strong>Recht auf Portabilit\u00e4t.<\/strong>&nbsp;Unter bestimmten Umst\u00e4nden und mit bestimmten Ausnahmen haben Sie m\u00f6glicherweise das Recht, eine Kopie der personenbezogenen Daten, die wir \u00fcber Sie speichern, zu erhalten und zu verlangen, dass wir diese an Dritte \u00fcbermitteln.<\/li>\n\n\n\n<li><strong>Recht auf Widerspruch gegen den Verkauf oder die Weitergabe von Daten f\u00fcr zielgerichtete Werbung.<\/strong>&nbsp;Je nach Ihrem Wohnsitz haben Sie m\u00f6glicherweise das Recht, dem \u201cVerkauf\u201d oder der \u201cWeitergabe\u201d Ihrer personenbezogenen Daten oder der Verarbeitung Ihrer personenbezogenen Daten zu Zwecken, die als \u201czielgerichtete Werbung\u201d im Sinne der geltenden Datenschutzgesetze gelten, zu widersprechen.<\/li>\n\n\n\n<li><strong>Verwaltung der Kommunikationspr\u00e4ferenzen.<\/strong>&nbsp;Wir senden Ihnen m\u00f6glicherweise Werbe-E-Mails. Sie k\u00f6nnen den Empfang dieser E-Mails jederzeit \u00fcber den in unseren E-Mails enthaltenen Abmeldelink beenden. Auch nach Ihrer Abmeldung senden wir Ihnen weiterhin nicht-werbliche E-Mails, beispielsweise zu Ihrem Konto oder Ihren Bestellungen.<\/li>\n<\/ul>\n\n\n\n<p><strong>Wenn Sie in Gro\u00dfbritannien oder im Europ\u00e4ischen Wirtschaftsraum wohnen,<\/strong>&nbsp;Vorbehaltlich der im lokalen Recht vorgesehenen Ausnahmen und Einschr\u00e4nkungen k\u00f6nnen Sie zus\u00e4tzlich zu den oben genannten Rechten folgende Rechte aus\u00fcben:<\/p>\n\n\n\n<ul class=\"wp-block-list\">\n<li><strong>Widerspruch gegen die Verarbeitung und Einschr\u00e4nkung der Verarbeitung:<\/strong>&nbsp;Sie haben m\u00f6glicherweise das Recht, uns aufzufordern, die Verarbeitung Ihrer personenbezogenen Daten f\u00fcr bestimmte Zwecke einzustellen oder einzuschr\u00e4nken.<\/li>\n\n\n\n<li><strong>Widerruf der Einwilligung:<\/strong>&nbsp;Wenn wir Ihre personenbezogenen Daten auf Grundlage Ihrer Einwilligung verarbeiten, haben Sie das Recht, diese Einwilligung zu widerrufen. Der Widerruf Ihrer Einwilligung ber\u00fchrt nicht die Rechtm\u00e4\u00dfigkeit der aufgrund Ihrer Einwilligung bis zum Widerruf erfolgten Datenverarbeitung.<\/li>\n<\/ul>\n\n\n\n<p>Sie k\u00f6nnen jedes dieser Rechte an der entsprechenden Stelle in den Diensten oder durch Kontaktaufnahme mit uns \u00fcber die unten angegebenen Kontaktdaten aus\u00fcben.<\/p>\n\n\n\n<p>Wir werden Sie nicht benachteiligen, wenn Sie eines dieser Rechte aus\u00fcben. Gem\u00e4\u00df geltendem Recht m\u00fcssen wir unter Umst\u00e4nden Ihre Identit\u00e4t \u00fcberpr\u00fcfen, bevor wir Ihre Anfragen bearbeiten k\u00f6nnen. Sie k\u00f6nnen gem\u00e4\u00df geltendem Recht eine bevollm\u00e4chtigte Person benennen, die in Ihrem Namen Anfragen zur Aus\u00fcbung Ihrer Rechte stellen kann. Bevor wir eine solche Anfrage einer bevollm\u00e4chtigten Person annehmen, ben\u00f6tigen wir von dieser einen Nachweis Ihrer Bevollm\u00e4chtigung und gegebenenfalls eine direkte Identit\u00e4tspr\u00fcfung durch Sie. Wir werden Ihre Anfrage innerhalb der gesetzlich vorgeschriebenen Frist beantworten.<\/p>\n\n\n\n<h2 class=\"wp-block-heading\"><strong>Beschwerden<\/strong><strong><\/strong><\/h2>\n\n\n\n<p>Wenn Sie Beschwerden dar\u00fcber haben, wie wir Ihre personenbezogenen Daten verarbeiten, kontaktieren Sie uns bitte \u00fcber die unten angegebenen Kontaktdaten. Je nach Ihrem Wohnsitz haben Sie m\u00f6glicherweise das Recht, gegen unsere Entscheidung Widerspruch einzulegen, indem Sie uns \u00fcber die unten angegebenen Kontaktdaten kontaktieren, oder Ihre Beschwerde bei Ihrer lokalen Datenschutzbeh\u00f6rde einzureichen. F\u00fcr den EWR finden Sie eine Liste der zust\u00e4ndigen Datenschutzaufsichtsbeh\u00f6rden. <a href=\"https:\/\/edpb.europa.eu\/about-edpb\/about-edpb\/members\" target=\"_blank\" rel=\"noopener\"><u>Hier<\/u><\/a>.<\/p>\n\n\n\n<h2 class=\"wp-block-heading\"><strong>Internationale \u00dcberweisungen<\/strong><strong><\/strong><\/h2>\n\n\n\n<p>Bitte beachten Sie, dass wir Ihre personenbezogenen Daten gegebenenfalls auch au\u00dferhalb Ihres Wohnsitzlandes \u00fcbermitteln, speichern und verarbeiten.<\/p>\n\n\n\n<p>Wenn wir Ihre personenbezogenen Daten aus dem Europ\u00e4ischen Wirtschaftsraum oder dem Vereinigten K\u00f6nigreich \u00fcbermitteln, st\u00fctzen wir uns auf anerkannte \u00dcbermittlungsmechanismen wie die Standardvertragsklauseln der Europ\u00e4ischen Kommission oder gleichwertige Vertr\u00e4ge, die von der zust\u00e4ndigen Beh\u00f6rde des Vereinigten K\u00f6nigreichs ausgestellt wurden, es sei denn, die Daten\u00fcbermittlung erfolgt in ein Land, das nachweislich ein angemessenes Schutzniveau bietet.<\/p>\n\n\n\n<h2 class=\"wp-block-heading\"><strong>\u00c4nderungen dieser Datenschutzrichtlinie<\/strong><strong><\/strong><\/h2>\n\n\n\n<p>Wir k\u00f6nnen diese Datenschutzrichtlinie von Zeit zu Zeit aktualisieren, beispielsweise um \u00c4nderungen unserer Vorgehensweisen oder andere betriebliche, rechtliche oder regulatorische Gr\u00fcnde zu ber\u00fccksichtigen. Die \u00fcberarbeitete Datenschutzrichtlinie wird auf dieser Website ver\u00f6ffentlicht, das Datum der letzten Aktualisierung angepasst und die gesetzlich vorgeschriebenen Hinweise gegeben.<\/p>\n\n\n\n<h2 class=\"wp-block-heading\"><strong>Kontakt<\/strong><strong><\/strong><\/h2>\n\n\n\n<p>Sollten Sie Fragen zu unseren Datenschutzpraktiken oder dieser Datenschutzerkl\u00e4rung haben oder Ihre Rechte aus\u00fcben wollen, kontaktieren Sie uns bitte telefonisch oder per E-Mail unter Info@MountLaser.COM oder per Post unter folgender Adresse: Lijia Town, Wujin District, Changzhou, 213165, China. Im Sinne der geltenden Datenschutzgesetze sind wir der Verantwortliche f\u00fcr Ihre personenbezogenen Daten.<\/p>\n\n\n\n<p>Letzte Aktualisierung: 23. September 2025<\/p>\n\n\n\n<p><\/p>","protected":false},"excerpt":{"rendered":"<p>Privacy Policy Mount Laser operates this store and website, including all related information, content, features, tools, products and services, in order to provide you, the customer, with a curated shopping experience (the &#8220;Services&#8221;). This Privacy Policy describes how we collect, use, and disclose your personal information when you visit, use, or make a purchase or [&hellip;]<\/p>\n","protected":false},"author":1,"featured_media":0,"parent":0,"menu_order":0,"comment_status":"closed","ping_status":"open","template":"","meta":{"footnotes":""},"class_list":["post-1596","page","type-page","status-publish","hentry"],"blocksy_meta":[],"_links":{"self":[{"href":"https:\/\/mountlaser.com\/de\/wp-json\/wp\/v2\/pages\/1596","targetHints":{"allow":["GET"]}}],"collection":[{"href":"https:\/\/mountlaser.com\/de\/wp-json\/wp\/v2\/pages"}],"about":[{"href":"https:\/\/mountlaser.com\/de\/wp-json\/wp\/v2\/types\/page"}],"author":[{"embeddable":true,"href":"https:\/\/mountlaser.com\/de\/wp-json\/wp\/v2\/users\/1"}],"replies":[{"embeddable":true,"href":"https:\/\/mountlaser.com\/de\/wp-json\/wp\/v2\/comments?post=1596"}],"version-history":[{"count":1,"href":"https:\/\/mountlaser.com\/de\/wp-json\/wp\/v2\/pages\/1596\/revisions"}],"predecessor-version":[{"id":2048,"href":"https:\/\/mountlaser.com\/de\/wp-json\/wp\/v2\/pages\/1596\/revisions\/2048"}],"wp:attachment":[{"href":"https:\/\/mountlaser.com\/de\/wp-json\/wp\/v2\/media?parent=1596"}],"curies":[{"name":"wp","href":"https:\/\/api.w.org\/{rel}","templated":true}]}}