{"id":3347,"date":"2025-11-05T01:45:32","date_gmt":"2025-11-05T01:45:32","guid":{"rendered":"https:\/\/mountlaser.com\/?post_type=product&#038;p=3347"},"modified":"2025-11-28T02:35:32","modified_gmt":"2025-11-28T02:35:32","slug":"rap001-002-right-angle-prism","status":"publish","type":"product","link":"https:\/\/mountlaser.com\/ar\/product\/rap001-002-right-angle-prism\/","title":{"rendered":"RAP001\/002 \u0645\u0646\u0634\u0648\u0631 \u0642\u0627\u0626\u0645 \u0627\u0644\u0632\u0627\u0648\u064a\u0629"},"content":{"rendered":"<p>\u0627\u0644\u0645\u0648\u0634\u0648\u0631 \u0630\u0648 \u0627\u0644\u0632\u0627\u0648\u064a\u0629 \u0627\u0644\u0642\u0627\u0626\u0645\u0629 RAP001 \u0647\u0648 \u0645\u0648\u0634\u0648\u0631 \u0645\u0635\u0645\u0645 \u0628\u062f\u0642\u0629 \u0639\u0627\u0644\u064a\u0629 <a href=\"https:\/\/mountlaser.com\/ar\/\"><strong>\u0645\u0646\u0634\u0648\u0631 \u0642\u0627\u0626\u0645 \u0627\u0644\u0632\u0627\u0648\u064a\u0629<\/strong><\/a> \u0645\u0635\u0645\u0645 \u0644\u062a\u062d\u0642\u064a\u0642 \u0627\u0646\u0639\u0643\u0627\u0633 \u062f\u0642\u064a\u0642 \u0628\u0632\u0627\u0648\u064a\u0629 90 \u062f\u0631\u062c\u0629 \u0648\u0645\u062d\u0627\u0630\u0627\u0629 \u0645\u062b\u0627\u0644\u064a\u0629 \u0641\u064a \u062a\u0637\u0628\u064a\u0642\u0627\u062a \u0627\u0644\u0645\u0633\u062d \u0648\u0627\u0644\u0647\u0646\u062f\u0633\u0629. \u0635\u063a\u064a\u0631 \u0627\u0644\u062d\u062c\u0645 \u0648\u0644\u0643\u0646\u0647 \u0645\u062a\u064a\u0646. <a href=\"https:\/\/mountlaser.com\/ar\/products\/\"><strong>RAP001 \u0645\u0646\u0634\u0648\u0631 \u0642\u0627\u0626\u0645 \u0627\u0644\u0632\u0627\u0648\u064a\u0629 \u0645\u0641\u0631\u062f<\/strong><\/a> \u064a\u0636\u0645\u0646 \u0625\u0639\u0627\u062f\u0629 \u062a\u0648\u062c\u064a\u0647 \u0628\u0635\u0631\u064a \u0645\u0648\u062b\u0648\u0642 \u0639\u0646\u062f \u0627\u0644\u0639\u0645\u0644 \u0641\u064a \u0627\u0644\u0645\u0646\u0627\u0637\u0642 \u0627\u0644\u0636\u064a\u0642\u0629 \u0623\u0648 \u0627\u0644\u0645\u0639\u064a\u0642\u0629\u060c \u0645\u0645\u0627 \u064a\u062c\u0639\u0644\u0647 \u0645\u062b\u0627\u0644\u064a\u0627\u064b \u0644\u0645\u0647\u0627\u0645 \u0627\u0644\u0645\u062d\u0637\u0629 \u0627\u0644\u0634\u0627\u0645\u0644\u0629 \u0648\u0645\u0631\u0627\u0642\u0628\u0629 \u0627\u0644\u062a\u0634\u0648\u0647.<\/p>\n<p>\u0647\u0630\u0627 <a href=\"https:\/\/mountlaser.com\/ar\/contact-us\/\">\u0645\u0646\u0634\u0648\u0631 \u0642\u0627\u0626\u0645 \u0627\u0644\u0632\u0627\u0648\u064a\u0629<\/a> \u064a\u062a\u0645\u064a\u0632 \u0647\u0630\u0627 \u0627\u0644\u062c\u0647\u0627\u0632 \u0628\u0639\u0646\u0635\u0631 \u0628\u0635\u0631\u064a \u0628\u0623\u0628\u0639\u0627\u062f 26.8\u00d726.8\u00d737.9\u00d710 \u0645\u0645\u060c \u0645\u064f\u063a\u0644\u0651\u0641 \u0628\u063a\u0644\u0627\u0641 \u0645\u0639\u062f\u0646\u064a \u0628\u0642\u0637\u0631 15 \u0645\u0645\u060c \u0645\u0645\u0627 \u064a\u0648\u0641\u0631 \u062f\u0642\u0629 \u062a\u0642\u0644 \u0639\u0646 8 \u062b\u0648\u0627\u0646\u064d \u0642\u0648\u0633\u064a\u0629 \u0644\u0642\u064a\u0627\u0633\u0627\u062a \u0632\u0627\u0648\u064a\u0629 \u062f\u0642\u064a\u0642\u0629. \u064a\u0648\u0641\u0631 \u0645\u0642\u0628\u0636\u0647 \u0627\u0644\u0645\u0631\u064a\u062d \u0628\u0637\u0648\u0644 62 \u0645\u0645 \u0642\u0628\u0636\u0629 \u0645\u0631\u064a\u062d\u0629 (\u0642\u0637\u0631 \u062f\u0627\u062e\u0644\u064a 10 \u0645\u0645 \/ \u0642\u0637\u0631 \u062e\u0627\u0631\u062c\u064a 15 \u0645\u0645)\u060c \u0643\u0645\u0627 \u064a\u062a\u064a\u062d \u0641\u062a\u062d\u0629 \u0627\u062e\u062a\u064a\u0627\u0631\u064a\u0629 \u0644\u062e\u064a\u0637 \u0627\u0644\u0634\u0627\u0642\u0648\u0644 \u0633\u0647\u0648\u0644\u0629 \u0627\u0644\u0645\u062d\u0627\u0630\u0627\u0629 \u0627\u0644\u0631\u0623\u0633\u064a\u0629 \u0641\u064a \u0627\u0644\u0645\u064a\u062f\u0627\u0646. \u0648\u064a\u0636\u0645\u0646 \u062c\u0631\u0627\u0628 \u062c\u0644\u062f\u064a \u0635\u0646\u0627\u0639\u064a \u0639\u0627\u0644\u064a \u0627\u0644\u062c\u0648\u062f\u0629 \u0645\u0632\u0648\u062f \u0628\u062d\u0644\u0642\u0629 \u062d\u0632\u0627\u0645 \u0627\u0644\u062d\u0645\u0627\u064a\u0629 \u0648\u0633\u0647\u0648\u0644\u0629 \u0627\u0644\u062d\u0645\u0644.<\/p>\n<figure id=\"attachment_3349\" aria-describedby=\"caption-attachment-3349\" style=\"width: 500px\" class=\"wp-caption aligncenter\"><img fetchpriority=\"high\" decoding=\"async\" class=\"wp-image-3349\" src=\"https:\/\/mountlaser.com\/wp-content\/uploads\/2025\/11\/3-4RAP0012.webp\" alt=\"RAP001 Single Right Angle Prism\" width=\"500\" height=\"500\" srcset=\"https:\/\/mountlaser.com\/wp-content\/uploads\/2025\/11\/3-4RAP0012.webp 1000w, https:\/\/mountlaser.com\/wp-content\/uploads\/2025\/11\/3-4RAP0012-300x300.webp 300w, https:\/\/mountlaser.com\/wp-content\/uploads\/2025\/11\/3-4RAP0012-400x400.webp 400w, https:\/\/mountlaser.com\/wp-content\/uploads\/2025\/11\/3-4RAP0012-800x800.webp 800w, https:\/\/mountlaser.com\/wp-content\/uploads\/2025\/11\/3-4RAP0012-600x600.webp 600w, https:\/\/mountlaser.com\/wp-content\/uploads\/2025\/11\/3-4RAP0012-150x150.webp 150w, https:\/\/mountlaser.com\/wp-content\/uploads\/2025\/11\/3-4RAP0012-768x768.webp 768w, https:\/\/mountlaser.com\/wp-content\/uploads\/2025\/11\/3-4RAP0012-12x12.webp 12w\" sizes=\"(max-width: 500px) 100vw, 500px\" \/><figcaption id=\"caption-attachment-3349\" class=\"wp-caption-text\">RAP001 \u0645\u0646\u0634\u0648\u0631 \u0642\u0627\u0626\u0645 \u0627\u0644\u0632\u0627\u0648\u064a\u0629 \u0645\u0641\u0631\u062f<\/figcaption><\/figure>\n<figure id=\"attachment_3356\" aria-describedby=\"caption-attachment-3356\" style=\"width: 500px\" class=\"wp-caption aligncenter\"><img decoding=\"async\" class=\"wp-image-3356\" src=\"https:\/\/mountlaser.com\/wp-content\/uploads\/2025\/11\/3-5RAP0021.webp\" alt=\"RAP002 right angle prism\" width=\"500\" height=\"500\" srcset=\"https:\/\/mountlaser.com\/wp-content\/uploads\/2025\/11\/3-5RAP0021.webp 1000w, https:\/\/mountlaser.com\/wp-content\/uploads\/2025\/11\/3-5RAP0021-300x300.webp 300w, https:\/\/mountlaser.com\/wp-content\/uploads\/2025\/11\/3-5RAP0021-400x400.webp 400w, https:\/\/mountlaser.com\/wp-content\/uploads\/2025\/11\/3-5RAP0021-800x800.webp 800w, https:\/\/mountlaser.com\/wp-content\/uploads\/2025\/11\/3-5RAP0021-600x600.webp 600w, https:\/\/mountlaser.com\/wp-content\/uploads\/2025\/11\/3-5RAP0021-150x150.webp 150w, https:\/\/mountlaser.com\/wp-content\/uploads\/2025\/11\/3-5RAP0021-768x768.webp 768w, https:\/\/mountlaser.com\/wp-content\/uploads\/2025\/11\/3-5RAP0021-12x12.webp 12w\" sizes=\"(max-width: 500px) 100vw, 500px\" \/><figcaption id=\"caption-attachment-3356\" class=\"wp-caption-text\">\u0645\u0646\u0634\u0648\u0631 \u0642\u0627\u0626\u0645 \u0627\u0644\u0632\u0627\u0648\u064a\u0629 RAP002<\/figcaption><\/figure>\n<p>\u0644\u062a\u0639\u0632\u064a\u0632 \u0627\u0644\u062a\u0646\u0648\u0639\u060c \u064a\u062a\u064a\u062d \u0625\u0635\u062f\u0627\u0631 RAP002 \u0630\u0648 \u0627\u0644\u0645\u0646\u0634\u0648\u0631 \u0627\u0644\u0645\u0632\u062f\u0648\u062c \u0628\u0632\u0627\u0648\u064a\u0629 \u0642\u0627\u0626\u0645\u0629 \u0642\u064a\u0627\u0633\u0627\u062a \u0628\u0632\u0627\u0648\u064a\u0629 90\u00b0 \u0648180\u00b0\u060c \u0648\u064a\u062a\u0645\u064a\u0632 \u0628\u0639\u062f\u0633\u0629 \u0645\u0631\u0643\u0632\u064a\u0629 \u0643\u0628\u064a\u0631\u0629 \u0648\u063a\u0637\u0627\u0621 \u062f\u0648\u0627\u0631. \u0643\u0645\u0627 \u062a\u062a\u0648\u0641\u0631 \u0625\u0645\u0643\u0627\u0646\u064a\u0629 \u0627\u0644\u062a\u062e\u0635\u064a\u0635 \u0645\u0646 \u0642\u0650\u0628\u0644 \u0627\u0644\u0634\u0631\u0643\u0627\u062a \u0627\u0644\u0645\u0635\u0646\u0639\u0629 \u0627\u0644\u0623\u0635\u0644\u064a\u0629 \u0644\u062a\u0644\u0628\u064a\u0629 \u0627\u062d\u062a\u064a\u0627\u062c\u0627\u062a \u0627\u0644\u0645\u0631\u0627\u0642\u0628\u0629 \u0627\u0644\u0645\u062a\u062e\u0635\u0635\u0629 \u0623\u0648 \u0645\u062d\u0627\u0630\u0627\u0629 \u0627\u0644\u0645\u0646\u0634\u0622\u062a \u0627\u0644\u0635\u0646\u0627\u0639\u064a\u0629.<\/p>","protected":false},"excerpt":{"rendered":"<ul>\n<li>\u0644\u0645\u062d\u0637\u0627\u062a \u0627\u0644\u0631\u0635\u062f \u0627\u0644\u0634\u0627\u0645\u0644\u0629 \u0648\u0623\u0646\u0638\u0645\u0629 \u0627\u0644\u0645\u062d\u0627\u0630\u0627\u0629<\/li>\n<li>\u062a\u0631\u0643\u064a\u0628 \u0635\u063a\u064a\u0631 \u0627\u0644\u062d\u062c\u0645 \u0641\u064a \u0627\u0644\u0645\u0633\u0627\u062d\u0627\u062a \u0627\u0644\u0645\u062d\u062f\u0648\u062f\u0629<\/li>\n<li>\u0645\u0647\u0627\u0645 \u0627\u0644\u0645\u0631\u0627\u0642\u0628\u0629 \u0637\u0648\u064a\u0644\u0629 \u0627\u0644\u0623\u062c\u0644 \u0648\u0645\u0648\u0627\u0621\u0645\u0629 \u0627\u0644\u0625\u0646\u0634\u0627\u0621\u0627\u062a<\/li>\n<li>\u0633\u0647\u0648\u0644\u0629 \u0636\u0628\u0637 \u0627\u0644\u0645\u0648\u0642\u0639 \u0628\u0641\u0636\u0644 \u0627\u0644\u062a\u0648\u0627\u0641\u0642 \u0645\u0639 \u062e\u064a\u0637 \u0627\u0644\u0634\u0627\u0642\u0648\u0644<\/li>\n<\/ul>","protected":false},"featured_media":3356,"comment_status":"open","ping_status":"closed","template":"","meta":[],"product_brand":[],"product_cat":[72,112],"product_tag":[],"class_list":{"0":"post-3347","1":"product","2":"type-product","3":"status-publish","4":"has-post-thumbnail","6":"product_cat-reflective-target-prism","7":"product_cat-monitoring-prism","9":"first","10":"instock","11":"shipping-taxable","12":"product-type-simple"},"_links":{"self":[{"href":"https:\/\/mountlaser.com\/ar\/wp-json\/wp\/v2\/product\/3347","targetHints":{"allow":["GET"]}}],"collection":[{"href":"https:\/\/mountlaser.com\/ar\/wp-json\/wp\/v2\/product"}],"about":[{"href":"https:\/\/mountlaser.com\/ar\/wp-json\/wp\/v2\/types\/product"}],"replies":[{"embeddable":true,"href":"https:\/\/mountlaser.com\/ar\/wp-json\/wp\/v2\/comments?post=3347"}],"wp:featuredmedia":[{"embeddable":true,"href":"https:\/\/mountlaser.com\/ar\/wp-json\/wp\/v2\/media\/3356"}],"wp:attachment":[{"href":"https:\/\/mountlaser.com\/ar\/wp-json\/wp\/v2\/media?parent=3347"}],"wp:term":[{"taxonomy":"product_brand","embeddable":true,"href":"https:\/\/mountlaser.com\/ar\/wp-json\/wp\/v2\/product_brand?post=3347"},{"taxonomy":"product_cat","embeddable":true,"href":"https:\/\/mountlaser.com\/ar\/wp-json\/wp\/v2\/product_cat?post=3347"},{"taxonomy":"product_tag","embeddable":true,"href":"https:\/\/mountlaser.com\/ar\/wp-json\/wp\/v2\/product_tag?post=3347"}],"curies":[{"name":"wp","href":"https:\/\/api.w.org\/{rel}","templated":true}]}}